{"id":1012,"date":"2023-04-16T04:54:00","date_gmt":"2023-04-16T01:54:00","guid":{"rendered":"https:\/\/crystalyachting.com.tr\/?page_id=1012"},"modified":"2023-04-16T04:54:26","modified_gmt":"2023-04-16T01:54:26","slug":"tekne-rezervasyon","status":"publish","type":"page","link":"https:\/\/crystalyachting.com.tr\/index.php\/tekne-rezervasyon\/","title":{"rendered":"Tekne Rezervasyon"},"content":{"rendered":"\n<div class=\"row\"  id=\"row-102116049\">\n\n\n\t<div id=\"col-606977447\" class=\"col small-12 large-12\"  >\n\t\t\t\t<div class=\"col-inner\"  >\n\t\t\t\n\t\t\t\n\n<div style=\"display:none\" class=\"fm-form-container fm-theme1\"><div id=\"fm-pages1\" class=\"fm-pages wdform_page_navigation \" show_title=\"\" show_numbers=\"1\" type=\"none\"><\/div><form name=\"form1\" action=\"\/index.php\/wp-json\/wp\/v2\/pages\/1012\" method=\"post\" id=\"form1\" class=\"fm-form form1  \" enctype=\"multipart\/form-data\"><input type=\"hidden\" id=\"fm_page_id1\" value=\"1012\" name=\"fm_page_id1\" \/><input type=\"hidden\" id=\"fm_current_post_type1\" value=\"page\" name=\"fm_current_post_type1\" \/><input type=\"hidden\" id=\"counter1\" value=\"11\" name=\"counter1\" \/><input type=\"hidden\" id=\"Itemid1\" value=\"\" name=\"Itemid1\" \/><input type=\"hidden\" id=\"fm_shake1\" value=\"1\" name=\"fm_shake1\" \/><input type=\"text\" class=\"fm-hide\" id=\"fm_empty_field_validation1\" value=\"\" name=\"fm_empty_field_validation1\" data-value=\"bd736efb144d599cf463541431fbf5c4\" \/><div class=\"fm-header-bg\"><div class=\"fm-header \"><div class=\"fm-header-text\">          <div class=\"fm-header-title\">            Tekne Kiralama          <\/div>          <div class=\"fm-header-description\">            Taleplerinizi bize iletin size en k\u0131sa s\u00fcrede d\u00f6n\u00fc\u015f sa\u011flayaca\u011f\u0131z. Dilerseniz ileti\u015fim bilgilerimizden bize ula\u015fabilirsiniz.          <\/div>        <\/div><\/div><\/div><div class=\"wdform-page-and-images fm-form-builder\"><div id=\"1form_view1\" class=\"wdform_page\" page_title=\"Untitled page\" next_title=\"Next\" next_type=\"text\" next_class=\"wdform-page-button\" next_checkable=\"true\" previous_title=\"Previous\" previous_type=\"text\" previous_class=\"wdform-page-button\" previous_checkable=\"false\"><div class=\"wdform_section\"><div class=\"wdform_column\"><div wdid=\"2\" class=\"wdform_row\" style=\"position: relative; left: 0px; top: 0px;\"><div type=\"type_text\" class=\"wdform-field wd-width-100 wd-flex wd-flex-column fm-type_text\" ><div class=\"wdform-label-section wd-width-100  wd-flex-row wd-align-items-center\">    <label  for=\"wdform_2_element1\" class=\"wdform-label\">\u0130sim<\/label><span class=\"wdform-required\">*<\/span><\/div><div class=\"wdform-element-section wd-flex  wd-flex-row wd-align-items-center wd-width-100\" ><input type=\"text\"                           class=\"wd-width-100\"                           id=\"wdform_2_element1\"                           name=\"wdform_2_element1\"                           value=\"\"                           title=\"\"                           placeholder=\"\"                                                       \/><\/div><\/div><\/div><\/div><div class=\"wdform_column\"><div wdid=\"3\" class=\"wdform_row\"><div type=\"type_submitter_mail\" class=\"wdform-field wd-width-100 wd-flex wd-flex-column fm-type_submitter_mail\" ><div class=\"wdform-label-section wd-width-100  wd-flex-row\">    <label  for=\"wdform_3_element1\" class=\"wdform-label\">Email<\/label><span class=\"wdform-required\">*<\/span><\/div><div class=\"wdform-element-section wd-flex  wd-flex-row wd-width-100\" ><input type=\"text\" class=\"wd-width-100\" id=\"wdform_3_element1\" name=\"wdform_3_element1\" value=\"\" title=\"\" placeholder=\"\"   onchange=\"wd_check_email('3', '1', 'Bu ge\u00e7erli bir e-posta adresi de\u011fil.')\" \/><\/div><\/div><\/div><\/div><div class=\"wdform_column\"><div wdid=\"8\" class=\"wdform_row\" style=\"position: relative; left: 0px; top: 0px;\"><div type=\"type_text\" class=\"wdform-field wd-width-100 wd-flex wd-flex-column fm-type_text\" ><div class=\"wdform-label-section wd-width-100  wd-flex-row wd-align-items-center\">    <label  for=\"wdform_8_element1\" class=\"wdform-label\">Telefon<\/label><span class=\"wdform-required\">*<\/span><\/div><div class=\"wdform-element-section wd-flex  wd-flex-row wd-align-items-center wd-width-100\" ><input type=\"text\"                           class=\"wd-width-100\"                           id=\"wdform_8_element1\"                           name=\"wdform_8_element1\"                           value=\"\"                           title=\"\"                           placeholder=\"\"                                                       \/><\/div><\/div><\/div><\/div><div class=\"wdform_column\"><div wdid=\"6\" class=\"wdform_row\" style=\"position: relative; left: 0px; top: 0px;\"><div type=\"type_own_select\" class=\"wdform-field wd-width-100 wd-flex wd-flex-column fm-type_own_select\" ><div class=\"wdform-label-section wd-width-100 wdform_select wd-flex-row\">    <label  for=\"wdform_6_element1\" class=\"wdform-label\">Size hangi hizmetimiz i\u00e7in yard\u0131mc\u0131 olal\u0131m?<\/label><\/div><div class=\"wdform-element-section wd-flex wdform_select wd-flex-row wd-width-100\" ><select class=\"wd-width-100\" id=\"wdform_6_element1\" name=\"wdform_6_element1\" ><option value=\"Hizmet Se\u00e7in\" selected=\"selected\">Hizmet Se\u00e7in<\/option><option value=\"Bo\u011faz Turu\" >Bo\u011faz Turu<\/option><option value=\"Adalar Turu\" >Adalar Turu<\/option><option value=\"Uzun S\u00fcreli Yat Kiralama\" >Uzun S\u00fcreli Yat Kiralama<\/option><option value=\"Mezuniyet\" >Mezuniyet<\/option><option value=\"Do\u011fum G\u00fcn\u00fc\" >Do\u011fum G\u00fcn\u00fc<\/option><option value=\"\u0130\u015f Toplant\u0131s\u0131\" >\u0130\u015f Toplant\u0131s\u0131<\/option><option value=\"Y\u0131l D\u00f6n\u00fcm\u00fc\" >Y\u0131l D\u00f6n\u00fcm\u00fc<\/option><option value=\"Y\u00fczme Turu\" >Y\u00fczme Turu<\/option><option value=\"D\u00fc\u011f\u00fcn,Ni\u015fan,K\u0131na\" >D\u00fc\u011f\u00fcn,Ni\u015fan,K\u0131na<\/option><\/select><\/div><\/div><\/div><\/div><div class=\"wdform_column\"><div wdid=\"9\" class=\"wdform_row\" style=\"position: relative; left: 0px; top: 0px;\"><div type=\"type_spinner\" class=\"wdform-field wd-width-100 wd-flex wd-flex-column fm-type_spinner\" ><div class=\"wdform-label-section wd-width-100  wd-flex-row\">    <label  for=\"wdform_9_element1\" class=\"wdform-label\">Ki\u015fi Say\u0131s\u0131<\/label><\/div><div class=\"wdform-element-section wd-flex  wd-flex-row wd-width-100\" ><input                            name=\"wdform_9_element1\"                            id=\"wdform_9_element1\"                            class=\"wd-type-number\"                            onkeyup=\"wd_validate(this)\"                            data-valid-type=\"number\"                            data-form-id=\"1\"                            data-wdid=\"9\"                            style=\"width: 60px;\"                            value=\"\"                             \/><\/div><\/div><\/div><\/div><div class=\"wdform_column\"><div wdid=\"10\" class=\"wdform_row\" style=\"position: relative; left: 0px; top: 0px;\"><div type=\"type_own_select\" class=\"wdform-field wd-width-100 wd-flex wd-flex-column fm-type_own_select\" ><div class=\"wdform-label-section wd-width-100 wdform_select wd-flex-row\">    <label  for=\"wdform_10_element1\" class=\"wdform-label\">Yemekli- Yemeksiz<\/label><\/div><div class=\"wdform-element-section wd-flex wdform_select wd-flex-row wd-width-100\" ><select class=\"wd-width-100\" id=\"wdform_10_element1\" name=\"wdform_10_element1\" ><option value=\"Se\u00e7iniz\" selected=\"selected\">Se\u00e7iniz<\/option><option value=\"Yemekli\" >Yemekli<\/option><option value=\"Yemeksiz\" >Yemeksiz<\/option><option value=\"Kokteyl\" >Kokteyl<\/option><\/select><\/div><\/div><\/div><\/div><div class=\"wdform_column\"><div wdid=\"5\" class=\"wdform_row\"><div type=\"type_textarea\" class=\"wdform-field wd-width-100 wd-flex wd-flex-column fm-type_textarea\" ><div class=\"wdform-label-section wd-width-100 \">    <label  for=\"wdform_5_element1\" class=\"wdform-label\">Not Ekle<\/label><span class=\"wdform-required\">*<\/span><\/div><div class=\"wdform-element-section wd-flex  wd-width-100\" ><textarea class=\"wd-width-100\"                      id=\"wdform_5_element1\"                      name=\"wdform_5_element1\"                      placeholder=\"\"                      maxlength=\"\"                      style=\"height: 100px;\"                      ><\/textarea><\/div><\/div><\/div><\/div><div class=\"wdform_column\"><div wdid=\"1\" class=\"wdform_row\" style=\"position: relative; left: 0px; top: 0px;\"><div type=\"type_submit_reset\" class=\"wdform-field wd-width-100 wd-flex wd-flex-column fm-type_submit_reset\" ><div class=\"wdform-element-section wd-flex  wd-flex-row wd-justify-content-left wd-width-100\" ><button  type=\"button\" class=\"button-submit\" onclick=\"fm_submit_form('1');\"  data-ajax=\"0\"><span class=\"fm-submit-loading spinner fm-ico-spinner\"><\/span>G\u00f6nder<\/button><button  type=\"button\" class=\"button-reset wd-hidden\" onclick=\"fm_reset_form(1);\" >Reset<\/button><\/div><\/div><\/div><\/div><\/div><div valign=\"top\" class=\"wdform_footer wd-width-100\"><div class=\"wd-width-100\"><div class=\"wd-width-100 wd-table\" style=\"padding-top:10px;\"><div class=\"wd-table-group\"><div id=\"1page_nav1\" class=\"wd-table-row\"><\/div><\/div><\/div><\/div><\/div><\/div><\/div><div class=\"wdform_preload\"><\/div><input type=\"hidden\" name=\"fm-current-page\" value=\"https:\/\/crystalyachting.com.tr\/index.php\/wp-json\/wp\/v2\/pages\/1012\" \/><\/form><\/div>\n\n\n\t\t<\/div>\n\t\t\t\t\t<\/div>\n\n\t\n\n<\/div>\n\n","protected":false},"excerpt":{"rendered":"","protected":false},"author":1,"featured_media":0,"parent":0,"menu_order":0,"comment_status":"closed","ping_status":"closed","template":"","meta":{"footnotes":""},"class_list":["post-1012","page","type-page","status-publish","hentry"],"_links":{"self":[{"href":"https:\/\/crystalyachting.com.tr\/index.php\/wp-json\/wp\/v2\/pages\/1012","targetHints":{"allow":["GET"]}}],"collection":[{"href":"https:\/\/crystalyachting.com.tr\/index.php\/wp-json\/wp\/v2\/pages"}],"about":[{"href":"https:\/\/crystalyachting.com.tr\/index.php\/wp-json\/wp\/v2\/types\/page"}],"author":[{"embeddable":true,"href":"https:\/\/crystalyachting.com.tr\/index.php\/wp-json\/wp\/v2\/users\/1"}],"replies":[{"embeddable":true,"href":"https:\/\/crystalyachting.com.tr\/index.php\/wp-json\/wp\/v2\/comments?post=1012"}],"version-history":[{"count":2,"href":"https:\/\/crystalyachting.com.tr\/index.php\/wp-json\/wp\/v2\/pages\/1012\/revisions"}],"predecessor-version":[{"id":1014,"href":"https:\/\/crystalyachting.com.tr\/index.php\/wp-json\/wp\/v2\/pages\/1012\/revisions\/1014"}],"wp:attachment":[{"href":"https:\/\/crystalyachting.com.tr\/index.php\/wp-json\/wp\/v2\/media?parent=1012"}],"curies":[{"name":"wp","href":"https:\/\/api.w.org\/{rel}","templated":true}]}}