{"id":1097,"date":"2023-04-20T10:20:32","date_gmt":"2023-04-20T07:20:32","guid":{"rendered":"https:\/\/crystalyachting.com.tr\/?page_id=1097"},"modified":"2023-05-08T22:47:16","modified_gmt":"2023-05-08T19:47:16","slug":"sertifikasiz-gunu-birlik-yelkenli-yatcilikla-tanisalim-pratik-egitimi","status":"publish","type":"page","link":"https:\/\/crystalyachting.com.tr\/index.php\/sertifikasiz-gunu-birlik-yelkenli-yatcilikla-tanisalim-pratik-egitimi\/","title":{"rendered":"Sertifikas\u0131z G\u00fcn\u00fc Birlik Yelkenli Yat\u00e7\u0131l\u0131kla Tan\u0131\u015fal\u0131m Pratik E\u011fitimi"},"content":{"rendered":"\n<div class=\"row\"  id=\"row-99989170\">\n\n\n\t<div id=\"col-633754194\" class=\"col small-12 large-12\"  >\n\t\t\t\t<div class=\"col-inner\"  >\n\t\t\t\n\t\t\t\n\n<p>\u00a0<\/p>\n<p>Bu e\u011fitim, tatilinin k\u0131sa bir b\u00f6l\u00fcm\u00fcn\u00fc yelkenli yat\u00e7\u0131l\u0131kla tan\u0131\u015f\u0131p tekne kullan\u0131m prati\u011fine a\u015fina olmak isteyenler i\u00e7in sundu\u011fumuz sertifikas\u0131z, turizm ama\u00e7l\u0131 sportif bir faaliyettir.<\/p>\n<ul>\n<li>Yelkenli tekne tan\u0131t\u0131m\u0131, limana yana\u015fma\/ayr\u0131lma, seyir haritas\u0131 okuma, genel denizcilik terimleri, demir atma\/alma, yelkenli seyir teorisi ve tecr\u00fcbesi, denizde \u00e7at\u0131\u015fmay\u0131 \u00f6nleme gibi teorik ve pratik bilgileri i\u00e7eren, Fethiye-G\u00f6cek koylar\u0131 parkurlu, turkuaz denizin tad\u0131n\u0131 \u00e7\u0131kartma f\u0131rsat\u0131 da bulaca\u011f\u0131n\u0131z g\u00fcn\u00fcbirlik konaklamas\u0131z veya konaklamal\u0131 e\u011fitim faaliyet alternatiflerimiz ve 2023 y\u0131l\u0131 fiyatlar\u0131m\u0131z a\u015fa\u011f\u0131daki gibidir: <strong><em>(listeyi daha okunabilir \u015fekilde g\u00f6rebilmek i\u00e7in telefonunuzu yan \u00e7eviriniz)<\/em><\/strong><\/li>\n<\/ul>\n<p>\u00a0 \u00a0 \u00a0 \u00a0 \u00a0 <strong>S\u00dcRE<\/strong>\u00a0 \u00a0 \u00a0 \u00a0 \u00a0 \u00a0 \u00a0 \u00a0 \u00a0 \u00a0 \u00a0 \u00a0 \u00a0 \u00a0 \u00a0 \u00a0 \u00a0<strong>TOPLAM F\u0130YAT<\/strong>\u00a0 \u00a0 \u00a0 \u00a0 \u00a0 \u00a0 \u00a0 <strong>A\u00c7IKLAMA<\/strong><\/p>\n<ul>\n<li>G\u00fcn\u00fcbirlik, konaklamas\u0131z\u00a0 \u00a0 \u00a0 \u00a0 \u00a04800 TL\u00a0 \u00a0 \u00a0 \u00a0 \u00a0 Giri\u015f 09:30 &#8211; \u00c7\u0131k\u0131\u015f 18:00<\/li>\n<li>1 g\u00fcn (1 gece konaklamal\u0131)\u00a0 \u00a0 \u00a0 \u00a0 6900 TL\u00a0 \u00a0 \u00a0 \u00a0 \u00a0 Giri\u015f 10:00 &#8211; \u00c7\u0131k\u0131\u015f 12:00<\/li>\n<li>2 g\u00fcn (1 gece konaklamal\u0131)\u00a0 \u00a0 \u00a0 \u00a0 8700 TL\u00a0 \u00a0 \u00a0 \u00a0 \u00a0 Giri\u015f 10:00 &#8211; \u00c7\u0131k\u0131\u015f 17:00<\/li>\n<li>2 g\u00fcn (2 gece konaklamal\u0131)\u00a0 \u00a0 \u00a0 10600 TL\u00a0 \u00a0 \u00a0 \u00a0 \u00a0 Giri\u015f 10:00 &#8211; \u00c7\u0131k\u0131\u015f 12:00<\/li>\n<li>3 g\u00fcn (2 gece konaklamal\u0131)\u00a0 \u00a0 \u00a0 12300 TL\u00a0 \u00a0 \u00a0 \u00a0 \u00a0 Giri\u015f 10:00 &#8211; \u00c7\u0131k\u0131\u015f 17:00<\/li>\n<li>3 g\u00fcn (3 gece konaklamal\u0131)\u00a0 \u00a0 \u00a0 14000 TL\u00a0 \u00a0 \u00a0 \u00a0 \u00a0 Giri\u015f 10:00 &#8211; \u00c7\u0131k\u0131\u015f 12:00<\/li>\n<li>4 g\u00fcn (3 gece konaklamal\u0131)\u00a0 \u00a0 \u00a0 15600 TL\u00a0 \u00a0 \u00a0 \u00a0 \u00a0 Giri\u015f 10:00 &#8211; \u00c7\u0131k\u0131\u015f 17:00<\/li>\n<\/ul>\n<ul>\n<li><strong>(\u00dccretlerimiz t\u00fcm kat\u0131l\u0131mc\u0131lar toplam\u0131 ve KDV hari\u00e7tir)<\/strong><\/li>\n<\/ul>\n<ul>\n<li>G\u00fcn\u00fcbirlik seyir kapasitemiz 4 ki\u015fi, gece konaklamal\u0131 tercihlerde ise 3 ki\u015fi ile s\u0131n\u0131rl\u0131d\u0131r.<\/li>\n<\/ul>\n<p>\u00a0<\/p>\n<ul>\n<li>G\u00fcn\u00fcbirlik pratik e\u011fitim faaliyetlerimiz, 2 kamara ve 1 WC\/du\u015f olan 30 ft. teknelerimizde verilmektedir. Bu kapsamda, gece 2 ki\u015filik konaklamal\u0131 faaliyetlerde her kat\u0131l\u0131mc\u0131 kendi kamaras\u0131nda konaklamakta, 3 ki\u015filik kat\u0131l\u0131mda ise bir ki\u015fi kendi kamaras\u0131nda, iki kat\u0131l\u0131mc\u0131 ise di\u011fer kamaray\u0131 payla\u015fmaktad\u0131r.<\/li>\n<\/ul>\n<p>\u00a0<\/p>\n<ul>\n<li>\n<p>E\u011fitim \u00fccretine tekne konaklama<strong>(**)<\/strong>, uyku seti<strong>(**)<\/strong>, liman\/marina masraflar\u0131, akaryak\u0131t, 3. ki\u015fi mali mesuliyet sigortas\u0131 ve g\u00fcvenlik ekipmanlar\u0131 <strong>dahil,\u00a0<\/strong>KDV, yiyecek-i\u00e7ecek masraflar\u0131, yemek haz\u0131rlama ve servisi, tekne d\u0131\u015f\u0131ndaki t\u00fcm aktiviteler <strong>hari\u00e7tir. <\/strong>(Yiyecek-i\u00e7ecek malzemeleri ve yemek haz\u0131rlama i\u015fleri, kat\u0131l\u0131mc\u0131lar taraf\u0131ndan ortakla\u015fa ve i\u015f b\u00f6l\u00fcm\u00fc ile ger\u00e7ekle\u015ftirilecektir. E\u011fitmen kat\u0131l\u0131mc\u0131lar\u0131n misafiridir.<\/p>\n<\/li>\n<\/ul>\n<p><em style=\"font-size: 14.4px;\"><strong>\u00a0 \u00a0 (**) Konaklamal\u0131 faaliyetler i\u00e7in ge\u00e7erlidir.<\/strong><\/em><\/p>\n<p>\u00a0<\/p>\n<ul>\n<li>Rezervasyon talebi, en ge\u00e7 talep edilen faaliyet tarihinden 6 g\u00fcn \u00f6ncesine kadar kabul edilir. \u00dccret \u00f6demesi, taraf\u0131m\u0131zdan m\u00fcsaitlik teyidi verilmesini takip eden ilk i\u015f g\u00fcn\u00fc yap\u0131l\u0131r. Bu a\u015famadan sonra yap\u0131lacak rezervasyon iptallerinin \u00fccret iadesi %40 kesinti ile yap\u0131l\u0131r. Zaman\u0131nda yap\u0131lmayan \u00f6demelere konu rezervasyon talepleri iptal edilir.<\/li>\n<\/ul>\n<p>\u00a0<\/p>\n<ul>\n<li>M\u00fccbir sebeplerle se\u00e7ti\u011finiz tarihte faaliyet iptali s\u00f6z konusu olmas\u0131 durumunda kesintisiz tam \u00fccret iadesi yap\u0131l\u0131r ya da erteleme hakk\u0131 tan\u0131n\u0131r.<\/li>\n<\/ul>\n<p>\u00a0<\/p>\n<ul>\n<li>K\u0131\u00e7tankara E\u011fitim Merkezi, etkinli\u011fi iptal ya da erteleme hakk\u0131na sahiptir. Bu durumda alternatif tarihlerde kat\u0131l\u0131m ya da kat\u0131l\u0131m iptal tercihlerinden biri kat\u0131l\u0131mc\u0131ya sunulur. Kat\u0131l\u0131m iptalinin tercih edilmesi durumunda kesintisiz \u00fccret iadesi yap\u0131l\u0131r.<\/li>\n<\/ul>\n\n\t\t<\/div>\n\t\t\t\t\t<\/div>\n\n\t\n\n<\/div>\n<a href=\"https:\/\/crystalyachting.com.tr\/index.php\/iletisim\/\" target=\"_self\" class=\"button primary\"  style=\"border-radius:99px;\">\n    <span>\u0130leti\u015fim Formu<\/span>\n  <\/a>\n\n\n<a href=\"tel:+90%20532%20576%2005%2043\" target=\"_self\" class=\"button alert is-shade\"  style=\"border-radius:22px;\">\n  <i class=\"icon-phone\" ><\/i>  <span>ARAMA<\/span>\n  <\/a>\n\n\n\n","protected":false},"excerpt":{"rendered":"","protected":false},"author":1,"featured_media":0,"parent":0,"menu_order":0,"comment_status":"closed","ping_status":"closed","template":"","meta":{"footnotes":""},"class_list":["post-1097","page","type-page","status-publish","hentry"],"_links":{"self":[{"href":"https:\/\/crystalyachting.com.tr\/index.php\/wp-json\/wp\/v2\/pages\/1097","targetHints":{"allow":["GET"]}}],"collection":[{"href":"https:\/\/crystalyachting.com.tr\/index.php\/wp-json\/wp\/v2\/pages"}],"about":[{"href":"https:\/\/crystalyachting.com.tr\/index.php\/wp-json\/wp\/v2\/types\/page"}],"author":[{"embeddable":true,"href":"https:\/\/crystalyachting.com.tr\/index.php\/wp-json\/wp\/v2\/users\/1"}],"replies":[{"embeddable":true,"href":"https:\/\/crystalyachting.com.tr\/index.php\/wp-json\/wp\/v2\/comments?post=1097"}],"version-history":[{"count":27,"href":"https:\/\/crystalyachting.com.tr\/index.php\/wp-json\/wp\/v2\/pages\/1097\/revisions"}],"predecessor-version":[{"id":1262,"href":"https:\/\/crystalyachting.com.tr\/index.php\/wp-json\/wp\/v2\/pages\/1097\/revisions\/1262"}],"wp:attachment":[{"href":"https:\/\/crystalyachting.com.tr\/index.php\/wp-json\/wp\/v2\/media?parent=1097"}],"curies":[{"name":"wp","href":"https:\/\/api.w.org\/{rel}","templated":true}]}}