{"id":308,"date":"2023-04-02T00:11:43","date_gmt":"2023-04-01T21:11:43","guid":{"rendered":"https:\/\/crystalyachting.com.tr\/?page_id=308"},"modified":"2024-12-17T21:01:00","modified_gmt":"2024-12-17T18:01:00","slug":"adalar-turu","status":"publish","type":"page","link":"https:\/\/crystalyachting.com.tr\/index.php\/adalar-turu\/","title":{"rendered":"Adalar Turu"},"content":{"rendered":"\n\t<div id=\"gap-972649989\" class=\"gap-element clearfix\" style=\"display:block; height:auto;\">\n\t\t\n<style>\n#gap-972649989 {\n  padding-top: 7px;\n}\n<\/style>\n\t<\/div>\n\t\n\n<div class=\"row\"  id=\"row-1595982753\">\n\n\n\t<div id=\"col-1310212906\" class=\"col small-12 large-12\"  >\n\t\t\t\t<div class=\"col-inner\"  >\n\t\t\t\n\t\t\t\n\n<p><img decoding=\"async\" class=\"wp-image-952 alignleft\" src=\"https:\/\/crystalyachting.com.tr\/wp-content\/uploads\/2023\/04\/Adsiz-tasarim-2023-04-12T090509.692-1024x1024.png\" alt=\"\" width=\"452\" height=\"452\" srcset=\"https:\/\/crystalyachting.com.tr\/wp-content\/uploads\/2023\/04\/Adsiz-tasarim-2023-04-12T090509.692-1024x1024.png 1024w, https:\/\/crystalyachting.com.tr\/wp-content\/uploads\/2023\/04\/Adsiz-tasarim-2023-04-12T090509.692-300x300.png 300w, https:\/\/crystalyachting.com.tr\/wp-content\/uploads\/2023\/04\/Adsiz-tasarim-2023-04-12T090509.692-150x150.png 150w, https:\/\/crystalyachting.com.tr\/wp-content\/uploads\/2023\/04\/Adsiz-tasarim-2023-04-12T090509.692-768x768.png 768w, https:\/\/crystalyachting.com.tr\/wp-content\/uploads\/2023\/04\/Adsiz-tasarim-2023-04-12T090509.692-600x600.png 600w, https:\/\/crystalyachting.com.tr\/wp-content\/uploads\/2023\/04\/Adsiz-tasarim-2023-04-12T090509.692-100x100.png 100w, https:\/\/crystalyachting.com.tr\/wp-content\/uploads\/2023\/04\/Adsiz-tasarim-2023-04-12T090509.692.png 1080w\" sizes=\"(max-width: 452px) 100vw, 452px\" \/>PRENS ADALARI TURU<br \/>AdalarTarihi :<br \/>B\u00fcy\u00fckl\u00fc k\u00fc\u00e7\u00fckl\u00fc 9 ada ve k\u0131y\u0131ya yak\u0131n 2 kayal\u0131ktan olu\u015fan \u0130stanbul adalar\u0131, tarih boyunca pek \u00e7ok isme sahip olmu\u015ftur. Bunlar; Evliya adalar\u0131, Kesi\u015f adalar\u0131- Ruh adalar\u0131-, Cin adalar\u0131-Halka adalar\u0131, Prens adalar\u0131, K\u0131z\u0131l adalar gibi. Bunlar\u0131n en yayg\u0131n ve d\u00fcnyaca tan\u0131nanI Prens Adalar\u0131\u2019d\u0131r. Prens adalar\u0131 ismi, Roma devrinden, Bizans d\u00f6nemi sonras\u0131na kadar asillerin, prenslerin, hatta krali\u00e7elerin adalara s\u00fcrg\u00fcn edilerek buralarda \u00e7e\u015fitli i\u015fkencelerle \u00f6ld\u00fcr\u00fclmelerinden gelmektedir.<\/p>\n<p>B\u00fcy\u00fck Ada :<br \/>Maltepe sahiline 2,3 km uzakl\u0131kta olan B\u00fcy\u00fck Ada, Prens Adalar\u0131\u2019n\u0131n en b\u00fcy\u00fc\u011f\u00fcd\u00fcr. Ada\u2019da, biri g\u00fcney di\u011feri kuzeyde olmak \u00fczere iki tepe bulunur. G\u00fcneydeki tepe, 203 metre y\u00fckseklikteki Y\u00fccetepe\u2019dir. Kuzeyde ise \u0130sa Tepesi bulunmaktad\u0131r. 1. D\u00fcnya Sava\u015f\u0131 ve sonras\u0131nda Rum n\u00fcfusunu kaybeden B\u00fcy\u00fckada\u2019daki canl\u0131l\u0131k 1930\u2019lara kadar b\u00fcy\u00fck \u00f6l\u00e7\u00fcde kaybolmu\u015ftur. 1940\u2019l\u0131 y\u0131llara do\u011fru, Cumhuriyet d\u00f6nemi devlet ileri gelenlerinin ve y\u00fcksek b\u00fcrokrasinin, varl\u0131kl\u0131 kesimlerin ra\u011fbet etti\u011fi bir sayfiye yeri olma \u00f6zelli\u011fini yeniden kazanm\u0131\u015ft\u0131r. B\u00fcy\u00fckada, bu d\u00f6nemde yeni k\u00f6\u015fklerle, \u00f6zenli ve zevkli yap\u0131larla s\u00fcslenmi\u015f, \u0130stanbul halk\u0131n\u0131n g\u00fcnl\u00fck gezinti yerlerinin de ba\u015f\u0131nda yer alm\u0131\u015ft\u0131r. Ada\u2019n\u0131n en y\u00fcksek tepesinde Aya Yorgi kilise ve manast\u0131r\u0131 bulunmaktad\u0131r. Buradaki ilk yap\u0131, miladi 6. Y\u00fczy\u0131lda in\u015fa edilmi\u015ftir. Bu mevkide, bir\u00e7ok kilise ve manast\u0131r\u0131n kal\u0131nt\u0131lar\u0131 da vard\u0131r.<\/p>\n<p>Heybeli Ada :<br \/>Heybeliada, \u0130stanbul\u2019un B\u00fcy\u00fckada\u2019dan sonra en b\u00fcy\u00fck adas\u0131d\u0131r. Sadece do\u011fas\u0131yla, temiz havas\u0131 ve g\u00fczellikleriyle de\u011fil, Bahriyesi, Sanatoryumu, Ruhban(Papaz) Okulu gibi kurumlar\u0131yla da \u00fcnl\u00fcd\u00fcr. Di\u011fer adalara oldu\u011fu gibi Heybeliada\u2019ya da vapur seferleri 19. Y\u00fczy\u0131l ortalar\u0131nda yap\u0131lmaya ba\u015flanm\u0131\u015ft\u0131r. Zengin Rumlar\u2019\u0131n ya\u015fad\u0131\u011f\u0131 adada, Bahriye\u2019nin de bulunmas\u0131 nedeniyle \u00f6nemli miktarda T\u00fcrk n\u00fcfus da yerle\u015fmi\u015ftir. 4 tepeden olu\u015fan Heybeliada, \u0130stanbul adalar\u0131n\u0131n orta yerinde bulunmaktad\u0131r. En y\u00fcksek tepe De\u011firmentepe\u2019dir (136 metre). Di\u011fer tepeler, Ta\u015foca\u011f\u0131 Tepesi, Makarios Tepesi ve \u00dcmit Tepesi\u2019dir. Eski ad\u0131 Papaz Tepesi olan bu tepe 85 metre y\u00fcksekli\u011finde olup \u00fczerinde Ruhban Okulu bulunmaktad\u0131r.<\/p>\n<p>Burgaz Ada :<br \/>Yerle\u015fik n\u00fcfusu yakla\u015f\u0131k 1500 olan Burgazada\u2019n\u0131n y\u00fcksekli\u011fi 176 m olan tek tepesi, \u00fczerinde Hristos Manast\u0131r\u0131 bulunan Bayrak Tepe\u2019dir. B\u00fcy\u00fck \u0130skender ordular\u0131n\u0131n kumandan\u0131 olan General Antigon\u2019un adada bir kale yapt\u0131rd\u0131\u011f\u0131 ve bu nedenle ada isminin bin y\u0131llarca Antigoni olarak an\u0131ld\u0131\u011f\u0131 bilinmektedir. \u00c7a\u011fda\u015f T\u00fcr Edebiyat\u0131n\u0131n \u00f6nemli isimlerinden Sait Faik Abas\u0131yan\u0131k, hayat\u0131n\u0131n \u00f6nemli b\u00f6l\u00fcm\u00fcn\u00fc Burgaz\u2019da ge\u00e7irmi\u015ftir. Bu nedenle Prens Adalar\u0131, O\u2019nun hikayelerinde \u00f6nemli yer tutmu\u015ftur.<\/p>\n<p>K\u0131nal\u0131 Ada<br \/>Prens Adalar\u0131\u2019n\u0131n \u0130stanbul\u2019a en yak\u0131n olan\u0131d\u0131r. Bizans d\u00f6neminde adalara yap\u0131lan s\u00fcrg\u00fcnlerin b\u00fcy\u00fck k\u0131sm\u0131 bu adaya yap\u0131lm\u0131\u015ft\u0131r. Bu s\u00fcrg\u00fcnlerden tarihte en \u00e7ok yer eden isim Romen Diyojen\u2019dir. Ada, 1800\u2019lerden itibaren yerle\u015fmeye ba\u015flayan Ermeni n\u00fcfusu a\u011f\u0131rl\u0131kl\u0131d\u0131r. Ada\u2019da 1800\u2019lerin ortalar\u0131ndan itibaren in\u015fa edilen Surp Lusavori\u00e7 kilisesi, Ortadoks Panayia Kilisesi ve Rum \u0130lkokulu gibi yap\u0131lar mevcuttur. Ada, hem yaz, hem k\u0131\u015f aylar\u0131nda, \u00e7ok uzun bir yol kat etmeden kolayl\u0131kla ka\u00e7abilece\u011finiz, muhte\u015fem do\u011faya sahiptir.<\/p>\n<p>B\u0130R YANDAN PRENS ADALARININ B\u00dcY\u00dcL\u00dc H\u0130KAYELER\u0130 HAKKINDA DAHA DETAYLI B\u0130LG\u0130 SAH\u0130B\u0130 OLACA\u011eINIZ, D\u0130\u011eER YANDAN DA KOYLARDA DEN\u0130ZE G\u0130REB\u0130LMEN\u0130N TADINI \u00c7IKARTACA\u011eINIZ BU B\u00dcY\u00dcL\u00dc TURA KATILMAK \u0130\u00c7\u0130N B\u0130Z\u0130MLE \u0130LET\u0130\u015e\u0130ME GE\u00c7\u0130N, EN KISA S\u00dcREDE S\u0130Z\u0130 ARAYALIM..<\/p>\n\n\t\t<\/div>\n\t\t\t\t\t<\/div>\n\n\t\n\n<\/div>\n<a href=\"https:\/\/crystalyachting.com.tr\/index.php\/tekneler\/\" target=\"_self\" class=\"button primary\"  >\n    <span>TEKNELER<\/span>\n  <\/a>\n\n\n<a href=\"https:\/\/crystalyachting.com.tr\/index.php\/iletisim\/\" target=\"_self\" class=\"button primary\"  >\n    <span>\u0130LET\u0130\u015e\u0130M FORMU<\/span>\n  <\/a>\n\n\n\n","protected":false},"excerpt":{"rendered":"","protected":false},"author":1,"featured_media":0,"parent":0,"menu_order":0,"comment_status":"closed","ping_status":"closed","template":"","meta":{"footnotes":""},"class_list":["post-308","page","type-page","status-publish","hentry"],"_links":{"self":[{"href":"https:\/\/crystalyachting.com.tr\/index.php\/wp-json\/wp\/v2\/pages\/308","targetHints":{"allow":["GET"]}}],"collection":[{"href":"https:\/\/crystalyachting.com.tr\/index.php\/wp-json\/wp\/v2\/pages"}],"about":[{"href":"https:\/\/crystalyachting.com.tr\/index.php\/wp-json\/wp\/v2\/types\/page"}],"author":[{"embeddable":true,"href":"https:\/\/crystalyachting.com.tr\/index.php\/wp-json\/wp\/v2\/users\/1"}],"replies":[{"embeddable":true,"href":"https:\/\/crystalyachting.com.tr\/index.php\/wp-json\/wp\/v2\/comments?post=308"}],"version-history":[{"count":9,"href":"https:\/\/crystalyachting.com.tr\/index.php\/wp-json\/wp\/v2\/pages\/308\/revisions"}],"predecessor-version":[{"id":1265,"href":"https:\/\/crystalyachting.com.tr\/index.php\/wp-json\/wp\/v2\/pages\/308\/revisions\/1265"}],"wp:attachment":[{"href":"https:\/\/crystalyachting.com.tr\/index.php\/wp-json\/wp\/v2\/media?parent=308"}],"curies":[{"name":"wp","href":"https:\/\/api.w.org\/{rel}","templated":true}]}}