{"id":312,"date":"2023-04-02T00:31:04","date_gmt":"2023-04-01T21:31:04","guid":{"rendered":"https:\/\/crystalyachting.com.tr\/?page_id=312"},"modified":"2023-04-12T09:12:57","modified_gmt":"2023-04-12T06:12:57","slug":"teknede-dugun","status":"publish","type":"page","link":"https:\/\/crystalyachting.com.tr\/index.php\/teknede-dugun\/","title":{"rendered":"Teknede D\u00fc\u011f\u00fcn"},"content":{"rendered":"\n\t<div id=\"gap-228784220\" class=\"gap-element clearfix\" style=\"display:block; height:auto;\">\n\t\t\n<style>\n#gap-228784220 {\n  padding-top: 8px;\n}\n<\/style>\n\t<\/div>\n\t\n\n<div class=\"row\"  id=\"row-904973606\">\n\n\n\t<div id=\"col-951737046\" class=\"col small-12 large-12\"  >\n\t\t\t\t<div class=\"col-inner\"  >\n\t\t\t\n\t\t\t\n\n<p><img decoding=\"async\" class=\" wp-image-943 alignleft\" src=\"https:\/\/crystalyachting.com.tr\/wp-content\/uploads\/2023\/04\/Adsiz-tasarim-2023-04-12T085252.696-1024x1024.png\" alt=\"\" width=\"451\" height=\"451\" srcset=\"https:\/\/crystalyachting.com.tr\/wp-content\/uploads\/2023\/04\/Adsiz-tasarim-2023-04-12T085252.696-1024x1024.png 1024w, https:\/\/crystalyachting.com.tr\/wp-content\/uploads\/2023\/04\/Adsiz-tasarim-2023-04-12T085252.696-300x300.png 300w, https:\/\/crystalyachting.com.tr\/wp-content\/uploads\/2023\/04\/Adsiz-tasarim-2023-04-12T085252.696-150x150.png 150w, https:\/\/crystalyachting.com.tr\/wp-content\/uploads\/2023\/04\/Adsiz-tasarim-2023-04-12T085252.696-768x768.png 768w, https:\/\/crystalyachting.com.tr\/wp-content\/uploads\/2023\/04\/Adsiz-tasarim-2023-04-12T085252.696-600x600.png 600w, https:\/\/crystalyachting.com.tr\/wp-content\/uploads\/2023\/04\/Adsiz-tasarim-2023-04-12T085252.696-100x100.png 100w, https:\/\/crystalyachting.com.tr\/wp-content\/uploads\/2023\/04\/Adsiz-tasarim-2023-04-12T085252.696.png 1080w\" sizes=\"(max-width: 451px) 100vw, 451px\" \/>TEKNEDE D\u00dc\u011e\u00dcN<br \/>Hayat\u0131n\u0131z\u0131n d\u00f6n\u00fcm noktas\u0131 \u2018\u2019D\u00dc\u011e\u00dcN\u00dcN\u00dcZ\u2019\u2019..<\/p>\n<p>R\u00fcya gibi bir d\u00fc\u011f\u00fcn i\u00e7in \u00f6zel aktivite teknelerimizde denizde d\u00fc\u011f\u00fcn konseptimizle hizmetinizdeyiz..<\/p>\n<p>Organizasyonlar\u0131m\u0131zda arzu etti\u011finiz takdirde masa planlamas\u0131, dekorasyon-s\u00fcsleme, kar\u015f\u0131lama-u\u011furlama, foto\u011fraf \u00e7ekimleri, sahne, m\u00fczik organizasyonu, nikah sonras\u0131 \u00f6zel grup ile e\u011flence ve bunun gibi profesyonel hizmetler de taraf\u0131m\u0131zdan sunulmaktad\u0131r.<\/p>\n<p>Teknede toplu kutlama hizmetlerimiz d\u00fc\u011f\u00fcn t\u00f6reni ile k\u0131s\u0131tl\u0131 olmay\u0131p, k\u0131na, ni\u015fan gibi organizasyonlar\u0131n\u0131z\u0131 da sizler i\u00e7in planlay\u0131p ger\u00e7ekle\u015ftirmekteyiz.<\/p>\n<p>\u00a0<\/p>\n<p>\u0130stanbul Bo\u011faz\u0131\u2019n\u0131n b\u00fcy\u00fcl\u00fc atmosferinde doyas\u0131ya e\u011flenip unutulmaz an\u0131lar biriktirece\u011finiz organizasyonunuzu tercihlerinize, kat\u0131l\u0131mc\u0131 say\u0131s\u0131na, beklentilerinize ve b\u00fct\u00e7enize uygun \u015fekilde planlayabilmemiz i\u00e7in bizimle ileti\u015fime ge\u00e7in, en k\u0131sa s\u00fcrede sizi arayal\u0131m..<\/p>\n\n\t\t<\/div>\n\t\t\t\t\t<\/div>\n\n\t\n\n<\/div>\n<a href=\"https:\/\/crystalyachting.com.tr\/index.php\/tekneler\/\" target=\"_self\" class=\"button primary\"  >\n    <span>TEKNELER<\/span>\n  <\/a>\n\n\n<a href=\"https:\/\/crystalyachting.com.tr\/index.php\/iletisim\/\" target=\"_self\" class=\"button primary\"  >\n    <span>ileti\u015fim formu<\/span>\n  <\/a>\n\n\n\n","protected":false},"excerpt":{"rendered":"","protected":false},"author":1,"featured_media":0,"parent":0,"menu_order":0,"comment_status":"closed","ping_status":"closed","template":"","meta":{"footnotes":""},"class_list":["post-312","page","type-page","status-publish","hentry"],"_links":{"self":[{"href":"https:\/\/crystalyachting.com.tr\/index.php\/wp-json\/wp\/v2\/pages\/312","targetHints":{"allow":["GET"]}}],"collection":[{"href":"https:\/\/crystalyachting.com.tr\/index.php\/wp-json\/wp\/v2\/pages"}],"about":[{"href":"https:\/\/crystalyachting.com.tr\/index.php\/wp-json\/wp\/v2\/types\/page"}],"author":[{"embeddable":true,"href":"https:\/\/crystalyachting.com.tr\/index.php\/wp-json\/wp\/v2\/users\/1"}],"replies":[{"embeddable":true,"href":"https:\/\/crystalyachting.com.tr\/index.php\/wp-json\/wp\/v2\/comments?post=312"}],"version-history":[{"count":9,"href":"https:\/\/crystalyachting.com.tr\/index.php\/wp-json\/wp\/v2\/pages\/312\/revisions"}],"predecessor-version":[{"id":958,"href":"https:\/\/crystalyachting.com.tr\/index.php\/wp-json\/wp\/v2\/pages\/312\/revisions\/958"}],"wp:attachment":[{"href":"https:\/\/crystalyachting.com.tr\/index.php\/wp-json\/wp\/v2\/media?parent=312"}],"curies":[{"name":"wp","href":"https:\/\/api.w.org\/{rel}","templated":true}]}}