{"id":493,"date":"2023-04-04T17:03:52","date_gmt":"2023-04-04T14:03:52","guid":{"rendered":"https:\/\/crystalyachting.com.tr\/?page_id=493"},"modified":"2023-04-25T13:30:57","modified_gmt":"2023-04-25T10:30:57","slug":"yat8","status":"publish","type":"page","link":"https:\/\/crystalyachting.com.tr\/index.php\/yat8\/","title":{"rendered":"Yat8"},"content":{"rendered":"\n\n  \n    <div id=\"gallery-354538370\" class=\"row large-columns-4 medium-columns-3 small-columns-2 row-xsmall row-masonry\" data-packery-options='{\"itemSelector\": \".col\", \"gutter\": 0, \"presentageWidth\" : true}'>\n\n  <div class=\"gallery-col col\" >\n          <div class=\"col-inner\">\n            <a class=\"image-lightbox lightbox-gallery\" href=\"https:\/\/crystalyachting.com.tr\/wp-content\/uploads\/2023\/04\/WhatsApp-Image-2023-04-04-at-16.47.28-5-1.jpeg\" title=\"\">            <div class=\"box has-hover gallery-box box-overlay dark\">\n              <div class=\"box-image image-cover\" style=\"padding-top:75%;\">\n                <img decoding=\"async\" width=\"2048\" height=\"1536\" src=\"https:\/\/crystalyachting.com.tr\/wp-content\/uploads\/2023\/04\/WhatsApp-Image-2023-04-04-at-16.47.28-5-1.jpeg\" class=\"attachment-original size-original\" alt=\"\" ids=\"495,496,497,498,499,,,\" lightbox_image_size=\"original\" type=\"masonry\" col_spacing=\"xsmall\" image_height=\"75%\" image_size=\"original\" srcset=\"https:\/\/crystalyachting.com.tr\/wp-content\/uploads\/2023\/04\/WhatsApp-Image-2023-04-04-at-16.47.28-5-1.jpeg 2048w, https:\/\/crystalyachting.com.tr\/wp-content\/uploads\/2023\/04\/WhatsApp-Image-2023-04-04-at-16.47.28-5-1-300x225.jpeg 300w, https:\/\/crystalyachting.com.tr\/wp-content\/uploads\/2023\/04\/WhatsApp-Image-2023-04-04-at-16.47.28-5-1-1024x768.jpeg 1024w, https:\/\/crystalyachting.com.tr\/wp-content\/uploads\/2023\/04\/WhatsApp-Image-2023-04-04-at-16.47.28-5-1-768x576.jpeg 768w, https:\/\/crystalyachting.com.tr\/wp-content\/uploads\/2023\/04\/WhatsApp-Image-2023-04-04-at-16.47.28-5-1-1536x1152.jpeg 1536w, https:\/\/crystalyachting.com.tr\/wp-content\/uploads\/2023\/04\/WhatsApp-Image-2023-04-04-at-16.47.28-5-1-600x450.jpeg 600w\" sizes=\"(max-width: 2048px) 100vw, 2048px\" \/>                                  <div class=\"overlay fill\"\n                      style=\"background-color: rgba(0,0,0,.15)\">\n                  <\/div>\n                                                              <\/div>\n              <div class=\"box-text text-left\" >\n                 <p><\/p>\n              <\/div>\n            <\/div>\n            <\/a>          <\/div>\n         <\/div><div class=\"gallery-col col\" >\n          <div class=\"col-inner\">\n            <a class=\"image-lightbox lightbox-gallery\" href=\"https:\/\/crystalyachting.com.tr\/wp-content\/uploads\/2023\/04\/WhatsApp-Image-2023-04-04-at-16.47.28-4.jpeg\" title=\"\">            <div class=\"box has-hover gallery-box box-overlay dark\">\n              <div class=\"box-image image-cover\" style=\"padding-top:75%;\">\n                <img decoding=\"async\" width=\"2048\" height=\"1536\" src=\"https:\/\/crystalyachting.com.tr\/wp-content\/uploads\/2023\/04\/WhatsApp-Image-2023-04-04-at-16.47.28-4.jpeg\" class=\"attachment-original size-original\" alt=\"\" ids=\"495,496,497,498,499,,,\" lightbox_image_size=\"original\" type=\"masonry\" col_spacing=\"xsmall\" image_height=\"75%\" image_size=\"original\" srcset=\"https:\/\/crystalyachting.com.tr\/wp-content\/uploads\/2023\/04\/WhatsApp-Image-2023-04-04-at-16.47.28-4.jpeg 2048w, https:\/\/crystalyachting.com.tr\/wp-content\/uploads\/2023\/04\/WhatsApp-Image-2023-04-04-at-16.47.28-4-300x225.jpeg 300w, https:\/\/crystalyachting.com.tr\/wp-content\/uploads\/2023\/04\/WhatsApp-Image-2023-04-04-at-16.47.28-4-1024x768.jpeg 1024w, https:\/\/crystalyachting.com.tr\/wp-content\/uploads\/2023\/04\/WhatsApp-Image-2023-04-04-at-16.47.28-4-768x576.jpeg 768w, https:\/\/crystalyachting.com.tr\/wp-content\/uploads\/2023\/04\/WhatsApp-Image-2023-04-04-at-16.47.28-4-1536x1152.jpeg 1536w, https:\/\/crystalyachting.com.tr\/wp-content\/uploads\/2023\/04\/WhatsApp-Image-2023-04-04-at-16.47.28-4-600x450.jpeg 600w\" sizes=\"(max-width: 2048px) 100vw, 2048px\" \/>                                  <div class=\"overlay fill\"\n                      style=\"background-color: rgba(0,0,0,.15)\">\n                  <\/div>\n                                                              <\/div>\n              <div class=\"box-text text-left\" >\n                 <p><\/p>\n              <\/div>\n            <\/div>\n            <\/a>          <\/div>\n         <\/div><div class=\"gallery-col col\" >\n          <div class=\"col-inner\">\n            <a class=\"image-lightbox lightbox-gallery\" href=\"https:\/\/crystalyachting.com.tr\/wp-content\/uploads\/2023\/04\/WhatsApp-Image-2023-04-04-at-16.47.28-3.jpeg\" title=\"\">            <div class=\"box has-hover gallery-box box-overlay dark\">\n              <div class=\"box-image image-cover\" style=\"padding-top:75%;\">\n                <img decoding=\"async\" width=\"2048\" height=\"1340\" src=\"https:\/\/crystalyachting.com.tr\/wp-content\/uploads\/2023\/04\/WhatsApp-Image-2023-04-04-at-16.47.28-3.jpeg\" class=\"attachment-original size-original\" alt=\"\" ids=\"495,496,497,498,499,,,\" lightbox_image_size=\"original\" type=\"masonry\" col_spacing=\"xsmall\" image_height=\"75%\" image_size=\"original\" srcset=\"https:\/\/crystalyachting.com.tr\/wp-content\/uploads\/2023\/04\/WhatsApp-Image-2023-04-04-at-16.47.28-3.jpeg 2048w, https:\/\/crystalyachting.com.tr\/wp-content\/uploads\/2023\/04\/WhatsApp-Image-2023-04-04-at-16.47.28-3-300x196.jpeg 300w, https:\/\/crystalyachting.com.tr\/wp-content\/uploads\/2023\/04\/WhatsApp-Image-2023-04-04-at-16.47.28-3-1024x670.jpeg 1024w, https:\/\/crystalyachting.com.tr\/wp-content\/uploads\/2023\/04\/WhatsApp-Image-2023-04-04-at-16.47.28-3-768x503.jpeg 768w, https:\/\/crystalyachting.com.tr\/wp-content\/uploads\/2023\/04\/WhatsApp-Image-2023-04-04-at-16.47.28-3-1536x1005.jpeg 1536w, https:\/\/crystalyachting.com.tr\/wp-content\/uploads\/2023\/04\/WhatsApp-Image-2023-04-04-at-16.47.28-3-600x393.jpeg 600w\" sizes=\"(max-width: 2048px) 100vw, 2048px\" \/>                                  <div class=\"overlay fill\"\n                      style=\"background-color: rgba(0,0,0,.15)\">\n                  <\/div>\n                                                              <\/div>\n              <div class=\"box-text text-left\" >\n                 <p><\/p>\n              <\/div>\n            <\/div>\n            <\/a>          <\/div>\n         <\/div><div class=\"gallery-col col\" >\n          <div class=\"col-inner\">\n            <a class=\"image-lightbox lightbox-gallery\" href=\"https:\/\/crystalyachting.com.tr\/wp-content\/uploads\/2023\/04\/WhatsApp-Image-2023-04-04-at-16.47.27-1.jpeg\" title=\"\">            <div class=\"box has-hover gallery-box box-overlay dark\">\n              <div class=\"box-image image-cover\" style=\"padding-top:75%;\">\n                <img decoding=\"async\" width=\"2048\" height=\"1536\" src=\"https:\/\/crystalyachting.com.tr\/wp-content\/uploads\/2023\/04\/WhatsApp-Image-2023-04-04-at-16.47.27-1.jpeg\" class=\"attachment-original size-original\" alt=\"\" ids=\"495,496,497,498,499,,,\" lightbox_image_size=\"original\" type=\"masonry\" col_spacing=\"xsmall\" image_height=\"75%\" image_size=\"original\" srcset=\"https:\/\/crystalyachting.com.tr\/wp-content\/uploads\/2023\/04\/WhatsApp-Image-2023-04-04-at-16.47.27-1.jpeg 2048w, https:\/\/crystalyachting.com.tr\/wp-content\/uploads\/2023\/04\/WhatsApp-Image-2023-04-04-at-16.47.27-1-300x225.jpeg 300w, https:\/\/crystalyachting.com.tr\/wp-content\/uploads\/2023\/04\/WhatsApp-Image-2023-04-04-at-16.47.27-1-1024x768.jpeg 1024w, https:\/\/crystalyachting.com.tr\/wp-content\/uploads\/2023\/04\/WhatsApp-Image-2023-04-04-at-16.47.27-1-768x576.jpeg 768w, https:\/\/crystalyachting.com.tr\/wp-content\/uploads\/2023\/04\/WhatsApp-Image-2023-04-04-at-16.47.27-1-1536x1152.jpeg 1536w, https:\/\/crystalyachting.com.tr\/wp-content\/uploads\/2023\/04\/WhatsApp-Image-2023-04-04-at-16.47.27-1-600x450.jpeg 600w\" sizes=\"(max-width: 2048px) 100vw, 2048px\" \/>                                  <div class=\"overlay fill\"\n                      style=\"background-color: rgba(0,0,0,.15)\">\n                  <\/div>\n                                                              <\/div>\n              <div class=\"box-text text-left\" >\n                 <p><\/p>\n              <\/div>\n            <\/div>\n            <\/a>          <\/div>\n         <\/div><div class=\"gallery-col col\" >\n          <div class=\"col-inner\">\n            <a class=\"image-lightbox lightbox-gallery\" href=\"https:\/\/crystalyachting.com.tr\/wp-content\/uploads\/2023\/04\/WhatsApp-Image-2023-04-04-at-16.47.27.jpeg\" title=\"\">            <div class=\"box has-hover gallery-box box-overlay dark\">\n              <div class=\"box-image image-cover\" style=\"padding-top:75%;\">\n                <img decoding=\"async\" width=\"2048\" height=\"1536\" src=\"https:\/\/crystalyachting.com.tr\/wp-content\/uploads\/2023\/04\/WhatsApp-Image-2023-04-04-at-16.47.27.jpeg\" class=\"attachment-original size-original\" alt=\"\" ids=\"495,496,497,498,499,,,\" lightbox_image_size=\"original\" type=\"masonry\" col_spacing=\"xsmall\" image_height=\"75%\" image_size=\"original\" srcset=\"https:\/\/crystalyachting.com.tr\/wp-content\/uploads\/2023\/04\/WhatsApp-Image-2023-04-04-at-16.47.27.jpeg 2048w, https:\/\/crystalyachting.com.tr\/wp-content\/uploads\/2023\/04\/WhatsApp-Image-2023-04-04-at-16.47.27-300x225.jpeg 300w, https:\/\/crystalyachting.com.tr\/wp-content\/uploads\/2023\/04\/WhatsApp-Image-2023-04-04-at-16.47.27-1024x768.jpeg 1024w, https:\/\/crystalyachting.com.tr\/wp-content\/uploads\/2023\/04\/WhatsApp-Image-2023-04-04-at-16.47.27-768x576.jpeg 768w, https:\/\/crystalyachting.com.tr\/wp-content\/uploads\/2023\/04\/WhatsApp-Image-2023-04-04-at-16.47.27-1536x1152.jpeg 1536w, https:\/\/crystalyachting.com.tr\/wp-content\/uploads\/2023\/04\/WhatsApp-Image-2023-04-04-at-16.47.27-600x450.jpeg 600w\" sizes=\"(max-width: 2048px) 100vw, 2048px\" \/>                                  <div class=\"overlay fill\"\n                      style=\"background-color: rgba(0,0,0,.15)\">\n                  <\/div>\n                                                              <\/div>\n              <div class=\"box-text text-left\" >\n                 <p><\/p>\n              <\/div>\n            <\/div>\n            <\/a>          <\/div>\n         <\/div><\/div>\n\n<div class=\"row\"  id=\"row-197708209\">\n\n\n\t<div id=\"col-1804165119\" class=\"col medium-6 small-12 large-6\"  >\n\t\t\t\t<div class=\"col-inner\"  >\n\t\t\t\n\t\t\t\n\n<p>\u00a0<\/p>\n<p><strong>Tekne \u0130smi :Crystal 7<\/strong><\/p>\n<p><strong>Boy:<\/strong> 21.55 metre<br \/><strong>En:<\/strong> 5.80 metre<br \/><strong>Kapasite:<\/strong> 30 ki\u015fi<br \/><strong>Yemekli Kapasite:<\/strong> 25 yemek<br \/><strong>Kokteyl:<\/strong> 30 ki\u015fi<\/p>\n<p>3 master kabin<\/p>\n\n\t\t<\/div>\n\t\t\t\t\t<\/div>\n\n\t\n\n\t<div id=\"col-1075772403\" class=\"col medium-6 small-12 large-6\"  >\n\t\t\t\t<div class=\"col-inner\"  >\n\t\t\t\n\t\t\t\n\n\n\t\t<\/div>\n\t\t\t\t\t<\/div>\n\n\t\n\n<\/div>\n<div class=\"row\"  id=\"row-62158471\">\n\n\n\t<div id=\"col-1379402795\" class=\"col medium-5 small-12 large-5\"  >\n\t\t\t\t<div class=\"col-inner text-center\"  >\n\t\t\t\n\t\t\t\n\n<p><strong>F\u0130YATLAR VE M\u00dcSA\u0130TL\u0130K \u0130\u00c7\u0130N B\u0130Z\u0130MLE \u0130LET\u0130\u015e\u0130ME GE\u00c7\u0130N\u0130Z.<\/strong><\/p>\n\n<a href=\"tel:+90%20533%20727%2006%2086\" target=\"_self\" class=\"button primary is-link\"  >\n  <i class=\"icon-phone\" ><\/i>  <span>+90 533 727 06 86<\/span>\n  <\/a>\n\n\n\n\t\t<\/div>\n\t\t\t\t\t<\/div>\n\n\t\n\n\t<div id=\"col-132353443\" class=\"col medium-7 small-12 large-7\"  >\n\t\t\t\t<div class=\"col-inner\"  >\n\t\t\t\n\t\t\t\n\n\n\t\t<\/div>\n\t\t\t\t\t<\/div>\n\n\t\n\n<\/div>\n\n","protected":false},"excerpt":{"rendered":"","protected":false},"author":1,"featured_media":0,"parent":0,"menu_order":0,"comment_status":"closed","ping_status":"closed","template":"","meta":{"footnotes":""},"class_list":["post-493","page","type-page","status-publish","hentry"],"_links":{"self":[{"href":"https:\/\/crystalyachting.com.tr\/index.php\/wp-json\/wp\/v2\/pages\/493","targetHints":{"allow":["GET"]}}],"collection":[{"href":"https:\/\/crystalyachting.com.tr\/index.php\/wp-json\/wp\/v2\/pages"}],"about":[{"href":"https:\/\/crystalyachting.com.tr\/index.php\/wp-json\/wp\/v2\/types\/page"}],"author":[{"embeddable":true,"href":"https:\/\/crystalyachting.com.tr\/index.php\/wp-json\/wp\/v2\/users\/1"}],"replies":[{"embeddable":true,"href":"https:\/\/crystalyachting.com.tr\/index.php\/wp-json\/wp\/v2\/comments?post=493"}],"version-history":[{"count":4,"href":"https:\/\/crystalyachting.com.tr\/index.php\/wp-json\/wp\/v2\/pages\/493\/revisions"}],"predecessor-version":[{"id":1203,"href":"https:\/\/crystalyachting.com.tr\/index.php\/wp-json\/wp\/v2\/pages\/493\/revisions\/1203"}],"wp:attachment":[{"href":"https:\/\/crystalyachting.com.tr\/index.php\/wp-json\/wp\/v2\/media?parent=493"}],"curies":[{"name":"wp","href":"https:\/\/api.w.org\/{rel}","templated":true}]}}