{"id":530,"date":"2023-04-04T17:42:10","date_gmt":"2023-04-04T14:42:10","guid":{"rendered":"https:\/\/crystalyachting.com.tr\/?page_id=530"},"modified":"2023-04-25T13:34:48","modified_gmt":"2023-04-25T10:34:48","slug":"yat9","status":"publish","type":"page","link":"https:\/\/crystalyachting.com.tr\/index.php\/yat9\/","title":{"rendered":"Yat 9"},"content":{"rendered":"\n\n  \n    <div id=\"gallery-1553396009\" class=\"row large-columns-4 medium-columns-3 small-columns-2 row-xsmall row-masonry\" data-packery-options='{\"itemSelector\": \".col\", \"gutter\": 0, \"presentageWidth\" : true}'>\n\n  <div class=\"gallery-col col\" >\n          <div class=\"col-inner\">\n            <a class=\"image-lightbox lightbox-gallery\" href=\"https:\/\/crystalyachting.com.tr\/wp-content\/uploads\/2023\/04\/51045a80-af93-4014-8eff-574be1472a1b.jpg\" title=\"\">            <div class=\"box has-hover gallery-box box-overlay dark\">\n              <div class=\"box-image image-cover\" style=\"padding-top:75%;\">\n                <img decoding=\"async\" width=\"768\" height=\"1024\" src=\"https:\/\/crystalyachting.com.tr\/wp-content\/uploads\/2023\/04\/51045a80-af93-4014-8eff-574be1472a1b.jpg\" class=\"attachment-original size-original\" alt=\"\" ids=\"541,535,536,538,539,540,534,537\" lightbox_image_size=\"original\" type=\"masonry\" col_spacing=\"xsmall\" image_height=\"75%\" image_size=\"original\" srcset=\"https:\/\/crystalyachting.com.tr\/wp-content\/uploads\/2023\/04\/51045a80-af93-4014-8eff-574be1472a1b.jpg 768w, https:\/\/crystalyachting.com.tr\/wp-content\/uploads\/2023\/04\/51045a80-af93-4014-8eff-574be1472a1b-225x300.jpg 225w, https:\/\/crystalyachting.com.tr\/wp-content\/uploads\/2023\/04\/51045a80-af93-4014-8eff-574be1472a1b-600x800.jpg 600w\" sizes=\"(max-width: 768px) 100vw, 768px\" \/>                                  <div class=\"overlay fill\"\n                      style=\"background-color: rgba(0,0,0,.15)\">\n                  <\/div>\n                                                              <\/div>\n              <div class=\"box-text text-left\" >\n                 <p><\/p>\n              <\/div>\n            <\/div>\n            <\/a>          <\/div>\n         <\/div><div class=\"gallery-col col\" >\n          <div class=\"col-inner\">\n            <a class=\"image-lightbox lightbox-gallery\" href=\"https:\/\/crystalyachting.com.tr\/wp-content\/uploads\/2023\/04\/WhatsApp-Image-2023-04-04-at-17.40.44-1.jpeg\" title=\"\">            <div class=\"box has-hover gallery-box box-overlay dark\">\n              <div class=\"box-image image-cover\" style=\"padding-top:75%;\">\n                <img decoding=\"async\" width=\"768\" height=\"1024\" src=\"https:\/\/crystalyachting.com.tr\/wp-content\/uploads\/2023\/04\/WhatsApp-Image-2023-04-04-at-17.40.44-1.jpeg\" class=\"attachment-original size-original\" alt=\"\" ids=\"541,535,536,538,539,540,534,537\" lightbox_image_size=\"original\" type=\"masonry\" col_spacing=\"xsmall\" image_height=\"75%\" image_size=\"original\" srcset=\"https:\/\/crystalyachting.com.tr\/wp-content\/uploads\/2023\/04\/WhatsApp-Image-2023-04-04-at-17.40.44-1.jpeg 768w, https:\/\/crystalyachting.com.tr\/wp-content\/uploads\/2023\/04\/WhatsApp-Image-2023-04-04-at-17.40.44-1-225x300.jpeg 225w, https:\/\/crystalyachting.com.tr\/wp-content\/uploads\/2023\/04\/WhatsApp-Image-2023-04-04-at-17.40.44-1-600x800.jpeg 600w\" sizes=\"(max-width: 768px) 100vw, 768px\" \/>                                  <div class=\"overlay fill\"\n                      style=\"background-color: rgba(0,0,0,.15)\">\n                  <\/div>\n                                                              <\/div>\n              <div class=\"box-text text-left\" >\n                 <p><\/p>\n              <\/div>\n            <\/div>\n            <\/a>          <\/div>\n         <\/div><div class=\"gallery-col col\" >\n          <div class=\"col-inner\">\n            <a class=\"image-lightbox lightbox-gallery\" href=\"https:\/\/crystalyachting.com.tr\/wp-content\/uploads\/2023\/04\/WhatsApp-Image-2023-04-04-at-17.40.44.jpeg\" title=\"\">            <div class=\"box has-hover gallery-box box-overlay dark\">\n              <div class=\"box-image image-cover\" style=\"padding-top:75%;\">\n                <img decoding=\"async\" width=\"768\" height=\"1024\" src=\"https:\/\/crystalyachting.com.tr\/wp-content\/uploads\/2023\/04\/WhatsApp-Image-2023-04-04-at-17.40.44.jpeg\" class=\"attachment-original size-original\" alt=\"\" ids=\"541,535,536,538,539,540,534,537\" lightbox_image_size=\"original\" type=\"masonry\" col_spacing=\"xsmall\" image_height=\"75%\" image_size=\"original\" srcset=\"https:\/\/crystalyachting.com.tr\/wp-content\/uploads\/2023\/04\/WhatsApp-Image-2023-04-04-at-17.40.44.jpeg 768w, https:\/\/crystalyachting.com.tr\/wp-content\/uploads\/2023\/04\/WhatsApp-Image-2023-04-04-at-17.40.44-225x300.jpeg 225w, https:\/\/crystalyachting.com.tr\/wp-content\/uploads\/2023\/04\/WhatsApp-Image-2023-04-04-at-17.40.44-600x800.jpeg 600w\" sizes=\"(max-width: 768px) 100vw, 768px\" \/>                                  <div class=\"overlay fill\"\n                      style=\"background-color: rgba(0,0,0,.15)\">\n                  <\/div>\n                                                              <\/div>\n              <div class=\"box-text text-left\" >\n                 <p><\/p>\n              <\/div>\n            <\/div>\n            <\/a>          <\/div>\n         <\/div><div class=\"gallery-col col\" >\n          <div class=\"col-inner\">\n            <a class=\"image-lightbox lightbox-gallery\" href=\"https:\/\/crystalyachting.com.tr\/wp-content\/uploads\/2023\/04\/WhatsApp-Image-2023-04-04-at-17.40.43-1.jpeg\" title=\"\">            <div class=\"box has-hover gallery-box box-overlay dark\">\n              <div class=\"box-image image-cover\" style=\"padding-top:75%;\">\n                <img decoding=\"async\" width=\"768\" height=\"1024\" src=\"https:\/\/crystalyachting.com.tr\/wp-content\/uploads\/2023\/04\/WhatsApp-Image-2023-04-04-at-17.40.43-1.jpeg\" class=\"attachment-original size-original\" alt=\"\" ids=\"541,535,536,538,539,540,534,537\" lightbox_image_size=\"original\" type=\"masonry\" col_spacing=\"xsmall\" image_height=\"75%\" image_size=\"original\" srcset=\"https:\/\/crystalyachting.com.tr\/wp-content\/uploads\/2023\/04\/WhatsApp-Image-2023-04-04-at-17.40.43-1.jpeg 768w, https:\/\/crystalyachting.com.tr\/wp-content\/uploads\/2023\/04\/WhatsApp-Image-2023-04-04-at-17.40.43-1-225x300.jpeg 225w, https:\/\/crystalyachting.com.tr\/wp-content\/uploads\/2023\/04\/WhatsApp-Image-2023-04-04-at-17.40.43-1-600x800.jpeg 600w\" sizes=\"(max-width: 768px) 100vw, 768px\" \/>                                  <div class=\"overlay fill\"\n                      style=\"background-color: rgba(0,0,0,.15)\">\n                  <\/div>\n                                                              <\/div>\n              <div class=\"box-text text-left\" >\n                 <p><\/p>\n              <\/div>\n            <\/div>\n            <\/a>          <\/div>\n         <\/div><div class=\"gallery-col col\" >\n          <div class=\"col-inner\">\n            <a class=\"image-lightbox lightbox-gallery\" href=\"https:\/\/crystalyachting.com.tr\/wp-content\/uploads\/2023\/04\/WhatsApp-Image-2023-04-04-at-17.40.43.jpeg\" title=\"\">            <div class=\"box has-hover gallery-box box-overlay dark\">\n              <div class=\"box-image image-cover\" style=\"padding-top:75%;\">\n                <img decoding=\"async\" width=\"768\" height=\"1024\" src=\"https:\/\/crystalyachting.com.tr\/wp-content\/uploads\/2023\/04\/WhatsApp-Image-2023-04-04-at-17.40.43.jpeg\" class=\"attachment-original size-original\" alt=\"\" ids=\"541,535,536,538,539,540,534,537\" lightbox_image_size=\"original\" type=\"masonry\" col_spacing=\"xsmall\" image_height=\"75%\" image_size=\"original\" srcset=\"https:\/\/crystalyachting.com.tr\/wp-content\/uploads\/2023\/04\/WhatsApp-Image-2023-04-04-at-17.40.43.jpeg 768w, https:\/\/crystalyachting.com.tr\/wp-content\/uploads\/2023\/04\/WhatsApp-Image-2023-04-04-at-17.40.43-225x300.jpeg 225w, https:\/\/crystalyachting.com.tr\/wp-content\/uploads\/2023\/04\/WhatsApp-Image-2023-04-04-at-17.40.43-600x800.jpeg 600w\" sizes=\"(max-width: 768px) 100vw, 768px\" \/>                                  <div class=\"overlay fill\"\n                      style=\"background-color: rgba(0,0,0,.15)\">\n                  <\/div>\n                                                              <\/div>\n              <div class=\"box-text text-left\" >\n                 <p><\/p>\n              <\/div>\n            <\/div>\n            <\/a>          <\/div>\n         <\/div><div class=\"gallery-col col\" >\n          <div class=\"col-inner\">\n            <a class=\"image-lightbox lightbox-gallery\" href=\"https:\/\/crystalyachting.com.tr\/wp-content\/uploads\/2023\/04\/WhatsApp-Image-2023-04-04-at-17.40.42.jpeg\" title=\"\">            <div class=\"box has-hover gallery-box box-overlay dark\">\n              <div class=\"box-image image-cover\" style=\"padding-top:75%;\">\n                <img decoding=\"async\" width=\"768\" height=\"1024\" src=\"https:\/\/crystalyachting.com.tr\/wp-content\/uploads\/2023\/04\/WhatsApp-Image-2023-04-04-at-17.40.42.jpeg\" class=\"attachment-original size-original\" alt=\"\" ids=\"541,535,536,538,539,540,534,537\" lightbox_image_size=\"original\" type=\"masonry\" col_spacing=\"xsmall\" image_height=\"75%\" image_size=\"original\" srcset=\"https:\/\/crystalyachting.com.tr\/wp-content\/uploads\/2023\/04\/WhatsApp-Image-2023-04-04-at-17.40.42.jpeg 768w, https:\/\/crystalyachting.com.tr\/wp-content\/uploads\/2023\/04\/WhatsApp-Image-2023-04-04-at-17.40.42-225x300.jpeg 225w, https:\/\/crystalyachting.com.tr\/wp-content\/uploads\/2023\/04\/WhatsApp-Image-2023-04-04-at-17.40.42-600x800.jpeg 600w\" sizes=\"(max-width: 768px) 100vw, 768px\" \/>                                  <div class=\"overlay fill\"\n                      style=\"background-color: rgba(0,0,0,.15)\">\n                  <\/div>\n                                                              <\/div>\n              <div class=\"box-text text-left\" >\n                 <p><\/p>\n              <\/div>\n            <\/div>\n            <\/a>          <\/div>\n         <\/div><div class=\"gallery-col col\" >\n          <div class=\"col-inner\">\n            <a class=\"image-lightbox lightbox-gallery\" href=\"https:\/\/crystalyachting.com.tr\/wp-content\/uploads\/2023\/04\/WhatsApp-Image-2023-04-04-at-17.40.44-2.jpeg\" title=\"\">            <div class=\"box has-hover gallery-box box-overlay dark\">\n              <div class=\"box-image image-cover\" style=\"padding-top:75%;\">\n                <img decoding=\"async\" width=\"768\" height=\"1024\" src=\"https:\/\/crystalyachting.com.tr\/wp-content\/uploads\/2023\/04\/WhatsApp-Image-2023-04-04-at-17.40.44-2.jpeg\" class=\"attachment-original size-original\" alt=\"\" ids=\"541,535,536,538,539,540,534,537\" lightbox_image_size=\"original\" type=\"masonry\" col_spacing=\"xsmall\" image_height=\"75%\" image_size=\"original\" srcset=\"https:\/\/crystalyachting.com.tr\/wp-content\/uploads\/2023\/04\/WhatsApp-Image-2023-04-04-at-17.40.44-2.jpeg 768w, https:\/\/crystalyachting.com.tr\/wp-content\/uploads\/2023\/04\/WhatsApp-Image-2023-04-04-at-17.40.44-2-225x300.jpeg 225w, https:\/\/crystalyachting.com.tr\/wp-content\/uploads\/2023\/04\/WhatsApp-Image-2023-04-04-at-17.40.44-2-600x800.jpeg 600w\" sizes=\"(max-width: 768px) 100vw, 768px\" \/>                                  <div class=\"overlay fill\"\n                      style=\"background-color: rgba(0,0,0,.15)\">\n                  <\/div>\n                                                              <\/div>\n              <div class=\"box-text text-left\" >\n                 <p><\/p>\n              <\/div>\n            <\/div>\n            <\/a>          <\/div>\n         <\/div><div class=\"gallery-col col\" >\n          <div class=\"col-inner\">\n            <a class=\"image-lightbox lightbox-gallery\" href=\"https:\/\/crystalyachting.com.tr\/wp-content\/uploads\/2023\/04\/WhatsApp-Image-2023-04-04-at-17.40.43-2.jpeg\" title=\"\">            <div class=\"box has-hover gallery-box box-overlay dark\">\n              <div class=\"box-image image-cover\" style=\"padding-top:75%;\">\n                <img decoding=\"async\" width=\"768\" height=\"1024\" src=\"https:\/\/crystalyachting.com.tr\/wp-content\/uploads\/2023\/04\/WhatsApp-Image-2023-04-04-at-17.40.43-2.jpeg\" class=\"attachment-original size-original\" alt=\"\" ids=\"541,535,536,538,539,540,534,537\" lightbox_image_size=\"original\" type=\"masonry\" col_spacing=\"xsmall\" image_height=\"75%\" image_size=\"original\" srcset=\"https:\/\/crystalyachting.com.tr\/wp-content\/uploads\/2023\/04\/WhatsApp-Image-2023-04-04-at-17.40.43-2.jpeg 768w, https:\/\/crystalyachting.com.tr\/wp-content\/uploads\/2023\/04\/WhatsApp-Image-2023-04-04-at-17.40.43-2-225x300.jpeg 225w, https:\/\/crystalyachting.com.tr\/wp-content\/uploads\/2023\/04\/WhatsApp-Image-2023-04-04-at-17.40.43-2-600x800.jpeg 600w\" sizes=\"(max-width: 768px) 100vw, 768px\" \/>                                  <div class=\"overlay fill\"\n                      style=\"background-color: rgba(0,0,0,.15)\">\n                  <\/div>\n                                                              <\/div>\n              <div class=\"box-text text-left\" >\n                 <p><\/p>\n              <\/div>\n            <\/div>\n            <\/a>          <\/div>\n         <\/div><\/div>\n\n<div class=\"row\"  id=\"row-1650052182\">\n\n\n\t<div id=\"col-1739415635\" class=\"col medium-6 small-12 large-6\"  >\n\t\t\t\t<div class=\"col-inner\"  >\n\t\t\t\n\t\t\t\n\n<p>\u00a0<\/p>\n<p><strong>Tekne \u0130smi :Crystal 8<\/strong><\/p>\n<p><strong>Boy:<\/strong> 15m<\/p>\n<p><strong>En:<\/strong> 4m<\/p>\n<p><strong>Kapasite: <\/strong>8<\/p>\n<p><strong>\u0130skele:<\/strong> Bebek<\/p>\n\n\t\t<\/div>\n\t\t\t\t\t<\/div>\n\n\t\n\n\t<div id=\"col-1149060505\" class=\"col medium-6 small-12 large-6\"  >\n\t\t\t\t<div class=\"col-inner\"  >\n\t\t\t\n\t\t\t\n\n\n\t\t<\/div>\n\t\t\t\t\t<\/div>\n\n\t\n\n<\/div>\n<div class=\"row\"  id=\"row-41417460\">\n\n\n\t<div id=\"col-855658737\" class=\"col medium-6 small-12 large-6\"  >\n\t\t\t\t<div class=\"col-inner text-center\"  >\n\t\t\t\n\t\t\t\n\n<p><strong>F\u0130YATLAR VE M\u00dcSA\u0130TL\u0130K \u0130\u00c7\u0130N B\u0130Z\u0130MLE \u0130LET\u0130\u015e\u0130ME GE\u00c7\u0130N\u0130Z.<\/strong><\/p>\n\n<a href=\"tel:+90%20533%20727%2006%2086\" target=\"_self\" class=\"button primary is-link\"  >\n  <i class=\"icon-phone\" ><\/i>  <span>+90 533 727 06 86<\/span>\n  <\/a>\n\n\n\n\t\t<\/div>\n\t\t\t\t\t<\/div>\n\n\t\n\n\t<div id=\"col-367396860\" class=\"col medium-6 small-12 large-6\"  >\n\t\t\t\t<div class=\"col-inner\"  >\n\t\t\t\n\t\t\t\n\n\n\t\t<\/div>\n\t\t\t\t\t<\/div>\n\n\t\n\n<\/div>\n\n","protected":false},"excerpt":{"rendered":"","protected":false},"author":1,"featured_media":0,"parent":0,"menu_order":0,"comment_status":"closed","ping_status":"closed","template":"","meta":{"footnotes":""},"class_list":["post-530","page","type-page","status-publish","hentry"],"_links":{"self":[{"href":"https:\/\/crystalyachting.com.tr\/index.php\/wp-json\/wp\/v2\/pages\/530","targetHints":{"allow":["GET"]}}],"collection":[{"href":"https:\/\/crystalyachting.com.tr\/index.php\/wp-json\/wp\/v2\/pages"}],"about":[{"href":"https:\/\/crystalyachting.com.tr\/index.php\/wp-json\/wp\/v2\/types\/page"}],"author":[{"embeddable":true,"href":"https:\/\/crystalyachting.com.tr\/index.php\/wp-json\/wp\/v2\/users\/1"}],"replies":[{"embeddable":true,"href":"https:\/\/crystalyachting.com.tr\/index.php\/wp-json\/wp\/v2\/comments?post=530"}],"version-history":[{"count":7,"href":"https:\/\/crystalyachting.com.tr\/index.php\/wp-json\/wp\/v2\/pages\/530\/revisions"}],"predecessor-version":[{"id":1204,"href":"https:\/\/crystalyachting.com.tr\/index.php\/wp-json\/wp\/v2\/pages\/530\/revisions\/1204"}],"wp:attachment":[{"href":"https:\/\/crystalyachting.com.tr\/index.php\/wp-json\/wp\/v2\/media?parent=530"}],"curies":[{"name":"wp","href":"https:\/\/api.w.org\/{rel}","templated":true}]}}