{"id":590,"date":"2023-04-04T18:40:44","date_gmt":"2023-04-04T15:40:44","guid":{"rendered":"https:\/\/crystalyachting.com.tr\/?page_id=590"},"modified":"2023-04-28T15:50:29","modified_gmt":"2023-04-28T12:50:29","slug":"yelkenli-egitimleri","status":"publish","type":"page","link":"https:\/\/crystalyachting.com.tr\/index.php\/yelkenli-egitimleri\/","title":{"rendered":"Yelkenli E\u011fitimleri"},"content":{"rendered":"\n  <div id=\"page-header-48637716\" class=\"page-header-wrapper\">\n  <div class=\"page-title dark featured-title\">\n\n    \n    <div class=\"page-title-inner container align-center flex-row medium-flex-wrap\" >\n            <div class=\"title-content flex-col flex-right text-right medium-text-center\">\n        <div class=\"title-breadcrumbs pb-half pt-half\"><nav class=\"woocommerce-breadcrumb breadcrumbs uppercase\">Home<\/nav><\/div>      <\/div>\n    <\/div>\n\n     \n<style>\n#page-header-48637716 .page-title-inner {\n  min-height: 25px;\n}\n<\/style>\n  <\/div>\n    <\/div>\n  \n\n\t<div id=\"gap-2009507621\" class=\"gap-element clearfix\" style=\"display:block; height:auto;\">\n\t\t\n<style>\n#gap-2009507621 {\n  padding-top: 10px;\n}\n<\/style>\n\t<\/div>\n\t\n\n<p><img decoding=\"async\" class=\" wp-image-1082 aligncenter\" src=\"https:\/\/crystalyachting.com.tr\/wp-content\/uploads\/2023\/04\/KK_Logo.jpg\" alt=\"\" width=\"350\" height=\"250\"><\/p>\n<div class=\"row\"  id=\"row-622704600\">\n\n\n\t<div id=\"col-2026714415\" class=\"col medium-6 small-12 large-6\"  >\n\t\t\t\t<div class=\"col-inner\"  >\n\t\t\t\n\t\t\t\n\n\t<div class=\"img has-hover x md-x lg-x y md-y lg-y\" id=\"image_420457306\">\n\t\t\t\t\t\t\t\t<div class=\"img-inner image-cover dark\" style=\"padding-top:100%;\">\n\t\t\t<img decoding=\"async\" width=\"450\" height=\"300\" src=\"https:\/\/crystalyachting.com.tr\/wp-content\/uploads\/2023\/04\/Adsiz-tasarim-2023-04-06T155133.855.png\" class=\"attachment-original size-original\" alt=\"\" srcset=\"https:\/\/crystalyachting.com.tr\/wp-content\/uploads\/2023\/04\/Adsiz-tasarim-2023-04-06T155133.855.png 450w, https:\/\/crystalyachting.com.tr\/wp-content\/uploads\/2023\/04\/Adsiz-tasarim-2023-04-06T155133.855-300x200.png 300w\" sizes=\"(max-width: 450px) 100vw, 450px\" \/>\t\t\t\t\t\t\n\t\t\t\t\t<\/div>\n\t\t\t\t\t\t\t\t\n<style>\n#image_420457306 {\n  width: 96%;\n}\n<\/style>\n\t<\/div>\n\t\n\n\n\t\t<\/div>\n\t\t\t\t\t<\/div>\n\n\t\n\n\t<div id=\"col-1650470044\" class=\"col medium-6 small-12 large-6\"  >\n\t\t\t\t<div class=\"col-inner\"  >\n\t\t\t\n\t\t\t\n\n<p><strong><span style=\"background-color: #eb9617; color: #ffffff;\">Yelkenli yat\u00e7\u0131l\u0131\u011f\u0131n renkli d\u00fcnyas\u0131na ad\u0131m atma s\u0131ras\u0131 sizde&#8230;<\/span><\/strong><\/p>\n<p><span style=\"font-size: 75%;\">Ankara veya \u0130stanbul&#8217;da iki g\u00fcnl\u00fck teorik e\u011fitiminizi tamamlad\u0131ktan sonra, Fethiye K\u00f6rfezi&#8217;nin b\u00fcy\u00fcl\u00fc atmosferinde bir yandan k\u0131sa tatilinizi yaparken bir yandan da uluslararas\u0131 standartlarda yelkenli yat\u00e7\u0131l\u0131k e\u011fitiminizi alarak Uluslararas\u0131 Yelken Federasyonu taraf\u0131ndan tan\u0131nm\u0131\u015f ve akredite edilmi\u015f *TUYEP(T\u00fcrkiye Ulusal Yelken E\u011fitim Program\u0131) onayl\u0131 sertifikan\u0131z\u0131 al\u0131n ya da g\u00fcn\u00fcbirlik sertifikas\u0131z &#8220;Yelkenli Yat\u00e7\u0131l\u0131kla Tan\u0131\u015fma&#8221; faaliyetimize kat\u0131larak tekne kullan\u0131m prati\u011fiyle tatilinizi renklendirin.\u00a0<\/span><\/p>\n<p><span style=\"font-size: 75%;\"><em><strong>TUYEP: <\/strong>T\u00fcrkiye Yelken Federasyonu ve World Sailing i\u015fbirli\u011fi ile olu\u015fturulmu\u015f, Milli E\u011fitim Bakanl\u0131\u011f\u0131 taraf\u0131ndan onayl\u0131 ve uluslararas\u0131 kabul edilen T\u00fcrkiye Ulusal Yelken Program\u0131d\u0131r.<\/em><\/span><\/p>\n<p><strong><span style=\"background-color: #eb9617; color: #ffffff;\">R\u00fcya,e\u011fitiminizi ba\u015far\u0131yla tamamlad\u0131ktan sonra bitmiyor!<\/span><\/strong><\/p>\n<p><span style=\"font-size: 75%;\">E\u011fitimlerimizi tamamlay\u0131p denizcili\u011fe ad\u0131m atan kat\u0131l\u0131mc\u0131lar\u0131m\u0131z, ADB(amat\u00f6r Denizciler Belgesi) ve KMT(K\u0131sa mesafe telsiz operat\u00f6r\u00fc belgesi) belgelerine sahip olmalar\u0131 ko\u015fulu ile K\u0131\u00e7tankara kul\u00fcp \u00fcyesi olarak \u00fc\u00e7 y\u0131l boyunca tarih uygunlu\u011funa g\u00f6re e\u011fitim g\u00f6rd\u00fckleri tekneyi indirimli-cazip fiyatlarla kiralay\u0131p denizcili\u011fin ve teknede tatilin keyfini \u00e7\u0131kartmaya devam etme imkan\u0131 bulacaklard\u0131r.<\/span><\/p>\n\n\t\t<\/div>\n\t\t\t\t\t<\/div>\n\n\t\n\n<\/div>\n<div class=\"row\"  id=\"row-107004253\">\n\n\n\t<div id=\"col-29241200\" class=\"col small-12 large-12\"  >\n\t\t\t\t<div class=\"col-inner\"  >\n\t\t\t\n\t\t\t\n\n<a href=\"https:\/\/crystalyachting.com.tr\/index.php\/egitimler-hakkinda-genel-bilgiler\/\" target=\"_self\" class=\"button primary is-small box-shadow-1\"  style=\"border-radius:28px;\">\n    <span>Sertifikal\u0131 E\u011fitimler Hakk\u0131nda Genel Bilgi<\/span>\n  <\/a>\n\n\n<a href=\"https:\/\/crystalyachting.com.tr\/index.php\/hangi-egitime-katilmaliyim\/\" target=\"_self\" class=\"button primary is-small box-shadow-1\"  style=\"border-radius:28px;\">\n    <span>E\u011fitim Seviyeleri\/Hangi E\u011fitime Kat\u0131lmal\u0131y\u0131m<\/span>\n  <\/a>\n\n\n<a href=\"https:\/\/crystalyachting.com.tr\/index.php\/egitim-rezervasyon\/\" target=\"_self\" class=\"button primary is-small box-shadow-1\"  style=\"border-radius:28px;\">\n    <span>\u00dccretler, Rezervasyon, \u00d6deme ve Kesin Kay\u0131t<\/span>\n  <\/a>\n\n\n<a href=\"https:\/\/crystalyachting.com.tr\/index.php\/sertifikasiz-gunu-birlik-yelkenli-yatcilikla-tanisalim-pratik-egitimi\/\" target=\"_self\" class=\"button secondary is-small box-shadow-1\"  style=\"border-radius:28px;\">\n    <span>Sertifikas\u0131z G\u00fcn\u00fcbirlik Yelkenli Yat\u00e7\u0131l\u0131kla Tan\u0131\u015fma E\u011fitimi<\/span>\n  <\/a>\n\n\n\n\t\t<\/div>\n\t\t\t\t\t<\/div>\n\n\t\n\n\t<div id=\"col-601911239\" class=\"col small-12 large-12\"  >\n\t\t\t\t<div class=\"col-inner\"  >\n\t\t\t\n\t\t\t\n\n\n\t\t<\/div>\n\t\t\t\t\t<\/div>\n\n\t\n\n\t<div id=\"col-1236390529\" class=\"col small-12 large-12\"  >\n\t\t\t\t<div class=\"col-inner\"  >\n\t\t\t\n\t\t\t\n\n\n\t\t<\/div>\n\t\t\t\t\t<\/div>\n\n\t\n\n\t<div id=\"col-1268144639\" class=\"col small-12 large-12\"  >\n\t\t\t\t<div class=\"col-inner\"  >\n\t\t\t\n\t\t\t\n\n\n\t\t<\/div>\n\t\t\t\t\t<\/div>\n\n\t\n\n<\/div>\n<a class=\"button primary expand\"  style=\"border-radius:10px;\">\n    <span>SERT\u0130F\u0130KALI E\u011e\u0130T\u0130M \u0130\u00c7ER\u0130KLERi<\/span>\n  <\/a>\n\n\n<div class=\"row\"  id=\"row-1460721124\">\n\n\n\t<div id=\"col-1592516465\" class=\"col medium-4 small-12 large-4\"  >\n\t\t\t\t<div class=\"col-inner\"  >\n\t\t\t\n\t\t\t\n\n\t<div class=\"img has-hover x md-x lg-x y md-y lg-y\" id=\"image_793850060\">\n\t\t\t\t\t\t\t\t<div class=\"img-inner image-cover dark\" style=\"padding-top:56.25%;\">\n\t\t\t<img decoding=\"async\" width=\"750\" height=\"602\" src=\"https:\/\/crystalyachting.com.tr\/wp-content\/uploads\/2023\/04\/WhatsApp-Image-2023-03-25-at-7.32.55-PM-2-1.png\" class=\"attachment-original size-original\" alt=\"\" srcset=\"https:\/\/crystalyachting.com.tr\/wp-content\/uploads\/2023\/04\/WhatsApp-Image-2023-03-25-at-7.32.55-PM-2-1.png 750w, https:\/\/crystalyachting.com.tr\/wp-content\/uploads\/2023\/04\/WhatsApp-Image-2023-03-25-at-7.32.55-PM-2-1-300x241.png 300w, https:\/\/crystalyachting.com.tr\/wp-content\/uploads\/2023\/04\/WhatsApp-Image-2023-03-25-at-7.32.55-PM-2-1-600x482.png 600w\" sizes=\"(max-width: 750px) 100vw, 750px\" \/>\t\t\t\t\t\t\n\t\t\t\t\t<\/div>\n\t\t\t\t\t\t\t\t\n<style>\n#image_793850060 {\n  width: 100%;\n}\n<\/style>\n\t<\/div>\n\t\n\n<div class=\"container section-title-container\" ><h4 class=\"section-title section-title-normal\"><b><\/b><span class=\"section-title-main\" style=\"font-size:75%;\">Yelkenli Yat\u00e7\u0131l\u0131k Temel e\u011fitimi (yy1)<\/span><b><\/b><\/h4><\/div>\n\n<a rel=\"noopener noreferrer\" href=\"https:\/\/crystalyachting.com.tr\/wp-content\/uploads\/2023\/04\/yy1-yelkenli-yatcilik-temelleri-kurs-programi.pdf\" target=\"_blank\" class=\"button primary expand\"  style=\"border-radius:8px;\">\n  <i class=\"icon-play\" ><\/i>  <span>E\u011e\u0130T\u0130M\u0130 \u0130NCELE<\/span>\n  <\/a>\n\n\n\n\t\t<\/div>\n\t\t\t\t\t<\/div>\n\n\t\n\n\t<div id=\"col-2130717514\" class=\"col medium-4 small-12 large-4\"  >\n\t\t\t\t<div class=\"col-inner\"  >\n\t\t\t\n\t\t\t\n\n\t<div class=\"img has-hover x md-x lg-x y md-y lg-y\" id=\"image_1668943074\">\n\t\t\t\t\t\t\t\t<div class=\"img-inner image-cover dark\" style=\"padding-top:56.25%;\">\n\t\t\t<img decoding=\"async\" width=\"1080\" height=\"1080\" src=\"https:\/\/crystalyachting.com.tr\/wp-content\/uploads\/2023\/04\/Adsiz-tasarim-2023-04-12T093316.655.png\" class=\"attachment-original size-original\" alt=\"\" srcset=\"https:\/\/crystalyachting.com.tr\/wp-content\/uploads\/2023\/04\/Adsiz-tasarim-2023-04-12T093316.655.png 1080w, https:\/\/crystalyachting.com.tr\/wp-content\/uploads\/2023\/04\/Adsiz-tasarim-2023-04-12T093316.655-300x300.png 300w, https:\/\/crystalyachting.com.tr\/wp-content\/uploads\/2023\/04\/Adsiz-tasarim-2023-04-12T093316.655-1024x1024.png 1024w, https:\/\/crystalyachting.com.tr\/wp-content\/uploads\/2023\/04\/Adsiz-tasarim-2023-04-12T093316.655-150x150.png 150w, https:\/\/crystalyachting.com.tr\/wp-content\/uploads\/2023\/04\/Adsiz-tasarim-2023-04-12T093316.655-768x768.png 768w, https:\/\/crystalyachting.com.tr\/wp-content\/uploads\/2023\/04\/Adsiz-tasarim-2023-04-12T093316.655-600x600.png 600w, https:\/\/crystalyachting.com.tr\/wp-content\/uploads\/2023\/04\/Adsiz-tasarim-2023-04-12T093316.655-100x100.png 100w\" sizes=\"(max-width: 1080px) 100vw, 1080px\" \/>\t\t\t\t\t\t\n\t\t\t\t\t<\/div>\n\t\t\t\t\t\t\t\t\n<style>\n#image_1668943074 {\n  width: 100%;\n}\n<\/style>\n\t<\/div>\n\t\n\n<div class=\"container section-title-container\" ><h4 class=\"section-title section-title-normal\"><b><\/b><span class=\"section-title-main\" style=\"font-size:75%;\">GEZ\u0130 YAT\u00c7ILI\u011eI E\u011e\u0130T\u0130M\u0130 (yy2)<\/span><b><\/b><\/h4><\/div>\n\n<a rel=\"noopener noreferrer\" href=\"https:\/\/crystalyachting.com.tr\/wp-content\/uploads\/2023\/04\/yy2-gezi-yatciligi-kurs-programi.pdf\" target=\"_blank\" class=\"button primary expand\"  style=\"border-radius:8px;\">\n  <i class=\"icon-play\" ><\/i>  <span>E\u011e\u0130T\u0130M\u0130 \u0130NCELE<\/span>\n  <\/a>\n\n\n\n\t\t<\/div>\n\t\t\t\t\t<\/div>\n\n\t\n\n\t<div id=\"col-57824981\" class=\"col medium-4 small-12 large-4\"  >\n\t\t\t\t<div class=\"col-inner\"  >\n\t\t\t\n\t\t\t\n\n\t<div class=\"img has-hover x md-x lg-x y md-y lg-y\" id=\"image_309995768\">\n\t\t\t\t\t\t\t\t<div class=\"img-inner image-cover dark\" style=\"padding-top:56.25%;\">\n\t\t\t<img decoding=\"async\" width=\"750\" height=\"929\" src=\"https:\/\/crystalyachting.com.tr\/wp-content\/uploads\/2023\/04\/WhatsApp-Image-2023-03-25-at-7.32.58-PM-2.jpeg\" class=\"attachment-original size-original\" alt=\"\" srcset=\"https:\/\/crystalyachting.com.tr\/wp-content\/uploads\/2023\/04\/WhatsApp-Image-2023-03-25-at-7.32.58-PM-2.jpeg 750w, https:\/\/crystalyachting.com.tr\/wp-content\/uploads\/2023\/04\/WhatsApp-Image-2023-03-25-at-7.32.58-PM-2-242x300.jpeg 242w, https:\/\/crystalyachting.com.tr\/wp-content\/uploads\/2023\/04\/WhatsApp-Image-2023-03-25-at-7.32.58-PM-2-600x743.jpeg 600w\" sizes=\"(max-width: 750px) 100vw, 750px\" \/>\t\t\t\t\t\t\n\t\t\t\t\t<\/div>\n\t\t\t\t\t\t\t\t\n<style>\n#image_309995768 {\n  width: 100%;\n}\n<\/style>\n\t<\/div>\n\t\n\n<div class=\"container section-title-container\" ><h4 class=\"section-title section-title-normal\"><b><\/b><span class=\"section-title-main\" style=\"font-size:71%;\">\u00dcST D\u00dcZEY YELKENL\u0130 YAT\u00c7ILIK E\u011e\u0130T\u0130M\u0130 (yy3)<\/span><b><\/b><\/h4><\/div>\n\n<a rel=\"noopener noreferrer\" href=\"https:\/\/crystalyachting.com.tr\/wp-content\/uploads\/2023\/04\/yy3.pdf\" target=\"_blank\" class=\"button primary expand\"  style=\"border-radius:8px;\">\n  <i class=\"icon-play\" ><\/i>  <span>E\u011e\u0130T\u0130M\u0130 \u0130NCELE<\/span>\n  <\/a>\n\n\n\n\t\t<\/div>\n\t\t\t\t\t<\/div>\n\n\t\n\n<\/div>\n\n","protected":false},"excerpt":{"rendered":"","protected":false},"author":1,"featured_media":0,"parent":0,"menu_order":0,"comment_status":"closed","ping_status":"closed","template":"","meta":{"footnotes":""},"class_list":["post-590","page","type-page","status-publish","hentry"],"_links":{"self":[{"href":"https:\/\/crystalyachting.com.tr\/index.php\/wp-json\/wp\/v2\/pages\/590","targetHints":{"allow":["GET"]}}],"collection":[{"href":"https:\/\/crystalyachting.com.tr\/index.php\/wp-json\/wp\/v2\/pages"}],"about":[{"href":"https:\/\/crystalyachting.com.tr\/index.php\/wp-json\/wp\/v2\/types\/page"}],"author":[{"embeddable":true,"href":"https:\/\/crystalyachting.com.tr\/index.php\/wp-json\/wp\/v2\/users\/1"}],"replies":[{"embeddable":true,"href":"https:\/\/crystalyachting.com.tr\/index.php\/wp-json\/wp\/v2\/comments?post=590"}],"version-history":[{"count":61,"href":"https:\/\/crystalyachting.com.tr\/index.php\/wp-json\/wp\/v2\/pages\/590\/revisions"}],"predecessor-version":[{"id":1252,"href":"https:\/\/crystalyachting.com.tr\/index.php\/wp-json\/wp\/v2\/pages\/590\/revisions\/1252"}],"wp:attachment":[{"href":"https:\/\/crystalyachting.com.tr\/index.php\/wp-json\/wp\/v2\/media?parent=590"}],"curies":[{"name":"wp","href":"https:\/\/api.w.org\/{rel}","templated":true}]}}