{"id":666,"date":"2023-04-04T21:20:21","date_gmt":"2023-04-04T18:20:21","guid":{"rendered":"https:\/\/crystalyachting.com.tr\/?page_id=666"},"modified":"2023-04-26T11:22:57","modified_gmt":"2023-04-26T08:22:57","slug":"tekneler-duplicate-1","status":"publish","type":"page","link":"https:\/\/crystalyachting.com.tr\/index.php\/tekneler-duplicate-1\/","title":{"rendered":"Yelkenli Tekneler"},"content":{"rendered":"\n\t<div id=\"gap-1268757295\" class=\"gap-element clearfix\" style=\"display:block; height:auto;\">\n\t\t\n<style>\n#gap-1268757295 {\n  padding-top: 15px;\n}\n<\/style>\n\t<\/div>\n\t\n\n\t<div id=\"text-2747431080\" class=\"text\">\n\t\t\n\n<p><img decoding=\"async\" class=\"alignnone size-medium wp-image-1172\" src=\"https:\/\/crystalyachting.com.tr\/wp-content\/uploads\/2023\/04\/KK_Logo-300x90.jpg\" alt=\"\" width=\"300\" height=\"90\" srcset=\"https:\/\/crystalyachting.com.tr\/wp-content\/uploads\/2023\/04\/KK_Logo-300x90.jpg 300w, https:\/\/crystalyachting.com.tr\/wp-content\/uploads\/2023\/04\/KK_Logo-600x180.jpg 600w, https:\/\/crystalyachting.com.tr\/wp-content\/uploads\/2023\/04\/KK_Logo.jpg 748w\" sizes=\"(max-width: 300px) 100vw, 300px\" \/><\/p>\n\t\t\n<style>\n#text-2747431080 {\n  text-align: center;\n}\n<\/style>\n\t<\/div>\n\t\n\t<div id=\"gap-473739154\" class=\"gap-element clearfix\" style=\"display:block; height:auto;\">\n\t\t\n<style>\n#gap-473739154 {\n  padding-top: 11px;\n}\n<\/style>\n\t<\/div>\n\t\n\n<div class=\"row\"  id=\"row-620443261\">\n\n\n\t<div id=\"col-483512666\" class=\"col medium-4 small-12 large-4\"  >\n\t\t\t\t<div class=\"col-inner\"  >\n\t\t\t\n\t\t\t\n\n\t<div class=\"img has-hover x md-x lg-x y md-y lg-y\" id=\"image_2030059659\">\n\t\t<a class=\"\" href=\"https:\/\/crystalyachting.com.tr\/index.php\/yat-5\/\"  >\t\t\t\t\t\t<div class=\"img-inner image-cover dark\" style=\"padding-top:56.25%;\">\n\t\t\t<img decoding=\"async\" width=\"750\" height=\"602\" src=\"https:\/\/crystalyachting.com.tr\/wp-content\/uploads\/2023\/04\/WhatsApp-Image-2023-03-25-at-7.32.55-PM-2.png\" class=\"attachment-original size-original\" alt=\"\" srcset=\"https:\/\/crystalyachting.com.tr\/wp-content\/uploads\/2023\/04\/WhatsApp-Image-2023-03-25-at-7.32.55-PM-2.png 750w, https:\/\/crystalyachting.com.tr\/wp-content\/uploads\/2023\/04\/WhatsApp-Image-2023-03-25-at-7.32.55-PM-2-300x241.png 300w, https:\/\/crystalyachting.com.tr\/wp-content\/uploads\/2023\/04\/WhatsApp-Image-2023-03-25-at-7.32.55-PM-2-600x482.png 600w\" sizes=\"(max-width: 750px) 100vw, 750px\" \/>\t\t\t\t\t\t\n\t\t\t\t\t<\/div>\n\t\t\t\t\t\t<\/a>\t\t\n<style>\n#image_2030059659 {\n  width: 100%;\n}\n<\/style>\n\t<\/div>\n\t\n\n<div class=\"container section-title-container\" ><h3 class=\"section-title section-title-center\"><b><\/b><span class=\"section-title-main\" >PIXIE<\/span><b><\/b><\/h3><\/div>\n\n<p><strong>Bavaria 30 Cruiser<\/strong><\/p>\n<p><strong>Boy:<\/strong> 9.45 m<\/p>\n<p><strong>En:<\/strong> 3.30 m<\/p>\n<p><strong>Kapasite:<\/strong> 5 ki\u015fi<\/p>\n<p><strong>WC\/Banyo:<\/strong> 1<\/p>\n<p><strong>Kabin:<\/strong> 2<\/p>\n<p><strong>Yak\u0131t:<\/strong> 90 lt<\/p>\n<p><strong>Su:<\/strong> 150 lt<\/p>\n\n\t\t<\/div>\n\t\t\t\t\t<\/div>\n\n\t\n\n\t<div id=\"col-1726830889\" class=\"col medium-4 small-12 large-4\"  >\n\t\t\t\t<div class=\"col-inner\"  >\n\t\t\t\n\t\t\t\n\n\t<div class=\"img has-hover x md-x lg-x y md-y lg-y\" id=\"image_397778263\">\n\t\t<a class=\"\" href=\"https:\/\/crystalyachting.com.tr\/index.php\/yelkenli-1\/\"  >\t\t\t\t\t\t<div class=\"img-inner image-cover dark\" style=\"padding-top:56.25%;\">\n\t\t\t<img decoding=\"async\" width=\"740\" height=\"1600\" src=\"https:\/\/crystalyachting.com.tr\/wp-content\/uploads\/2023\/04\/WhatsApp-Image-2023-04-07-at-22.29.58.jpeg\" class=\"attachment-original size-original\" alt=\"\" srcset=\"https:\/\/crystalyachting.com.tr\/wp-content\/uploads\/2023\/04\/WhatsApp-Image-2023-04-07-at-22.29.58.jpeg 740w, https:\/\/crystalyachting.com.tr\/wp-content\/uploads\/2023\/04\/WhatsApp-Image-2023-04-07-at-22.29.58-139x300.jpeg 139w, https:\/\/crystalyachting.com.tr\/wp-content\/uploads\/2023\/04\/WhatsApp-Image-2023-04-07-at-22.29.58-474x1024.jpeg 474w, https:\/\/crystalyachting.com.tr\/wp-content\/uploads\/2023\/04\/WhatsApp-Image-2023-04-07-at-22.29.58-710x1536.jpeg 710w, https:\/\/crystalyachting.com.tr\/wp-content\/uploads\/2023\/04\/WhatsApp-Image-2023-04-07-at-22.29.58-600x1297.jpeg 600w\" sizes=\"(max-width: 740px) 100vw, 740px\" \/>\t\t\t\t\t\t\n\t\t\t\t\t<\/div>\n\t\t\t\t\t\t<\/a>\t\t\n<style>\n#image_397778263 {\n  width: 100%;\n}\n<\/style>\n\t<\/div>\n\t\n\n<div class=\"container section-title-container\" ><h3 class=\"section-title section-title-center\"><b><\/b><span class=\"section-title-main\" >CRYSTAL Y1<\/span><b><\/b><\/h3><\/div>\n\n<p><strong>Jeanneau Sun Odysey 42i<\/strong><\/p>\n<p><strong>Boy: <\/strong>12.85m<\/p>\n<p><strong>En:<\/strong> 4,15m<\/p>\n<p><strong>Kapasite: <\/strong>8 ki\u015fi<\/p>\n<p><strong>Kabin: <\/strong>3<\/p>\n<p><strong>WC\/Banyo: <\/strong>2<\/p>\n<p><strong>Yak\u0131t:<\/strong> 140 lt<\/p>\n<p><strong>Su:<\/strong> 355 lt<\/p>\n<p>\u00a0<\/p>\n\n\t\t<\/div>\n\t\t\t\t\t<\/div>\n\n\t\n\n\t<div id=\"col-105438625\" class=\"col medium-4 small-12 large-4\"  >\n\t\t\t\t<div class=\"col-inner\"  >\n\t\t\t\n\t\t\t\n\n\n\t\t<\/div>\n\t\t\t\t\t<\/div>\n\n\t\n\n<\/div>\n<div class=\"row\"  id=\"row-1691680384\">\n\n\n\t<div id=\"col-1834015796\" class=\"col medium-3 small-12 large-3\"  >\n\t\t\t\t<div class=\"col-inner\"  >\n\t\t\t\n\t\t\t\n\n<a href=\"https:\/\/crystalyachting.com.tr\/index.php\/vipmotoryatlar\/\" target=\"_self\" class=\"button primary\"  >\n    <span>VIP MOTORYATLAR<\/span>\n  <\/a>\n\n\n\n\t\t<\/div>\n\t\t\t\t\t<\/div>\n\n\t\n\n\t<div id=\"col-384457144\" class=\"col medium-9 small-12 large-9\"  >\n\t\t\t\t<div class=\"col-inner\"  >\n\t\t\t\n\t\t\t\n\n<a href=\"https:\/\/crystalyachting.com.tr\/index.php\/etkinliktekneleri\/\" target=\"_self\" class=\"button primary\"  >\n    <span>Y\u00dcKSEK KAPAS\u0130TEL\u0130 ETK\u0130NL\u0130K TEKNELER\u0130<\/span>\n  <\/a>\n\n\n\n\t\t<\/div>\n\t\t\t\t\t<\/div>\n\n\t\n\n<\/div>\n\n","protected":false},"excerpt":{"rendered":"","protected":false},"author":1,"featured_media":0,"parent":0,"menu_order":0,"comment_status":"closed","ping_status":"closed","template":"","meta":{"footnotes":""},"class_list":["post-666","page","type-page","status-publish","hentry"],"_links":{"self":[{"href":"https:\/\/crystalyachting.com.tr\/index.php\/wp-json\/wp\/v2\/pages\/666","targetHints":{"allow":["GET"]}}],"collection":[{"href":"https:\/\/crystalyachting.com.tr\/index.php\/wp-json\/wp\/v2\/pages"}],"about":[{"href":"https:\/\/crystalyachting.com.tr\/index.php\/wp-json\/wp\/v2\/types\/page"}],"author":[{"embeddable":true,"href":"https:\/\/crystalyachting.com.tr\/index.php\/wp-json\/wp\/v2\/users\/1"}],"replies":[{"embeddable":true,"href":"https:\/\/crystalyachting.com.tr\/index.php\/wp-json\/wp\/v2\/comments?post=666"}],"version-history":[{"count":14,"href":"https:\/\/crystalyachting.com.tr\/index.php\/wp-json\/wp\/v2\/pages\/666\/revisions"}],"predecessor-version":[{"id":1226,"href":"https:\/\/crystalyachting.com.tr\/index.php\/wp-json\/wp\/v2\/pages\/666\/revisions\/1226"}],"wp:attachment":[{"href":"https:\/\/crystalyachting.com.tr\/index.php\/wp-json\/wp\/v2\/media?parent=666"}],"curies":[{"name":"wp","href":"https:\/\/api.w.org\/{rel}","templated":true}]}}