{"id":676,"date":"2023-04-04T21:30:56","date_gmt":"2023-04-04T18:30:56","guid":{"rendered":"https:\/\/crystalyachting.com.tr\/?page_id=676"},"modified":"2023-04-20T12:19:51","modified_gmt":"2023-04-20T09:19:51","slug":"vipmotoryatlar","status":"publish","type":"page","link":"https:\/\/crystalyachting.com.tr\/index.php\/vipmotoryatlar\/","title":{"rendered":"VIP Motor Yatlar"},"content":{"rendered":"\n<div class=\"container section-title-container\" ><h3 class=\"section-title section-title-normal\"><b><\/b><span class=\"section-title-main\" >Luks Motoryatlar<\/span><b><\/b><\/h3><\/div>\n\n<div class=\"row\"  id=\"row-511702160\">\n\n\n\t<div id=\"col-1935294012\" class=\"col medium-4 small-12 large-4\"  >\n\t\t\t\t<div class=\"col-inner\"  >\n\t\t\t\n\t\t\t\n\n\t<div class=\"img has-hover x md-x lg-x y md-y lg-y\" id=\"image_729878975\">\n\t\t<a class=\"\" href=\"https:\/\/crystalyachting.com.tr\/index.php\/yat-1\/\"  >\t\t\t\t\t\t<div class=\"img-inner image-cover dark\" style=\"padding-top:56.25%;\">\n\t\t\t<img decoding=\"async\" width=\"2048\" height=\"1536\" src=\"https:\/\/crystalyachting.com.tr\/wp-content\/uploads\/2023\/04\/31da5a38-e38c-4dd2-934d-76127b7bd665.jpg\" class=\"attachment-original size-original\" alt=\"\" srcset=\"https:\/\/crystalyachting.com.tr\/wp-content\/uploads\/2023\/04\/31da5a38-e38c-4dd2-934d-76127b7bd665.jpg 2048w, https:\/\/crystalyachting.com.tr\/wp-content\/uploads\/2023\/04\/31da5a38-e38c-4dd2-934d-76127b7bd665-300x225.jpg 300w, https:\/\/crystalyachting.com.tr\/wp-content\/uploads\/2023\/04\/31da5a38-e38c-4dd2-934d-76127b7bd665-1024x768.jpg 1024w, https:\/\/crystalyachting.com.tr\/wp-content\/uploads\/2023\/04\/31da5a38-e38c-4dd2-934d-76127b7bd665-768x576.jpg 768w, https:\/\/crystalyachting.com.tr\/wp-content\/uploads\/2023\/04\/31da5a38-e38c-4dd2-934d-76127b7bd665-1536x1152.jpg 1536w, https:\/\/crystalyachting.com.tr\/wp-content\/uploads\/2023\/04\/31da5a38-e38c-4dd2-934d-76127b7bd665-600x450.jpg 600w\" sizes=\"(max-width: 2048px) 100vw, 2048px\" \/>\t\t\t\t\t\t\n\t\t\t\t\t<\/div>\n\t\t\t\t\t\t<\/a>\t\t\n<style>\n#image_729878975 {\n  width: 100%;\n}\n<\/style>\n\t<\/div>\n\t\n\n<div class=\"container section-title-container\" ><h3 class=\"section-title section-title-center\"><b><\/b><span class=\"section-title-main\" >Ar\u0131anna<\/span><b><\/b><\/h3><\/div>\n\n\n\t\t<\/div>\n\t\t\t\t\t<\/div>\n\n\t\n\n\t<div id=\"col-1998211653\" class=\"col medium-4 small-12 large-4\"  >\n\t\t\t\t<div class=\"col-inner\"  >\n\t\t\t\n\t\t\t\n\n\t<div class=\"img has-hover x md-x lg-x y md-y lg-y\" id=\"image_1585648168\">\n\t\t<a class=\"\" href=\"https:\/\/crystalyachting.com.tr\/index.php\/yat-2\/\"  >\t\t\t\t\t\t<div class=\"img-inner image-cover dark\" style=\"padding-top:56.25%;\">\n\t\t\t<img decoding=\"async\" width=\"1024\" height=\"768\" src=\"https:\/\/crystalyachting.com.tr\/wp-content\/uploads\/2023\/04\/WhatsApp-Image-2023-02-23-at-4.32.00-PM-2-1024x768-1-1.jpeg\" class=\"attachment-original size-original\" alt=\"\" srcset=\"https:\/\/crystalyachting.com.tr\/wp-content\/uploads\/2023\/04\/WhatsApp-Image-2023-02-23-at-4.32.00-PM-2-1024x768-1-1.jpeg 1024w, https:\/\/crystalyachting.com.tr\/wp-content\/uploads\/2023\/04\/WhatsApp-Image-2023-02-23-at-4.32.00-PM-2-1024x768-1-1-300x225.jpeg 300w, https:\/\/crystalyachting.com.tr\/wp-content\/uploads\/2023\/04\/WhatsApp-Image-2023-02-23-at-4.32.00-PM-2-1024x768-1-1-768x576.jpeg 768w, https:\/\/crystalyachting.com.tr\/wp-content\/uploads\/2023\/04\/WhatsApp-Image-2023-02-23-at-4.32.00-PM-2-1024x768-1-1-600x450.jpeg 600w\" sizes=\"(max-width: 1024px) 100vw, 1024px\" \/>\t\t\t\t\t\t\n\t\t\t\t\t<\/div>\n\t\t\t\t\t\t<\/a>\t\t\n<style>\n#image_1585648168 {\n  width: 100%;\n}\n<\/style>\n\t<\/div>\n\t\n\n<div class=\"container section-title-container\" ><h3 class=\"section-title section-title-center\"><b><\/b><span class=\"section-title-main\" >CRYSTAL 1<\/span><b><\/b><a href=\"https:\/\/arianna.com.tr\/index.php\/tuana-c\/\" target=\"\"><i class=\"icon-angle-right\" ><\/i><\/a><\/h3><\/div>\n\n\n\t\t<\/div>\n\t\t\t\t\t<\/div>\n\n\t\n\n\t<div id=\"col-179097066\" class=\"col medium-4 small-12 large-4\"  >\n\t\t\t\t<div class=\"col-inner\"  >\n\t\t\t\n\t\t\t\n\n\t<div class=\"img has-hover x md-x lg-x y md-y lg-y\" id=\"image_1567720871\">\n\t\t<a class=\"\" href=\"https:\/\/crystalyachting.com.tr\/index.php\/yat-3\/\"  >\t\t\t\t\t\t<div class=\"img-inner image-cover dark\" style=\"padding-top:56.25%;\">\n\t\t\t<img decoding=\"async\" width=\"768\" height=\"1024\" src=\"https:\/\/crystalyachting.com.tr\/wp-content\/uploads\/2023\/04\/WhatsApp-Image-2023-02-23-at-4.31.51-PM-768x1024-1.jpeg\" class=\"attachment-original size-original\" alt=\"\" srcset=\"https:\/\/crystalyachting.com.tr\/wp-content\/uploads\/2023\/04\/WhatsApp-Image-2023-02-23-at-4.31.51-PM-768x1024-1.jpeg 768w, https:\/\/crystalyachting.com.tr\/wp-content\/uploads\/2023\/04\/WhatsApp-Image-2023-02-23-at-4.31.51-PM-768x1024-1-225x300.jpeg 225w, https:\/\/crystalyachting.com.tr\/wp-content\/uploads\/2023\/04\/WhatsApp-Image-2023-02-23-at-4.31.51-PM-768x1024-1-600x800.jpeg 600w\" sizes=\"(max-width: 768px) 100vw, 768px\" \/>\t\t\t\t\t\t\n\t\t\t\t\t<\/div>\n\t\t\t\t\t\t<\/a>\t\t\n<style>\n#image_1567720871 {\n  width: 100%;\n}\n<\/style>\n\t<\/div>\n\t\n\n<div class=\"container section-title-container\" ><h3 class=\"section-title section-title-center\"><b><\/b><span class=\"section-title-main\" >CRYSTAL 2<\/span><b><\/b><a href=\"https:\/\/arianna.com.tr\/index.php\/tuana-c\/\" target=\"\"><i class=\"icon-angle-right\" ><\/i><\/a><\/h3><\/div>\n\n\n\t\t<\/div>\n\t\t\t\t\t<\/div>\n\n\t\n\n<\/div>\n<div class=\"row\"  id=\"row-1684588806\">\n\n\n\t<div id=\"col-657221000\" class=\"col medium-4 small-12 large-4\"  >\n\t\t\t\t<div class=\"col-inner\"  >\n\t\t\t\n\t\t\t\n\n\t<div class=\"img has-hover x md-x lg-x y md-y lg-y\" id=\"image_1838890751\">\n\t\t<a class=\"\" href=\"https:\/\/crystalyachting.com.tr\/index.php\/yat-4-2\/\"  >\t\t\t\t\t\t<div class=\"img-inner image-cover dark\" style=\"padding-top:56.25%;\">\n\t\t\t<img decoding=\"async\" width=\"1020\" height=\"765\" src=\"https:\/\/crystalyachting.com.tr\/wp-content\/uploads\/2023\/04\/WhatsApp-Image-2023-04-04-at-16.16.08-1024x768.jpeg\" class=\"attachment-large size-large\" alt=\"\" srcset=\"https:\/\/crystalyachting.com.tr\/wp-content\/uploads\/2023\/04\/WhatsApp-Image-2023-04-04-at-16.16.08-1024x768.jpeg 1024w, https:\/\/crystalyachting.com.tr\/wp-content\/uploads\/2023\/04\/WhatsApp-Image-2023-04-04-at-16.16.08-300x225.jpeg 300w, https:\/\/crystalyachting.com.tr\/wp-content\/uploads\/2023\/04\/WhatsApp-Image-2023-04-04-at-16.16.08-768x576.jpeg 768w, https:\/\/crystalyachting.com.tr\/wp-content\/uploads\/2023\/04\/WhatsApp-Image-2023-04-04-at-16.16.08-1536x1152.jpeg 1536w, https:\/\/crystalyachting.com.tr\/wp-content\/uploads\/2023\/04\/WhatsApp-Image-2023-04-04-at-16.16.08-600x450.jpeg 600w, https:\/\/crystalyachting.com.tr\/wp-content\/uploads\/2023\/04\/WhatsApp-Image-2023-04-04-at-16.16.08.jpeg 2048w\" sizes=\"(max-width: 1020px) 100vw, 1020px\" \/>\t\t\t\t\t\t\n\t\t\t\t\t<\/div>\n\t\t\t\t\t\t<\/a>\t\t\n<style>\n#image_1838890751 {\n  width: 100%;\n}\n<\/style>\n\t<\/div>\n\t\n\n<div class=\"container section-title-container\" ><h3 class=\"section-title section-title-center\"><b><\/b><span class=\"section-title-main\" >CRYSTAL 3<\/span><b><\/b><\/h3><\/div>\n\n\n\t\t<\/div>\n\t\t\t\t\t<\/div>\n\n\t\n\n\t<div id=\"col-1808140862\" class=\"col medium-4 small-12 large-4\"  >\n\t\t\t\t<div class=\"col-inner\"  >\n\t\t\t\n\t\t\t\n\n\t<div class=\"img has-hover x md-x lg-x y md-y lg-y\" id=\"image_1222693720\">\n\t\t<a class=\"\" href=\"https:\/\/arianna.com.tr\/index.php\/tuana-d\"  >\t\t\t\t\t\t<div class=\"img-inner image-cover dark\" style=\"padding-top:56.25%;\">\n\t\t\t<img decoding=\"async\" width=\"2048\" height=\"1536\" src=\"https:\/\/crystalyachting.com.tr\/wp-content\/uploads\/2023\/04\/WhatsApp-Image-2023-04-04-at-16.16.13-2.jpeg\" class=\"attachment-original size-original\" alt=\"\" srcset=\"https:\/\/crystalyachting.com.tr\/wp-content\/uploads\/2023\/04\/WhatsApp-Image-2023-04-04-at-16.16.13-2.jpeg 2048w, https:\/\/crystalyachting.com.tr\/wp-content\/uploads\/2023\/04\/WhatsApp-Image-2023-04-04-at-16.16.13-2-300x225.jpeg 300w, https:\/\/crystalyachting.com.tr\/wp-content\/uploads\/2023\/04\/WhatsApp-Image-2023-04-04-at-16.16.13-2-1024x768.jpeg 1024w, https:\/\/crystalyachting.com.tr\/wp-content\/uploads\/2023\/04\/WhatsApp-Image-2023-04-04-at-16.16.13-2-768x576.jpeg 768w, https:\/\/crystalyachting.com.tr\/wp-content\/uploads\/2023\/04\/WhatsApp-Image-2023-04-04-at-16.16.13-2-1536x1152.jpeg 1536w, https:\/\/crystalyachting.com.tr\/wp-content\/uploads\/2023\/04\/WhatsApp-Image-2023-04-04-at-16.16.13-2-600x450.jpeg 600w\" sizes=\"(max-width: 2048px) 100vw, 2048px\" \/>\t\t\t\t\t\t\n\t\t\t\t\t<\/div>\n\t\t\t\t\t\t<\/a>\t\t\n<style>\n#image_1222693720 {\n  width: 100%;\n}\n<\/style>\n\t<\/div>\n\t\n\n<div class=\"container section-title-container\" ><h3 class=\"section-title section-title-center\"><b><\/b><span class=\"section-title-main\" >CRYSTAL 4<\/span><b><\/b><a href=\"https:\/\/arianna.com.tr\/index.php\/tuana-c\/\" target=\"\"><i class=\"icon-angle-right\" ><\/i><\/a><\/h3><\/div>\n\n\n\t\t<\/div>\n\t\t\t\t\t<\/div>\n\n\t\n\n\t<div id=\"col-1116843271\" class=\"col medium-4 small-12 large-4\"  >\n\t\t\t\t<div class=\"col-inner\"  >\n\t\t\t\n\t\t\t\n\n\t<div class=\"img has-hover x md-x lg-x y md-y lg-y\" id=\"image_180544177\">\n\t\t<a class=\"\" href=\"https:\/\/crystalyachting.com.tr\/index.php\/yat6s\/\"  >\t\t\t\t\t\t<div class=\"img-inner image-cover dark\" style=\"padding-top:56.25%;\">\n\t\t\t<img decoding=\"async\" width=\"2048\" height=\"1536\" src=\"https:\/\/crystalyachting.com.tr\/wp-content\/uploads\/2023\/04\/06ffcc1a-b90d-4a6c-97dd-0028e5cd048a.jpg\" class=\"attachment-original size-original\" alt=\"\" srcset=\"https:\/\/crystalyachting.com.tr\/wp-content\/uploads\/2023\/04\/06ffcc1a-b90d-4a6c-97dd-0028e5cd048a.jpg 2048w, https:\/\/crystalyachting.com.tr\/wp-content\/uploads\/2023\/04\/06ffcc1a-b90d-4a6c-97dd-0028e5cd048a-300x225.jpg 300w, https:\/\/crystalyachting.com.tr\/wp-content\/uploads\/2023\/04\/06ffcc1a-b90d-4a6c-97dd-0028e5cd048a-1024x768.jpg 1024w, https:\/\/crystalyachting.com.tr\/wp-content\/uploads\/2023\/04\/06ffcc1a-b90d-4a6c-97dd-0028e5cd048a-768x576.jpg 768w, https:\/\/crystalyachting.com.tr\/wp-content\/uploads\/2023\/04\/06ffcc1a-b90d-4a6c-97dd-0028e5cd048a-1536x1152.jpg 1536w, https:\/\/crystalyachting.com.tr\/wp-content\/uploads\/2023\/04\/06ffcc1a-b90d-4a6c-97dd-0028e5cd048a-600x450.jpg 600w\" sizes=\"(max-width: 2048px) 100vw, 2048px\" \/>\t\t\t\t\t\t\n\t\t\t\t\t<\/div>\n\t\t\t\t\t\t<\/a>\t\t\n<style>\n#image_180544177 {\n  width: 100%;\n}\n<\/style>\n\t<\/div>\n\t\n\n<div class=\"container section-title-container\" ><h3 class=\"section-title section-title-center\"><b><\/b><span class=\"section-title-main\" >CRYSTAL 5<\/span><b><\/b><a href=\"https:\/\/arianna.com.tr\/index.php\/tuana-c\/\" target=\"\"><i class=\"icon-angle-right\" ><\/i><\/a><\/h3><\/div>\n\n\n\t\t<\/div>\n\t\t\t\t\t<\/div>\n\n\t\n\n<\/div>\n<div class=\"row\"  id=\"row-919530357\">\n\n\n\t<div id=\"col-1044539160\" class=\"col medium-4 small-12 large-4\"  >\n\t\t\t\t<div class=\"col-inner\"  >\n\t\t\t\n\t\t\t\n\n\t<div class=\"img has-hover x md-x lg-x y md-y lg-y\" id=\"image_672618677\">\n\t\t<a class=\"\" href=\"https:\/\/crystalyachting.com.tr\/index.php\/yat7\/\"  >\t\t\t\t\t\t<div class=\"img-inner image-cover dark\" style=\"padding-top:56.25%;\">\n\t\t\t<img decoding=\"async\" width=\"1536\" height=\"1544\" src=\"https:\/\/crystalyachting.com.tr\/wp-content\/uploads\/2023\/04\/WhatsApp-Image-2023-04-04-at-16.37.19-1.png\" class=\"attachment-original size-original\" alt=\"\" srcset=\"https:\/\/crystalyachting.com.tr\/wp-content\/uploads\/2023\/04\/WhatsApp-Image-2023-04-04-at-16.37.19-1.png 1536w, https:\/\/crystalyachting.com.tr\/wp-content\/uploads\/2023\/04\/WhatsApp-Image-2023-04-04-at-16.37.19-1-298x300.png 298w, https:\/\/crystalyachting.com.tr\/wp-content\/uploads\/2023\/04\/WhatsApp-Image-2023-04-04-at-16.37.19-1-1019x1024.png 1019w, https:\/\/crystalyachting.com.tr\/wp-content\/uploads\/2023\/04\/WhatsApp-Image-2023-04-04-at-16.37.19-1-150x150.png 150w, https:\/\/crystalyachting.com.tr\/wp-content\/uploads\/2023\/04\/WhatsApp-Image-2023-04-04-at-16.37.19-1-768x772.png 768w, https:\/\/crystalyachting.com.tr\/wp-content\/uploads\/2023\/04\/WhatsApp-Image-2023-04-04-at-16.37.19-1-1528x1536.png 1528w, https:\/\/crystalyachting.com.tr\/wp-content\/uploads\/2023\/04\/WhatsApp-Image-2023-04-04-at-16.37.19-1-600x603.png 600w, https:\/\/crystalyachting.com.tr\/wp-content\/uploads\/2023\/04\/WhatsApp-Image-2023-04-04-at-16.37.19-1-100x100.png 100w\" sizes=\"(max-width: 1536px) 100vw, 1536px\" \/>\t\t\t\t\t\t\n\t\t\t\t\t<\/div>\n\t\t\t\t\t\t<\/a>\t\t\n<style>\n#image_672618677 {\n  width: 100%;\n}\n<\/style>\n\t<\/div>\n\t\n\n<div class=\"container section-title-container\" ><h3 class=\"section-title section-title-center\"><b><\/b><span class=\"section-title-main\" >CRYSTAL 6<\/span><b><\/b><\/h3><\/div>\n\n\n\t\t<\/div>\n\t\t\t\t\t<\/div>\n\n\t\n\n\t<div id=\"col-1491286076\" class=\"col medium-4 small-12 large-4\"  >\n\t\t\t\t<div class=\"col-inner\"  >\n\t\t\t\n\t\t\t\n\n\t<div class=\"img has-hover x md-x lg-x y md-y lg-y\" id=\"image_921341385\">\n\t\t<a class=\"\" href=\"https:\/\/crystalyachting.com.tr\/index.php\/yat8\/\"  >\t\t\t\t\t\t<div class=\"img-inner image-cover dark\" style=\"padding-top:56.25%;\">\n\t\t\t<img decoding=\"async\" width=\"2048\" height=\"1536\" src=\"https:\/\/crystalyachting.com.tr\/wp-content\/uploads\/2023\/04\/WhatsApp-Image-2023-04-04-at-16.47.28-5.jpeg\" class=\"attachment-original size-original\" alt=\"\" srcset=\"https:\/\/crystalyachting.com.tr\/wp-content\/uploads\/2023\/04\/WhatsApp-Image-2023-04-04-at-16.47.28-5.jpeg 2048w, https:\/\/crystalyachting.com.tr\/wp-content\/uploads\/2023\/04\/WhatsApp-Image-2023-04-04-at-16.47.28-5-300x225.jpeg 300w, https:\/\/crystalyachting.com.tr\/wp-content\/uploads\/2023\/04\/WhatsApp-Image-2023-04-04-at-16.47.28-5-1024x768.jpeg 1024w, https:\/\/crystalyachting.com.tr\/wp-content\/uploads\/2023\/04\/WhatsApp-Image-2023-04-04-at-16.47.28-5-768x576.jpeg 768w, https:\/\/crystalyachting.com.tr\/wp-content\/uploads\/2023\/04\/WhatsApp-Image-2023-04-04-at-16.47.28-5-1536x1152.jpeg 1536w, https:\/\/crystalyachting.com.tr\/wp-content\/uploads\/2023\/04\/WhatsApp-Image-2023-04-04-at-16.47.28-5-600x450.jpeg 600w\" sizes=\"(max-width: 2048px) 100vw, 2048px\" \/>\t\t\t\t\t\t\n\t\t\t\t\t<\/div>\n\t\t\t\t\t\t<\/a>\t\t\n<style>\n#image_921341385 {\n  width: 100%;\n}\n<\/style>\n\t<\/div>\n\t\n\n<div class=\"container section-title-container\" ><h3 class=\"section-title section-title-center\"><b><\/b><span class=\"section-title-main\" >CRYSTAL 7<\/span><b><\/b><\/h3><\/div>\n\n\n\t\t<\/div>\n\t\t\t\t\t<\/div>\n\n\t\n\n\t<div id=\"col-1591371104\" class=\"col medium-4 small-12 large-4\"  >\n\t\t\t\t<div class=\"col-inner\"  >\n\t\t\t\n\t\t\t\n\n\t<div class=\"img has-hover x md-x lg-x y md-y lg-y\" id=\"image_518373727\">\n\t\t<a class=\"\" href=\"https:\/\/crystalyachting.com.tr\/index.php\/yat9\/\"  >\t\t\t\t\t\t<div class=\"img-inner image-cover dark\" style=\"padding-top:56.25%;\">\n\t\t\t<img decoding=\"async\" width=\"768\" height=\"1024\" src=\"https:\/\/crystalyachting.com.tr\/wp-content\/uploads\/2023\/04\/51045a80-af93-4014-8eff-574be1472a1b-1.jpg\" class=\"attachment-original size-original\" alt=\"\" srcset=\"https:\/\/crystalyachting.com.tr\/wp-content\/uploads\/2023\/04\/51045a80-af93-4014-8eff-574be1472a1b-1.jpg 768w, https:\/\/crystalyachting.com.tr\/wp-content\/uploads\/2023\/04\/51045a80-af93-4014-8eff-574be1472a1b-1-225x300.jpg 225w, https:\/\/crystalyachting.com.tr\/wp-content\/uploads\/2023\/04\/51045a80-af93-4014-8eff-574be1472a1b-1-600x800.jpg 600w\" sizes=\"(max-width: 768px) 100vw, 768px\" \/>\t\t\t\t\t\t\n\t\t\t\t\t<\/div>\n\t\t\t\t\t\t<\/a>\t\t\n<style>\n#image_518373727 {\n  width: 100%;\n}\n<\/style>\n\t<\/div>\n\t\n\n<div class=\"container section-title-container\" ><h3 class=\"section-title section-title-center\"><b><\/b><span class=\"section-title-main\" >CRYSTAL 8<\/span><b><\/b><\/h3><\/div>\n\n\n\t\t<\/div>\n\t\t\t\t\t<\/div>\n\n\t\n\n<\/div>\n<div class=\"row\"  id=\"row-533325045\">\n\n\n\t<div id=\"col-229550600\" class=\"col medium-4 small-12 large-4\"  >\n\t\t\t\t<div class=\"col-inner\"  >\n\t\t\t\n\t\t\t\n\n<a href=\"https:\/\/crystalyachting.com.tr\/index.php\/tekneler-duplicate-1\/\" target=\"_self\" class=\"button primary\"  >\n    <span>YELKENL\u0130 TEKNELER<\/span>\n  <\/a>\n\n\n\n\t\t<\/div>\n\t\t\t\t\t<\/div>\n\n\t\n\n\t<div id=\"col-531354747\" class=\"col medium-8 small-12 large-8\"  >\n\t\t\t\t<div class=\"col-inner\"  >\n\t\t\t\n\t\t\t\n\n<a href=\"https:\/\/crystalyachting.com.tr\/index.php\/etkinliktekneleri\/\" target=\"_self\" class=\"button primary\"  >\n    <span>Y\u00dcKSEK KAPAS\u0130TEL\u0130 ETK\u0130NL\u0130K TEKNELER\u0130<\/span>\n  <\/a>\n\n\n\n\t\t<\/div>\n\t\t\t\t\t<\/div>\n\n\t\n\n<\/div>\n<div class=\"row\"  id=\"row-427567040\">\n\n\n\t<div id=\"col-662540299\" class=\"col medium-4 small-12 large-4\"  >\n\t\t\t\t<div class=\"col-inner\"  >\n\t\t\t\n\t\t\t\n\n\n\t\t<\/div>\n\t\t\t\t\t<\/div>\n\n\t\n\n\t<div id=\"col-1173380686\" class=\"col medium-4 small-12 large-4\"  >\n\t\t\t\t<div class=\"col-inner\"  >\n\t\t\t\n\t\t\t\n\n\n\t\t<\/div>\n\t\t\t\t\t<\/div>\n\n\t\n\n\t<div id=\"col-781559544\" class=\"col medium-4 small-12 large-4\"  >\n\t\t\t\t<div class=\"col-inner\"  >\n\t\t\t\n\t\t\t\n\n\n\t\t<\/div>\n\t\t\t\t\t<\/div>\n\n\t\n\n<\/div>\n\n","protected":false},"excerpt":{"rendered":"","protected":false},"author":1,"featured_media":0,"parent":0,"menu_order":0,"comment_status":"closed","ping_status":"closed","template":"","meta":{"footnotes":""},"class_list":["post-676","page","type-page","status-publish","hentry"],"_links":{"self":[{"href":"https:\/\/crystalyachting.com.tr\/index.php\/wp-json\/wp\/v2\/pages\/676","targetHints":{"allow":["GET"]}}],"collection":[{"href":"https:\/\/crystalyachting.com.tr\/index.php\/wp-json\/wp\/v2\/pages"}],"about":[{"href":"https:\/\/crystalyachting.com.tr\/index.php\/wp-json\/wp\/v2\/types\/page"}],"author":[{"embeddable":true,"href":"https:\/\/crystalyachting.com.tr\/index.php\/wp-json\/wp\/v2\/users\/1"}],"replies":[{"embeddable":true,"href":"https:\/\/crystalyachting.com.tr\/index.php\/wp-json\/wp\/v2\/comments?post=676"}],"version-history":[{"count":18,"href":"https:\/\/crystalyachting.com.tr\/index.php\/wp-json\/wp\/v2\/pages\/676\/revisions"}],"predecessor-version":[{"id":1146,"href":"https:\/\/crystalyachting.com.tr\/index.php\/wp-json\/wp\/v2\/pages\/676\/revisions\/1146"}],"wp:attachment":[{"href":"https:\/\/crystalyachting.com.tr\/index.php\/wp-json\/wp\/v2\/media?parent=676"}],"curies":[{"name":"wp","href":"https:\/\/api.w.org\/{rel}","templated":true}]}}