{"id":694,"date":"2023-04-04T22:12:35","date_gmt":"2023-04-04T19:12:35","guid":{"rendered":"https:\/\/crystalyachting.com.tr\/?page_id=694"},"modified":"2023-04-26T10:24:02","modified_gmt":"2023-04-26T07:24:02","slug":"egitim-rezervasyon","status":"publish","type":"page","link":"https:\/\/crystalyachting.com.tr\/index.php\/egitim-rezervasyon\/","title":{"rendered":"E\u011fitim Rezervasyon"},"content":{"rendered":"\n<p>\n<div class=\"row\"  id=\"row-95490171\">\n\n\n\t<div id=\"col-1536127982\" class=\"col medium-1 small-12 large-1\"  >\n\t\t\t\t<div class=\"col-inner\"  >\n\t\t\t\n\t\t\t\n\n\n\t\t<\/div>\n\t\t\t\t\t<\/div>\n\n\t\n\n\t<div id=\"col-894724928\" class=\"col medium-10 small-12 large-10\"  >\n\t\t\t\t<div class=\"col-inner\"  >\n\t\t\t\n\t\t\t\n\n\t<div class=\"img has-hover x md-x lg-x y md-y lg-y\" id=\"image_202221612\">\n\t\t\t\t\t\t\t\t<div class=\"img-inner image-cover dark\" style=\"padding-top:56.25%;\">\n\t\t\t<img decoding=\"async\" width=\"1450\" height=\"500\" src=\"https:\/\/crystalyachting.com.tr\/wp-content\/uploads\/2023\/04\/Adsiz-tasarim-2023-04-04T211408.698.png\" class=\"attachment-original size-original\" alt=\"\" srcset=\"https:\/\/crystalyachting.com.tr\/wp-content\/uploads\/2023\/04\/Adsiz-tasarim-2023-04-04T211408.698.png 1450w, https:\/\/crystalyachting.com.tr\/wp-content\/uploads\/2023\/04\/Adsiz-tasarim-2023-04-04T211408.698-300x103.png 300w, https:\/\/crystalyachting.com.tr\/wp-content\/uploads\/2023\/04\/Adsiz-tasarim-2023-04-04T211408.698-1024x353.png 1024w, https:\/\/crystalyachting.com.tr\/wp-content\/uploads\/2023\/04\/Adsiz-tasarim-2023-04-04T211408.698-768x265.png 768w, https:\/\/crystalyachting.com.tr\/wp-content\/uploads\/2023\/04\/Adsiz-tasarim-2023-04-04T211408.698-600x207.png 600w\" sizes=\"(max-width: 1450px) 100vw, 1450px\" \/>\t\t\t\t\t\t\n\t\t\t\t\t<\/div>\n\t\t\t\t\t\t\t\t\n<style>\n#image_202221612 {\n  width: 100%;\n}\n<\/style>\n\t<\/div>\n\t\n\n<ul>\n<li>2023 y\u0131l\u0131 i\u00e7in sertifikal\u0131 e\u011fitimlerimize ki\u015fi ba\u015f\u0131 kat\u0131l\u0131m \u00fccretimiz, 2 ki\u015filik pratik e\u011fitimler i\u00e7in 12300 TL, 3 ki\u015filik pratik e\u011fitim gruplar\u0131 i\u00e7in 9800 TL dir. \u00dccretlerimize KDV dahil de\u011fildir. <em>(Sertifikas\u0131z e\u011fitim ko\u015fullar\u0131 i\u00e7in &#8220;SERT\u0130F\u0130KASIZ G\u00dcN\u00dcB\u0130RL\u0130K YELKENL\u0130 YAT\u00c7ILIKLA TANI\u015eMA E\u011e\u0130T\u0130M&#8221; men\u00fcm\u00fcze gidiniz.)<\/em><\/li>\n<\/ul>\n<div>\u00a0<\/div>\n<ul>\n<li>\u2018A\u015fa\u011f\u0131daki men\u00fcden, teorik e\u011fitim i\u00e7in tercih etti\u011finiz konum ve tarihi se\u00e7in.<\/li>\n<\/ul>\n<div>\u00a0<\/div>\n<ul>\n<li>Size g\u00f6nderece\u011fimiz rezervasyon formunu eksiksiz doldurun.<\/li>\n<\/ul>\n<div>\u00a0<\/div>\n<ul>\n<li>Form g\u00f6nderimi sonras\u0131 3 (\u00fc\u00e7) i\u015f g\u00fcn\u00fc i\u00e7inde e\u011fitim \u00fccretini yat\u0131rman\u0131z gerekmektedir.<\/li>\n<\/ul>\n<div>\u00a0<\/div>\n<ul>\n<li>Formu, e\u011fitim \u00fccretinin yat\u0131r\u0131ld\u0131\u011f\u0131na dair dekont ile birlikte bize g\u00f6nderdi\u011finizde kesin kay\u0131t i\u015fleminiz yap\u0131larak bilgilendirileceksiniz.<\/li>\n<\/ul>\n<div>\u00a0<\/div>\n<ul>\n<li>Teorik e\u011fitim ba\u015flang\u0131\u00e7 tarihinin 45 g\u00fcn \u00f6ncesine kadar rezervasyon iptal hakk\u0131n\u0131z vard\u0131r. Rezervasyon iptal talebinizi, e-mail ile yaz\u0131l\u0131 olarak ya da rezervasyonda belirtti\u011finiz cep telefonunuzdan \u00abiletildi\u00bb onayl\u0131 whatsapp \u00fczerinden yapman\u0131z gerekmektedir. Bu durumda kesintisiz \u00fccret iadesi yap\u0131l\u0131r. Bu s\u00fcreden sonra \u00fccret iadesi %40 kesinti ile yap\u0131l\u0131r.<\/li>\n<\/ul>\n<div>\u00a0 \u00a0<\/div>\n<ul>\n<li>M\u00fccbir sebeplerle se\u00e7ti\u011finiz tarihte e\u011fitim iptali s\u00f6z konusu olmas\u0131 durumunda kesintisiz tam \u00fccret iadesi yap\u0131l\u0131r ya da erteleme hakk\u0131 tan\u0131n\u0131r.<\/li>\n<\/ul>\n<div>\u00a0<\/div>\n<ul>\n<li>K\u0131\u00e7tankara E\u011fitim Merkezi, etkinli\u011fi iptal ya da erteleme hakk\u0131na sahiptir. Bu durumda alternatif tarih\/lerde kat\u0131l\u0131m ya da kat\u0131l\u0131m iptal tercihlerinden biri kat\u0131l\u0131mc\u0131ya sunulur. Kat\u0131l\u0131m iptalinin tercih edilmesi durumunda kesintisiz \u00fccret iadesi yap\u0131l\u0131r.\u00a0 \u00a0<\/li>\n<\/ul>\n\n\t\t<\/div>\n\t\t\t\t\t<\/div>\n\n\t\n\n\t<div id=\"col-216207485\" class=\"col medium-1 small-12 large-1\"  >\n\t\t\t\t<div class=\"col-inner\"  >\n\t\t\t\n\t\t\t\n\n\n\t\t<\/div>\n\t\t\t\t\t<\/div>\n\n\t\n\n<\/div>\n<div class=\"row\"  id=\"row-1946076549\">\n\n\n\t<div id=\"col-1192213652\" class=\"col medium-1 small-12 large-1\"  >\n\t\t\t\t<div class=\"col-inner\"  >\n\t\t\t\n\t\t\t\n\n\n\t\t<\/div>\n\t\t\t\t\t<\/div>\n\n\t\n\n\t<div id=\"col-1369471511\" class=\"col medium-11 small-12 large-11\"  >\n\t\t\t\t<div class=\"col-inner\"  >\n\t\t\t\n\t\t\t\n\n<div style=\"display:none\" class=\"fm-form-container fm-theme1\"><div id=\"fm-pages6\" class=\"fm-pages wdform_page_navigation \" show_title=\"false\" show_numbers=\"false\" type=\"none\"><\/div><form name=\"form6\" action=\"\/index.php\/wp-json\/wp\/v2\/pages\/694\" method=\"post\" id=\"form6\" class=\"fm-form form6  \" enctype=\"multipart\/form-data\"><input type=\"hidden\" id=\"fm_page_id6\" value=\"694\" name=\"fm_page_id6\" \/><input type=\"hidden\" id=\"fm_current_post_type6\" value=\"page\" name=\"fm_current_post_type6\" \/><input type=\"hidden\" id=\"counter6\" value=\"14\" name=\"counter6\" \/><input type=\"hidden\" id=\"Itemid6\" value=\"\" name=\"Itemid6\" \/><input type=\"hidden\" id=\"fm_shake6\" value=\"1\" name=\"fm_shake6\" \/><input type=\"text\" class=\"fm-hide\" id=\"fm_empty_field_validation6\" value=\"\" name=\"fm_empty_field_validation6\" data-value=\"bd736efb144d599cf463541431fbf5c4\" \/><div class=\"wdform-page-and-images fm-form-builder\" style=\"border-width: 1px;\"><div id=\"6form_view1\" class=\"wdform_page\" page_title=\"Untitled page\" next_title=\"Next\" next_type=\"text\" next_class=\"wdform-page-button\" next_checkable=\"true\" previous_title=\"Previous\" previous_type=\"text\" previous_class=\"wdform-page-button\" previous_checkable=\"true\"><div class=\"wdform_section\" id=\"cur_column\"><div class=\"wdform_column\"><div wdid=\"2\" class=\"wdform_row\" style=\"position: relative; left: 0px; top: 0px;\"><div type=\"type_text\" class=\"wdform-field wd-width-100 wd-flex wd-flex-column fm-type_text\" ><div class=\"wdform-label-section wd-width-100  wd-flex-row wd-align-items-center\">    <label  for=\"wdform_2_element6\" class=\"wdform-label\">\u0130sim Soyisim<\/label><span class=\"wdform-required\">*<\/span><\/div><div class=\"wdform-element-section wd-flex  wd-flex-row wd-align-items-center wd-width-100\" style=\"max-width: 250px;\"><input type=\"text\"                           class=\"wd-width-100\"                           id=\"wdform_2_element6\"                           name=\"wdform_2_element6\"                           value=\"\"                           title=\"\"                           placeholder=\"\"                                                       \/><\/div><\/div><\/div><div wdid=\"3\" class=\"wdform_row\" style=\"position: relative; left: 0px; top: 0px;\"><div type=\"type_text\" class=\"wdform-field wd-width-100 wd-flex wd-flex-column fm-type_text\" ><div class=\"wdform-label-section wd-width-100  wd-flex-row wd-align-items-center\">    <label  for=\"wdform_3_element6\" class=\"wdform-label\">E-Mail<\/label><span class=\"wdform-required\">*<\/span><\/div><div class=\"wdform-element-section wd-flex  wd-flex-row wd-align-items-center wd-width-100\" style=\"max-width: 250px;\"><input type=\"text\"                           class=\"wd-width-100\"                           id=\"wdform_3_element6\"                           name=\"wdform_3_element6\"                           value=\"\"                           title=\"\"                           placeholder=\"\"                                                       \/><\/div><\/div><\/div><\/div><div class=\"wdform_column\"><div wdid=\"6\" class=\"wdform_row\" style=\"position: relative; left: 0px; top: 0px;\"><div type=\"type_own_select\" class=\"wdform-field wd-width-100 wd-flex wd-flex-column fm-type_own_select\" ><div class=\"wdform-label-section wd-width-100 wdform_select wd-flex-row\">    <label  for=\"wdform_6_element6\" class=\"wdform-label\">Kat\u0131l\u0131mc\u0131 Say\u0131n\u0131z\u0131 Belirtiniz<\/label><span class=\"wdform-required\">*<\/span><\/div><div class=\"wdform-element-section wd-flex wdform_select wd-flex-row wd-width-100\" ><select class=\"wd-width-100\" id=\"wdform_6_element6\" name=\"wdform_6_element6\" ><option value=\"Kat\u0131l\u0131mc\u0131 Say\u0131s\u0131\" selected=\"selected\">Kat\u0131l\u0131mc\u0131 Say\u0131s\u0131<\/option><option value=\"1\" >1<\/option><option value=\"2\" >2<\/option><option value=\"3\" >3<\/option><option value=\"4\" >4<\/option><option value=\"5\" >5<\/option><option value=\"6\" >6<\/option><option value=\"7\" >7<\/option><\/select><\/div><\/div><\/div><\/div><div class=\"wdform_column\"><div wdid=\"4\" class=\"wdform_row\" style=\"position: relative; left: 0px; top: 0px;\"><div type=\"type_checkbox\" class=\"wdform-field wd-width-100 wd-flex wd-flex-column fm-type_checkbox\" ><div class=\"wdform-label-section wd-width-100 ankaraegtm wd-flex-wrap wd-flex-row\">    <label  class=\"wdform-label\">Teorik E\u011fitim \u0130\u00e7in Tercih Edilen Konum?<\/label><\/div><div class=\"wdform-element-section wd-flex ankaraegtm wd-flex-wrap wd-flex-row wd-width-100\" ><div class=\"wd-flex wd-flex-row\"><input type=\"hidden\" name=\"wdform_4_element6\" value=\"\" \/><div class=\"checkbox-div wd-choice wd-flex wd-flex-row\"><input type=\"checkbox\"  id=\"wdform_4_element60\" name=\"wdform_4_element60\" value=\"Ankara\"    \/><label class=\"wd-align-items-center wd-flex wd-flex-row\" for=\"wdform_4_element60\"><span><\/span>Ankara<\/label><\/div><div class=\"checkbox-div wd-choice wd-flex wd-flex-row\"><input type=\"checkbox\"  id=\"wdform_4_element61\" name=\"wdform_4_element61\" value=\"\u0130stanbul\"    \/><label class=\"wd-align-items-center wd-flex wd-flex-row\" for=\"wdform_4_element61\"><span><\/span>\u0130stanbul<\/label><\/div><div class=\"checkbox-div wd-choice wd-flex wd-flex-row\"><input type=\"checkbox\"  id=\"wdform_4_element62\" name=\"wdform_4_element62\" value=\"Fethiye(sadece teorik-pratik blok e\u011fitim *asgari 2 ki\u015fi)\"    \/><label class=\"wd-align-items-center wd-flex wd-flex-row\" for=\"wdform_4_element62\"><span><\/span>Fethiye(sadece teorik-pratik blok e\u011fitim *asgari 2 ki\u015fi)<\/label><\/div><\/div><\/div><\/div><\/div><\/div><div class=\"wdform_column\"><div wdid=\"12\" class=\"wdform_row\" style=\"position: relative; left: 0px; top: 0px;\"><div type=\"type_checkbox\" class=\"wdform-field wd-width-100 wd-flex wd-flex-column fm-type_checkbox\" ><div class=\"wdform-label-section wd-width-100  wd-flex-wrap wd-flex-column\" style=\"max-width: 300px;\">    <label  class=\"wdform-label\">Ankara Teorik E\u011fitim Tarihleri<\/label><\/div><div class=\"wdform-element-section wd-flex  wd-flex-wrap wd-flex-column wd-width-100\" ><div class=\"wd-flex wd-flex-column\"><input type=\"hidden\" name=\"wdform_12_element6\" value=\"\" \/><div class=\"checkbox-div wd-choice wd-flex wd-flex-row\"><input type=\"checkbox\"  id=\"wdform_12_element60\" name=\"wdform_12_element60\" value=\"7-8 Ekim 2023(YY1)\"    \/><label class=\"wd-align-items-center wd-flex wd-flex-row\" for=\"wdform_12_element60\"><span><\/span>7-8 Ekim 2023(YY1)<\/label><\/div><div class=\"checkbox-div wd-choice wd-flex wd-flex-row\"><input type=\"checkbox\"  id=\"wdform_12_element61\" name=\"wdform_12_element61\" value=\"14-15 Ekim 2023(YY1)\"    \/><label class=\"wd-align-items-center wd-flex wd-flex-row\" for=\"wdform_12_element61\"><span><\/span>14-15 Ekim 2023(YY1)<\/label><\/div><div class=\"checkbox-div wd-choice wd-flex wd-flex-row\"><input type=\"checkbox\"  id=\"wdform_12_element62\" name=\"wdform_12_element62\" value=\"4-5 Kas\u0131m 2023 (YY2)\"    \/><label class=\"wd-align-items-center wd-flex wd-flex-row\" for=\"wdform_12_element62\"><span><\/span>4-5 Kas\u0131m 2023 (YY2)<\/label><\/div><div class=\"checkbox-div wd-choice wd-flex wd-flex-row\"><input type=\"checkbox\"  id=\"wdform_12_element63\" name=\"wdform_12_element63\" value=\"11-12 Kas\u0131m 2023(YY1) \"    \/><label class=\"wd-align-items-center wd-flex wd-flex-row\" for=\"wdform_12_element63\"><span><\/span>11-12 Kas\u0131m 2023(YY1) <\/label><\/div><div class=\"checkbox-div wd-choice wd-flex wd-flex-row\"><input type=\"checkbox\"  id=\"wdform_12_element64\" name=\"wdform_12_element64\" value=\"2-3 Aral\u0131k 2023(YY1) \"    \/><label class=\"wd-align-items-center wd-flex wd-flex-row\" for=\"wdform_12_element64\"><span><\/span>2-3 Aral\u0131k 2023(YY1) <\/label><\/div><div class=\"checkbox-div wd-choice wd-flex wd-flex-row\"><input type=\"checkbox\"  id=\"wdform_12_element65\" name=\"wdform_12_element65\" value=\"9-10 Aral\u0131k 2023(YY1)\"    \/><label class=\"wd-align-items-center wd-flex wd-flex-row\" for=\"wdform_12_element65\"><span><\/span>9-10 Aral\u0131k 2023(YY1)<\/label><\/div><div class=\"checkbox-div wd-choice wd-flex wd-flex-row\"><input type=\"checkbox\"  id=\"wdform_12_element66\" name=\"wdform_12_element66\" value=\"6-7 Ocak 2024(YY1)\"    \/><label class=\"wd-align-items-center wd-flex wd-flex-row\" for=\"wdform_12_element66\"><span><\/span>6-7 Ocak 2024(YY1)<\/label><\/div><div class=\"checkbox-div wd-choice wd-flex wd-flex-row\"><input type=\"checkbox\"  id=\"wdform_12_element67\" name=\"wdform_12_element67\" value=\"13-14 Ocak 2024(YY2)\"    \/><label class=\"wd-align-items-center wd-flex wd-flex-row\" for=\"wdform_12_element67\"><span><\/span>13-14 Ocak 2024(YY2)<\/label><\/div><div class=\"checkbox-div wd-choice wd-flex wd-flex-row\"><input type=\"checkbox\"  id=\"wdform_12_element68\" name=\"wdform_12_element68\" value=\"3-4 \u015eubat 2024(YY1) \"    \/><label class=\"wd-align-items-center wd-flex wd-flex-row\" for=\"wdform_12_element68\"><span><\/span>3-4 \u015eubat 2024(YY1) <\/label><\/div><div class=\"checkbox-div wd-choice wd-flex wd-flex-row\"><input type=\"checkbox\"  id=\"wdform_12_element69\" name=\"wdform_12_element69\" value=\"10-11 \u015eubat 2024(YY1)\"    \/><label class=\"wd-align-items-center wd-flex wd-flex-row\" for=\"wdform_12_element69\"><span><\/span>10-11 \u015eubat 2024(YY1)<\/label><\/div><div class=\"checkbox-div wd-choice wd-flex wd-flex-row\"><input type=\"checkbox\"  id=\"wdform_12_element610\" name=\"wdform_12_element610\" value=\"2-3 Mart 2024(YY1)\"    \/><label class=\"wd-align-items-center wd-flex wd-flex-row\" for=\"wdform_12_element610\"><span><\/span>2-3 Mart 2024(YY1)<\/label><\/div><div class=\"checkbox-div wd-choice wd-flex wd-flex-row\"><input type=\"checkbox\"  id=\"wdform_12_element611\" name=\"wdform_12_element611\" value=\"9-10 Mart 2024(YY2)\"    \/><label class=\"wd-align-items-center wd-flex wd-flex-row\" for=\"wdform_12_element611\"><span><\/span>9-10 Mart 2024(YY2)<\/label><\/div><div class=\"checkbox-div wd-choice wd-flex wd-flex-row\"><input type=\"checkbox\"  id=\"wdform_12_element612\" name=\"wdform_12_element612\" value=\"6-7 Nisan 2024(YY1) \"    \/><label class=\"wd-align-items-center wd-flex wd-flex-row\" for=\"wdform_12_element612\"><span><\/span>6-7 Nisan 2024(YY1) <\/label><\/div><div class=\"checkbox-div wd-choice wd-flex wd-flex-row\"><input type=\"checkbox\"  id=\"wdform_12_element613\" name=\"wdform_12_element613\" value=\"13-14 Nisan 2024(YY1)\"    \/><label class=\"wd-align-items-center wd-flex wd-flex-row\" for=\"wdform_12_element613\"><span><\/span>13-14 Nisan 2024(YY1)<\/label><\/div><\/div><\/div><\/div><\/div><div wdid=\"13\" class=\"wdform_row\" style=\"position: relative; left: 0px; top: 0px;\"><div type=\"type_checkbox\" class=\"wdform-field wd-width-100 wd-flex wd-flex-column fm-type_checkbox\" ><div class=\"wdform-label-section wd-width-100  wd-flex-wrap wd-flex-column\" style=\"max-width: 300px;\">    <label  class=\"wdform-label\">\u0130stanbul Teorik E\u011fitim Tarihleri<\/label><\/div><div class=\"wdform-element-section wd-flex  wd-flex-wrap wd-flex-column wd-width-100\" ><div class=\"wd-flex wd-flex-column\"><input type=\"hidden\" name=\"wdform_13_element6\" value=\"\" \/><div class=\"checkbox-div wd-choice wd-flex wd-flex-row\"><input type=\"checkbox\"  id=\"wdform_13_element60\" name=\"wdform_13_element60\" value=\"21-22 Ekim 2023(YY1)\"    \/><label class=\"wd-align-items-center wd-flex wd-flex-row\" for=\"wdform_13_element60\"><span><\/span>21-22 Ekim 2023(YY1)<\/label><\/div><div class=\"checkbox-div wd-choice wd-flex wd-flex-row\"><input type=\"checkbox\"  id=\"wdform_13_element61\" name=\"wdform_13_element61\" value=\"28-29 Ekim 2023(YY1)\"    \/><label class=\"wd-align-items-center wd-flex wd-flex-row\" for=\"wdform_13_element61\"><span><\/span>28-29 Ekim 2023(YY1)<\/label><\/div><div class=\"checkbox-div wd-choice wd-flex wd-flex-row\"><input type=\"checkbox\"  id=\"wdform_13_element62\" name=\"wdform_13_element62\" value=\"18-19 Kas\u0131m 2023 (YY2)\"    \/><label class=\"wd-align-items-center wd-flex wd-flex-row\" for=\"wdform_13_element62\"><span><\/span>18-19 Kas\u0131m 2023 (YY2)<\/label><\/div><div class=\"checkbox-div wd-choice wd-flex wd-flex-row\"><input type=\"checkbox\"  id=\"wdform_13_element63\" name=\"wdform_13_element63\" value=\"25-26 Kas\u0131m 2023(YY1) \"    \/><label class=\"wd-align-items-center wd-flex wd-flex-row\" for=\"wdform_13_element63\"><span><\/span>25-26 Kas\u0131m 2023(YY1) <\/label><\/div><div class=\"checkbox-div wd-choice wd-flex wd-flex-row\"><input type=\"checkbox\"  id=\"wdform_13_element64\" name=\"wdform_13_element64\" value=\"16-17 Aral\u0131k 2023(YY1) \"    \/><label class=\"wd-align-items-center wd-flex wd-flex-row\" for=\"wdform_13_element64\"><span><\/span>16-17 Aral\u0131k 2023(YY1) <\/label><\/div><div class=\"checkbox-div wd-choice wd-flex wd-flex-row\"><input type=\"checkbox\"  id=\"wdform_13_element65\" name=\"wdform_13_element65\" value=\"23-24 Aral\u0131k 2023(YY2)\"    \/><label class=\"wd-align-items-center wd-flex wd-flex-row\" for=\"wdform_13_element65\"><span><\/span>23-24 Aral\u0131k 2023(YY2)<\/label><\/div><div class=\"checkbox-div wd-choice wd-flex wd-flex-row\"><input type=\"checkbox\"  id=\"wdform_13_element66\" name=\"wdform_13_element66\" value=\"20-21 Ocak 2024(YY1)\"    \/><label class=\"wd-align-items-center wd-flex wd-flex-row\" for=\"wdform_13_element66\"><span><\/span>20-21 Ocak 2024(YY1)<\/label><\/div><div class=\"checkbox-div wd-choice wd-flex wd-flex-row\"><input type=\"checkbox\"  id=\"wdform_13_element67\" name=\"wdform_13_element67\" value=\"27-28 Ocak 2024(YY1)\"    \/><label class=\"wd-align-items-center wd-flex wd-flex-row\" for=\"wdform_13_element67\"><span><\/span>27-28 Ocak 2024(YY1)<\/label><\/div><div class=\"checkbox-div wd-choice wd-flex wd-flex-row\"><input type=\"checkbox\"  id=\"wdform_13_element68\" name=\"wdform_13_element68\" value=\"17-18 \u015eubat 2024(YY2) \"    \/><label class=\"wd-align-items-center wd-flex wd-flex-row\" for=\"wdform_13_element68\"><span><\/span>17-18 \u015eubat 2024(YY2) <\/label><\/div><div class=\"checkbox-div wd-choice wd-flex wd-flex-row\"><input type=\"checkbox\"  id=\"wdform_13_element69\" name=\"wdform_13_element69\" value=\"24-25 \u015eubat 2024(YY1)\"    \/><label class=\"wd-align-items-center wd-flex wd-flex-row\" for=\"wdform_13_element69\"><span><\/span>24-25 \u015eubat 2024(YY1)<\/label><\/div><div class=\"checkbox-div wd-choice wd-flex wd-flex-row\"><input type=\"checkbox\"  id=\"wdform_13_element610\" name=\"wdform_13_element610\" value=\"16-17 Mart 2024(YY1)\"    \/><label class=\"wd-align-items-center wd-flex wd-flex-row\" for=\"wdform_13_element610\"><span><\/span>16-17 Mart 2024(YY1)<\/label><\/div><div class=\"checkbox-div wd-choice wd-flex wd-flex-row\"><input type=\"checkbox\"  id=\"wdform_13_element611\" name=\"wdform_13_element611\" value=\"23-24 Mart 2024(YY2)\"    \/><label class=\"wd-align-items-center wd-flex wd-flex-row\" for=\"wdform_13_element611\"><span><\/span>23-24 Mart 2024(YY2)<\/label><\/div><div class=\"checkbox-div wd-choice wd-flex wd-flex-row\"><input type=\"checkbox\"  id=\"wdform_13_element612\" name=\"wdform_13_element612\" value=\"20-21 Nisan 2024(YY1) \"    \/><label class=\"wd-align-items-center wd-flex wd-flex-row\" for=\"wdform_13_element612\"><span><\/span>20-21 Nisan 2024(YY1) <\/label><\/div><div class=\"checkbox-div wd-choice wd-flex wd-flex-row\"><input type=\"checkbox\"  id=\"wdform_13_element613\" name=\"wdform_13_element613\" value=\"27-28 Nisan 2024(YY1)\"    \/><label class=\"wd-align-items-center wd-flex wd-flex-row\" for=\"wdform_13_element613\"><span><\/span>27-28 Nisan 2024(YY1)<\/label><\/div><\/div><\/div><\/div><\/div><div wdid=\"11\" class=\"wdform_row\" style=\"position: relative; left: 0px; top: 0px;\"><div type=\"type_checkbox\" class=\"wdform-field wd-width-100 wd-flex wd-flex-column fm-type_checkbox\" ><div class=\"wdform-label-section wd-width-100  wd-flex-wrap wd-flex-column\" style=\"max-width: 300px;\">    <label  class=\"wdform-label\">Fethiye Teorik ve Pratik Blok E\u011fitim Tarihleri<\/label><\/div><div class=\"wdform-element-section wd-flex  wd-flex-wrap wd-flex-column wd-width-100\" ><div class=\"wd-flex wd-flex-column\"><input type=\"hidden\" name=\"wdform_11_element6\" value=\"\" \/><div class=\"checkbox-div wd-choice wd-flex wd-flex-row\"><input type=\"checkbox\"  id=\"wdform_11_element60\" name=\"wdform_11_element60\" value=\"19-24 Haziran 2023(YY1 veya YY2)\"    \/><label class=\"wd-align-items-center wd-flex wd-flex-row\" for=\"wdform_11_element60\"><span><\/span>19-24 Haziran 2023(YY1 veya YY2)<\/label><\/div><div class=\"checkbox-div wd-choice wd-flex wd-flex-row\"><input type=\"checkbox\"  id=\"wdform_11_element61\" name=\"wdform_11_element61\" value=\"3-8 Temmuz 2023(YY1 veya YY2)\"    \/><label class=\"wd-align-items-center wd-flex wd-flex-row\" for=\"wdform_11_element61\"><span><\/span>3-8 Temmuz 2023(YY1 veya YY2)<\/label><\/div><div class=\"checkbox-div wd-choice wd-flex wd-flex-row\"><input type=\"checkbox\"  id=\"wdform_11_element62\" name=\"wdform_11_element62\" value=\"17-22 Temmuz 2023 (YY1 veya YY2)\"    \/><label class=\"wd-align-items-center wd-flex wd-flex-row\" for=\"wdform_11_element62\"><span><\/span>17-22 Temmuz 2023 (YY1 veya YY2)<\/label><\/div><div class=\"checkbox-div wd-choice wd-flex wd-flex-row\"><input type=\"checkbox\"  id=\"wdform_11_element63\" name=\"wdform_11_element63\" value=\"7-12 A\u011fustos 2023(YY1 veya YY2) \"    \/><label class=\"wd-align-items-center wd-flex wd-flex-row\" for=\"wdform_11_element63\"><span><\/span>7-12 A\u011fustos 2023(YY1 veya YY2) <\/label><\/div><div class=\"checkbox-div wd-choice wd-flex wd-flex-row\"><input type=\"checkbox\"  id=\"wdform_11_element64\" name=\"wdform_11_element64\" value=\"21-26 Agustos 2023(YY1 veya YY2) \"    \/><label class=\"wd-align-items-center wd-flex wd-flex-row\" for=\"wdform_11_element64\"><span><\/span>21-26 Agustos 2023(YY1 veya YY2) <\/label><\/div><div class=\"checkbox-div wd-choice wd-flex wd-flex-row\"><input type=\"checkbox\"  id=\"wdform_11_element65\" name=\"wdform_11_element65\" value=\"4-9 Eyl\u00fcl 2023(YY1 veya YY2)\"    \/><label class=\"wd-align-items-center wd-flex wd-flex-row\" for=\"wdform_11_element65\"><span><\/span>4-9 Eyl\u00fcl 2023(YY1 veya YY2)<\/label><\/div><div class=\"checkbox-div wd-choice wd-flex wd-flex-row\"><input type=\"checkbox\"  id=\"wdform_11_element66\" name=\"wdform_11_element66\" value=\"18-23 Eyl\u00fcl  2023(YY1 veya YY2)\"    \/><label class=\"wd-align-items-center wd-flex wd-flex-row\" for=\"wdform_11_element66\"><span><\/span>18-23 Eyl\u00fcl  2023(YY1 veya YY2)<\/label><\/div><div class=\"checkbox-div wd-choice wd-flex wd-flex-row\"><input type=\"checkbox\"  id=\"wdform_11_element67\" name=\"wdform_11_element67\" value=\"2-7 Ekim 2023(YY1 veya YY2)\"    \/><label class=\"wd-align-items-center wd-flex wd-flex-row\" for=\"wdform_11_element67\"><span><\/span>2-7 Ekim 2023(YY1 veya YY2)<\/label><\/div><\/div><\/div><\/div><\/div><\/div><div class=\"wdform_column\"><div wdid=\"1\" class=\"wdform_row\" style=\"position: relative; left: 0px; top: 0px;\"><div type=\"type_submit_reset\" class=\"wdform-field wd-width-100 wd-flex wd-flex-column fm-type_submit_reset\" ><div class=\"wdform-element-section wd-flex  wd-flex-row wd-justify-content-left wd-width-100\" ><button  type=\"button\" class=\"button-submit\" onclick=\"fm_submit_form('6');\"  data-ajax=\"0\"><span class=\"fm-submit-loading spinner fm-ico-spinner\"><\/span>G\u00d6NDER<\/button><button  type=\"button\" class=\"button-reset wd-hidden\" onclick=\"fm_reset_form(6);\" >Reset<\/button><\/div><\/div><\/div><\/div><\/div><div valign=\"top\" class=\"wdform_footer wd-width-100\"><div class=\"wd-width-100\"><div class=\"wd-width-100 wd-table\" style=\"padding-top:10px;\"><div class=\"wd-table-group\"><div id=\"6page_nav1\" class=\"wd-table-row\"><\/div><\/div><\/div><\/div><\/div><\/div><\/div><div class=\"wdform_preload\"><\/div><input type=\"hidden\" name=\"fm-current-page\" value=\"https:\/\/crystalyachting.com.tr\/index.php\/wp-json\/wp\/v2\/pages\/694\" \/><\/form><\/div>\n\n\t\t<\/div>\n\t\t\t\t\t<\/div>\n\n\t\n\n<\/div>\n<\/p>\n\n","protected":false},"excerpt":{"rendered":"","protected":false},"author":1,"featured_media":0,"parent":0,"menu_order":0,"comment_status":"closed","ping_status":"closed","template":"","meta":{"footnotes":""},"class_list":["post-694","page","type-page","status-publish","hentry"],"_links":{"self":[{"href":"https:\/\/crystalyachting.com.tr\/index.php\/wp-json\/wp\/v2\/pages\/694","targetHints":{"allow":["GET"]}}],"collection":[{"href":"https:\/\/crystalyachting.com.tr\/index.php\/wp-json\/wp\/v2\/pages"}],"about":[{"href":"https:\/\/crystalyachting.com.tr\/index.php\/wp-json\/wp\/v2\/types\/page"}],"author":[{"embeddable":true,"href":"https:\/\/crystalyachting.com.tr\/index.php\/wp-json\/wp\/v2\/users\/1"}],"replies":[{"embeddable":true,"href":"https:\/\/crystalyachting.com.tr\/index.php\/wp-json\/wp\/v2\/comments?post=694"}],"version-history":[{"count":13,"href":"https:\/\/crystalyachting.com.tr\/index.php\/wp-json\/wp\/v2\/pages\/694\/revisions"}],"predecessor-version":[{"id":1217,"href":"https:\/\/crystalyachting.com.tr\/index.php\/wp-json\/wp\/v2\/pages\/694\/revisions\/1217"}],"wp:attachment":[{"href":"https:\/\/crystalyachting.com.tr\/index.php\/wp-json\/wp\/v2\/media?parent=694"}],"curies":[{"name":"wp","href":"https:\/\/api.w.org\/{rel}","templated":true}]}}