{"id":711,"date":"2023-04-04T23:02:10","date_gmt":"2023-04-04T20:02:10","guid":{"rendered":"https:\/\/crystalyachting.com.tr\/?page_id=711"},"modified":"2023-04-12T09:11:44","modified_gmt":"2023-04-12T06:11:44","slug":"yuzme-turlari-10","status":"publish","type":"page","link":"https:\/\/crystalyachting.com.tr\/index.php\/yuzme-turlari-10\/","title":{"rendered":"Y\u00fczme Turlar\u0131"},"content":{"rendered":"\n\t<div id=\"gap-446302577\" class=\"gap-element clearfix\" style=\"display:block; height:auto;\">\n\t\t\n<style>\n#gap-446302577 {\n  padding-top: 8px;\n}\n<\/style>\n\t<\/div>\n\t\n\n<div class=\"row\"  id=\"row-363472893\">\n\n\n\t<div id=\"col-1186960070\" class=\"col medium-6 small-12 large-6\"  >\n\t\t\t\t<div class=\"col-inner\"  >\n\t\t\t\n\t\t\t\n\n\t<div class=\"img has-hover x md-x lg-x y md-y lg-y\" id=\"image_1050219937\">\n\t\t\t\t\t\t\t\t<div class=\"img-inner dark\" >\n\t\t\t<img decoding=\"async\" width=\"1080\" height=\"1080\" src=\"https:\/\/crystalyachting.com.tr\/wp-content\/uploads\/2023\/04\/Adsiz-tasarim-2023-04-12T091056.726.png\" class=\"attachment-original size-original\" alt=\"\" srcset=\"https:\/\/crystalyachting.com.tr\/wp-content\/uploads\/2023\/04\/Adsiz-tasarim-2023-04-12T091056.726.png 1080w, https:\/\/crystalyachting.com.tr\/wp-content\/uploads\/2023\/04\/Adsiz-tasarim-2023-04-12T091056.726-300x300.png 300w, https:\/\/crystalyachting.com.tr\/wp-content\/uploads\/2023\/04\/Adsiz-tasarim-2023-04-12T091056.726-1024x1024.png 1024w, https:\/\/crystalyachting.com.tr\/wp-content\/uploads\/2023\/04\/Adsiz-tasarim-2023-04-12T091056.726-150x150.png 150w, https:\/\/crystalyachting.com.tr\/wp-content\/uploads\/2023\/04\/Adsiz-tasarim-2023-04-12T091056.726-768x768.png 768w, https:\/\/crystalyachting.com.tr\/wp-content\/uploads\/2023\/04\/Adsiz-tasarim-2023-04-12T091056.726-600x600.png 600w, https:\/\/crystalyachting.com.tr\/wp-content\/uploads\/2023\/04\/Adsiz-tasarim-2023-04-12T091056.726-100x100.png 100w\" sizes=\"(max-width: 1080px) 100vw, 1080px\" \/>\t\t\t\t\t\t\n\t\t\t\t\t<\/div>\n\t\t\t\t\t\t\t\t\n<style>\n#image_1050219937 {\n  width: 100%;\n}\n<\/style>\n\t<\/div>\n\t\n\n\n\t\t<\/div>\n\t\t\t\t\t<\/div>\n\n\t\n\n\t<div id=\"col-1317462893\" class=\"col medium-6 small-12 large-6\"  >\n\t\t\t\t<div class=\"col-inner\"  >\n\t\t\t\n\t\t\t\n\n<p>Y\u00dcZME TURU<br \/>S\u0131cak bir hava, kavurucu bir g\u00fcne\u015f ve Marmara denizinin serin sular\u0131.. Bu ortamda hangi c\u00fcmle ya da kelime \u0130stanbul Bo\u011faz\u0131\u2019nda keyifle kula\u00e7 atabilmenin yarataca\u011f\u0131 duygular\u0131 ifade edebilir?.<\/p>\n<p>Tercihinize g\u00f6re, yemekli-yemeksiz, alkoll\u00fc-alkols\u00fcz ve talep etti\u011finiz mevki\/mevkilere ger\u00e7ekle\u015ftirece\u011fimiz \u00f6zel y\u00fczme turlar\u0131m\u0131zda sevdiklerinize unutulmaz anlar ya\u015fay\u0131n.<\/p>\n<p>Bo\u011faz ve Adalar\u2019da g\u00fcn\u00fcbirlik olarak d\u00fczenledi\u011fimiz y\u00fczme turlar\u0131na, huzur ve g\u00fcven i\u00e7inde y\u00fczmenin keyfini \u00e7\u0131kartabilmeniz i\u00e7in, bireysel ve gruplar harici d\u0131\u015far\u0131dan kimse al\u0131nmamaktad\u0131r.<\/p>\n<p>Bu etkileyici deneyime kat\u0131lmak i\u00e7in bizimle ileti\u015fime ge\u00e7in, en k\u0131sa s\u00fcrede sizi arayal\u0131m..<\/p>\n<p>\u00a0<\/p>\n<a href=\"https:\/\/crystalyachting.com.tr\/index.php\/tekneler\/\" target=\"_self\" class=\"button primary\"  >\n    <span>TEKNELER<\/span>\n  <\/a>\n\n\n<a href=\"https:\/\/crystalyachting.com.tr\/index.php\/iletisim\/\" target=\"_self\" class=\"button primary\"  >\n    <span>\u0130LET\u0130\u015e\u0130M FORMU<\/span>\n  <\/a>\n\n\n\n\t\t<\/div>\n\t\t\t\t\t<\/div>\n\n\t\n\n<\/div>\n\n","protected":false},"excerpt":{"rendered":"","protected":false},"author":1,"featured_media":0,"parent":0,"menu_order":0,"comment_status":"closed","ping_status":"closed","template":"","meta":{"footnotes":""},"class_list":["post-711","page","type-page","status-publish","hentry"],"_links":{"self":[{"href":"https:\/\/crystalyachting.com.tr\/index.php\/wp-json\/wp\/v2\/pages\/711","targetHints":{"allow":["GET"]}}],"collection":[{"href":"https:\/\/crystalyachting.com.tr\/index.php\/wp-json\/wp\/v2\/pages"}],"about":[{"href":"https:\/\/crystalyachting.com.tr\/index.php\/wp-json\/wp\/v2\/types\/page"}],"author":[{"embeddable":true,"href":"https:\/\/crystalyachting.com.tr\/index.php\/wp-json\/wp\/v2\/users\/1"}],"replies":[{"embeddable":true,"href":"https:\/\/crystalyachting.com.tr\/index.php\/wp-json\/wp\/v2\/comments?post=711"}],"version-history":[{"count":6,"href":"https:\/\/crystalyachting.com.tr\/index.php\/wp-json\/wp\/v2\/pages\/711\/revisions"}],"predecessor-version":[{"id":956,"href":"https:\/\/crystalyachting.com.tr\/index.php\/wp-json\/wp\/v2\/pages\/711\/revisions\/956"}],"wp:attachment":[{"href":"https:\/\/crystalyachting.com.tr\/index.php\/wp-json\/wp\/v2\/media?parent=711"}],"curies":[{"name":"wp","href":"https:\/\/api.w.org\/{rel}","templated":true}]}}