{"id":719,"date":"2023-04-04T23:11:54","date_gmt":"2023-04-04T20:11:54","guid":{"rendered":"https:\/\/crystalyachting.com.tr\/?page_id=719"},"modified":"2023-04-12T09:21:30","modified_gmt":"2023-04-12T06:21:30","slug":"dogum-gunu","status":"publish","type":"page","link":"https:\/\/crystalyachting.com.tr\/index.php\/dogum-gunu\/","title":{"rendered":"Do\u011fum G\u00fcn\u00fc"},"content":{"rendered":"\n<div class=\"row\"  id=\"row-192937902\">\n\n\n\t<div id=\"col-568124965\" class=\"col small-12 large-12\"  >\n\t\t\t\t<div class=\"col-inner\"  >\n\t\t\t\n\t\t\t\n\n\t<div id=\"gap-1608045792\" class=\"gap-element clearfix\" style=\"display:block; height:auto;\">\n\t\t\n<style>\n#gap-1608045792 {\n  padding-top: 8px;\n}\n<\/style>\n\t<\/div>\n\t\n\n<div class=\"col-sm-12 col-md-12 col-lg-12 detailContentHead\">\n<div class=\"leftHeadText\">\n<p><img decoding=\"async\" class=\" wp-image-963 alignleft\" src=\"https:\/\/crystalyachting.com.tr\/wp-content\/uploads\/2023\/04\/Adsiz-tasarim-2023-04-12T091959.658-1024x1024.png\" alt=\"\" width=\"454\" height=\"454\" srcset=\"https:\/\/crystalyachting.com.tr\/wp-content\/uploads\/2023\/04\/Adsiz-tasarim-2023-04-12T091959.658-1024x1024.png 1024w, https:\/\/crystalyachting.com.tr\/wp-content\/uploads\/2023\/04\/Adsiz-tasarim-2023-04-12T091959.658-300x300.png 300w, https:\/\/crystalyachting.com.tr\/wp-content\/uploads\/2023\/04\/Adsiz-tasarim-2023-04-12T091959.658-150x150.png 150w, https:\/\/crystalyachting.com.tr\/wp-content\/uploads\/2023\/04\/Adsiz-tasarim-2023-04-12T091959.658-768x768.png 768w, https:\/\/crystalyachting.com.tr\/wp-content\/uploads\/2023\/04\/Adsiz-tasarim-2023-04-12T091959.658-600x600.png 600w, https:\/\/crystalyachting.com.tr\/wp-content\/uploads\/2023\/04\/Adsiz-tasarim-2023-04-12T091959.658-100x100.png 100w, https:\/\/crystalyachting.com.tr\/wp-content\/uploads\/2023\/04\/Adsiz-tasarim-2023-04-12T091959.658.png 1080w\" sizes=\"(max-width: 454px) 100vw, 454px\" \/>DO\u011eUM G\u00dcN\u00dc<br \/>D\u00fcnyan\u0131n en g\u00fczel yerinde, Bo\u011faz\u0131n tam ortas\u0131nda, r\u00fczgar sa\u00e7lar\u0131n\u0131z\u0131 savururken do\u011fum g\u00fcn\u00fc pastas\u0131n\u0131n mumlar\u0131n\u0131 \u00fcflemek kula\u011fa ho\u015f gelmiyor mu?<\/p>\n<p>Senede bir g\u00fcn ve o g\u00fcn\u00fcn e\u011flenerek ge\u00e7irece\u011finiz birka\u00e7 saati.. Sadece size \u00f6zel olarak haz\u0131rlanan l\u00fcks yatta do\u011fum g\u00fcn\u00fc kutlamas\u0131n\u0131n ola\u011fan\u00fcst\u00fc keyifli ve bir o kadar e\u011flenceli oldu\u011fu muhakkak..<\/p>\n<p>\u0130ster g\u00fcnd\u00fcz, ister gece hat\u0131ralar\u0131n\u0131zda her daim yer edecek muhte\u015fem aktiviteler ve organizasyonlar\u0131m\u0131zla do\u011fum g\u00fcn\u00fc kutlaman\u0131z\u0131 bir \u015f\u00f6lene, unutulmaz bir an\u0131ya \u00e7eviriyoruz.<\/p>\n<p>\u0130ster sevdikleriniz i\u00e7in s\u00fcrpriz bir do\u011fum g\u00fcn\u00fc kutlamas\u0131 yap\u0131n, isterseniz planl\u0131 bir do\u011fum g\u00fcn\u00fc partisi organize edin. Senenin o g\u00fcn\u00fc, do\u011fdu\u011funuz ve herkes taraf\u0131ndan \u015f\u0131mart\u0131lmay\u0131 hak etti\u011finiz o g\u00fcn sizler i\u00e7in masa d\u00fczeninden lazer g\u00f6sterisine, profesyonel ve uzman\u0131 garsonlar\u0131m\u0131zdan, do\u011fum g\u00fcn\u00fc pastas\u0131na, i\u00e7kili-i\u00e7kisiz, yemekli-yemeksiz men\u00fclerimizden faydalanabilirsiniz.<\/p>\n<p>Kutlama detaylar\u0131, alternatifler ve tercihlerinizi \u015fekillendirmek i\u00e7in bizimle ileti\u015fime ge\u00e7in, en k\u0131sa s\u00fcrede sizi arayal\u0131m..<\/p>\n<\/div>\n<\/div>\n\n\t\t<\/div>\n\t\t\t\t\t<\/div>\n\n\t\n\n<\/div>\n<div class=\"row\"  id=\"row-1481097127\">\n\n\n\t<div id=\"col-864748312\" class=\"col medium-6 small-12 large-6\"  >\n\t\t\t\t<div class=\"col-inner\"  >\n\t\t\t\n\t\t\t\n\n\n\t\t<\/div>\n\t\t\t\t\t<\/div>\n\n\t\n\n\t<div id=\"col-427787199\" class=\"col medium-6 small-12 large-6\"  >\n\t\t\t\t<div class=\"col-inner\"  >\n\t\t\t\n\t\t\t\n\n<a href=\"https:\/\/crystalyachting.com.tr\/index.php\/tekneler\/\" target=\"_self\" class=\"button primary\"  >\n    <span>TEKNELER<\/span>\n  <\/a>\n\n\n<a href=\"https:\/\/crystalyachting.com.tr\/index.php\/iletisim\/\" target=\"_self\" class=\"button primary\"  >\n    <span>\u0130LET\u0130\u015e\u0130M FORMU<\/span>\n  <\/a>\n\n\n\n\t\t<\/div>\n\t\t\t\t\t<\/div>\n\n\t\n\n<\/div>\n\n","protected":false},"excerpt":{"rendered":"","protected":false},"author":1,"featured_media":0,"parent":0,"menu_order":0,"comment_status":"closed","ping_status":"closed","template":"","meta":{"footnotes":""},"class_list":["post-719","page","type-page","status-publish","hentry"],"_links":{"self":[{"href":"https:\/\/crystalyachting.com.tr\/index.php\/wp-json\/wp\/v2\/pages\/719","targetHints":{"allow":["GET"]}}],"collection":[{"href":"https:\/\/crystalyachting.com.tr\/index.php\/wp-json\/wp\/v2\/pages"}],"about":[{"href":"https:\/\/crystalyachting.com.tr\/index.php\/wp-json\/wp\/v2\/types\/page"}],"author":[{"embeddable":true,"href":"https:\/\/crystalyachting.com.tr\/index.php\/wp-json\/wp\/v2\/users\/1"}],"replies":[{"embeddable":true,"href":"https:\/\/crystalyachting.com.tr\/index.php\/wp-json\/wp\/v2\/comments?post=719"}],"version-history":[{"count":9,"href":"https:\/\/crystalyachting.com.tr\/index.php\/wp-json\/wp\/v2\/pages\/719\/revisions"}],"predecessor-version":[{"id":965,"href":"https:\/\/crystalyachting.com.tr\/index.php\/wp-json\/wp\/v2\/pages\/719\/revisions\/965"}],"wp:attachment":[{"href":"https:\/\/crystalyachting.com.tr\/index.php\/wp-json\/wp\/v2\/media?parent=719"}],"curies":[{"name":"wp","href":"https:\/\/api.w.org\/{rel}","templated":true}]}}