{"id":726,"date":"2023-04-04T23:17:51","date_gmt":"2023-04-04T20:17:51","guid":{"rendered":"https:\/\/crystalyachting.com.tr\/?page_id=726"},"modified":"2023-04-12T09:29:36","modified_gmt":"2023-04-12T06:29:36","slug":"evlilik-yil-donumu","status":"publish","type":"page","link":"https:\/\/crystalyachting.com.tr\/index.php\/evlilik-yil-donumu\/","title":{"rendered":"Evlilik Y\u0131l D\u00f6n\u00fcm\u00fc"},"content":{"rendered":"\n<div class=\"row\"  id=\"row-1920056167\">\n\n\n\t<div id=\"col-470340334\" class=\"col small-12 large-12\"  >\n\t\t\t\t<div class=\"col-inner\"  >\n\t\t\t\n\t\t\t\n\n\t<div id=\"gap-1859119686\" class=\"gap-element clearfix\" style=\"display:block; height:auto;\">\n\t\t\n<style>\n#gap-1859119686 {\n  padding-top: 8px;\n}\n<\/style>\n\t<\/div>\n\t\n\n<p><img decoding=\"async\" class=\"wp-image-970 alignleft\" src=\"https:\/\/crystalyachting.com.tr\/wp-content\/uploads\/2023\/04\/Adsiz-tasarim-2023-04-12T092740.276-1024x1024.png\" alt=\"\" width=\"452\" height=\"452\" srcset=\"https:\/\/crystalyachting.com.tr\/wp-content\/uploads\/2023\/04\/Adsiz-tasarim-2023-04-12T092740.276-1024x1024.png 1024w, https:\/\/crystalyachting.com.tr\/wp-content\/uploads\/2023\/04\/Adsiz-tasarim-2023-04-12T092740.276-300x300.png 300w, https:\/\/crystalyachting.com.tr\/wp-content\/uploads\/2023\/04\/Adsiz-tasarim-2023-04-12T092740.276-150x150.png 150w, https:\/\/crystalyachting.com.tr\/wp-content\/uploads\/2023\/04\/Adsiz-tasarim-2023-04-12T092740.276-768x768.png 768w, https:\/\/crystalyachting.com.tr\/wp-content\/uploads\/2023\/04\/Adsiz-tasarim-2023-04-12T092740.276-600x600.png 600w, https:\/\/crystalyachting.com.tr\/wp-content\/uploads\/2023\/04\/Adsiz-tasarim-2023-04-12T092740.276-100x100.png 100w, https:\/\/crystalyachting.com.tr\/wp-content\/uploads\/2023\/04\/Adsiz-tasarim-2023-04-12T092740.276.png 1080w\" sizes=\"(max-width: 452px) 100vw, 452px\" \/>\u00d6ZEL G\u00dcNLER<\/p>\n<p>Y\u0131l D\u00f6n\u00fcm\u00fc<br \/>Birlikteliklerin en g\u00fczel \u015fekilde kutland\u0131\u011f\u0131 zamanlar y\u0131l d\u00f6n\u00fcmleridir.<\/p>\n<p>Bug\u00fcn\u00fc farkl\u0131 k\u0131l\u0131n!. Romantizmin doruklarda ya\u015fand\u0131\u011f\u0131 bug\u00fcn\u00fc, size \u00f6zel haz\u0131rlanm\u0131\u015f yat\u0131m\u0131zda y\u0131l d\u00f6n\u00fcm\u00fc partisiyle etkileyici ve bamba\u015fka bir g\u00fcn haline d\u00f6n\u00fc\u015ft\u00fcr\u00fcn.<\/p>\n<p>\u0130stanbul Bo\u011faz\u0131\u2019n\u0131n e\u015fsiz atmosferinde size, b\u00fcy\u00fcl\u00fc ve \u00f6zel bir hat\u0131rat planlayabilmemiz i\u00e7in bizimle ileti\u015fime ge\u00e7in, en k\u0131sa s\u00fcrede sizi arayal\u0131m..<\/p>\n\n\t\t<\/div>\n\t\t\t\t\t<\/div>\n\n\t\n\n<\/div>\n<div class=\"row\"  id=\"row-1599065347\">\n\n\n\t<div id=\"col-394952096\" class=\"col medium-6 small-12 large-6\"  >\n\t\t\t\t<div class=\"col-inner\"  >\n\t\t\t\n\t\t\t\n\n\n\t\t<\/div>\n\t\t\t\t\t<\/div>\n\n\t\n\n\t<div id=\"col-1819293660\" class=\"col medium-6 small-12 large-6\"  >\n\t\t\t\t<div class=\"col-inner\"  >\n\t\t\t\n\t\t\t\n\n<a href=\"https:\/\/crystalyachting.com.tr\/index.php\/tekneler\/\" target=\"_self\" class=\"button primary\"  >\n    <span>TEKNELER<\/span>\n  <\/a>\n\n\n<a href=\"https:\/\/crystalyachting.com.tr\/index.php\/iletisim\/\" target=\"_self\" class=\"button primary\"  >\n    <span>\u0130LET\u0130\u015e\u0130M FORMU<\/span>\n  <\/a>\n\n\n\n\t\t<\/div>\n\t\t\t\t\t<\/div>\n\n\t\n\n<\/div>\n\n","protected":false},"excerpt":{"rendered":"","protected":false},"author":1,"featured_media":0,"parent":0,"menu_order":0,"comment_status":"closed","ping_status":"closed","template":"","meta":{"footnotes":""},"class_list":["post-726","page","type-page","status-publish","hentry"],"_links":{"self":[{"href":"https:\/\/crystalyachting.com.tr\/index.php\/wp-json\/wp\/v2\/pages\/726","targetHints":{"allow":["GET"]}}],"collection":[{"href":"https:\/\/crystalyachting.com.tr\/index.php\/wp-json\/wp\/v2\/pages"}],"about":[{"href":"https:\/\/crystalyachting.com.tr\/index.php\/wp-json\/wp\/v2\/types\/page"}],"author":[{"embeddable":true,"href":"https:\/\/crystalyachting.com.tr\/index.php\/wp-json\/wp\/v2\/users\/1"}],"replies":[{"embeddable":true,"href":"https:\/\/crystalyachting.com.tr\/index.php\/wp-json\/wp\/v2\/comments?post=726"}],"version-history":[{"count":6,"href":"https:\/\/crystalyachting.com.tr\/index.php\/wp-json\/wp\/v2\/pages\/726\/revisions"}],"predecessor-version":[{"id":972,"href":"https:\/\/crystalyachting.com.tr\/index.php\/wp-json\/wp\/v2\/pages\/726\/revisions\/972"}],"wp:attachment":[{"href":"https:\/\/crystalyachting.com.tr\/index.php\/wp-json\/wp\/v2\/media?parent=726"}],"curies":[{"name":"wp","href":"https:\/\/api.w.org\/{rel}","templated":true}]}}