{"id":797,"date":"2023-04-05T17:10:49","date_gmt":"2023-04-05T14:10:49","guid":{"rendered":"https:\/\/crystalyachting.com.tr\/?page_id=797"},"modified":"2023-04-27T14:47:44","modified_gmt":"2023-04-27T11:47:44","slug":"egitimler-hakkinda-genel-bilgiler","status":"publish","type":"page","link":"https:\/\/crystalyachting.com.tr\/index.php\/egitimler-hakkinda-genel-bilgiler\/","title":{"rendered":"E\u011fitimler Hakk\u0131nda Genel Bilgiler"},"content":{"rendered":"\n<div class=\"row\"  id=\"row-31541965\">\n\n\n\t<div id=\"col-1264484154\" class=\"col small-12 large-12\"  >\n\t\t\t\t<div class=\"col-inner\"  >\n\t\t\t\n\t\t\t\n\n<div>\u00a0<\/div>\n<ul>\n<li>Sertifikal\u0131 e\u011fitim programlar\u0131m\u0131z\u0131n toplam s\u00fcresi 36 saattir. Teorik e\u011fitimlerimiz maksimum 7, pratik e\u011fitimlerimiz ise 2 ya da 3 ki\u015filik gruplar halinde yap\u0131lmaktad\u0131r.<\/li>\n<\/ul>\n<div>\u00a0<\/div>\n<ul>\n<li>\u0130ki g\u00fcnl\u00fck teorik e\u011fitimlerimiz, Ankara\u2019da e\u011fitim salonlar\u0131m\u0131zda, \u0130stanbul\u2019da ise uygunluk durumuna g\u00f6re Bebek\u2019te ba\u011fl\u0131 motor yatlar\u0131m\u0131zda ya da e\u011fitim salonlar\u0131m\u0131zda verilmektedir. Asgari 2 ki\u015filik grup olmak kayd\u0131yla teorik e\u011fitim ile pratik e\u011fitimi blok alma se\u00e7ene\u011finiz de bulunmaktad\u0131r. Bu se\u00e7enekte e\u011fitimin teorik k\u0131sm\u0131 da Fethiye\u2019de pratik e\u011fitim alaca\u011f\u0131n\u0131z yelkenli teknemizde verilecektir.\u00a0<\/li>\n<\/ul>\n<div>\u00a0<\/div>\n<ul>\n<li>Fethiye \u00e7\u0131k\u0131\u015fl\u0131, Fethiye K\u00f6rfezi-G\u00f6cek koylar\u0131 parkurunda verilen pratik e\u011fitimlerimiz, tarihleri teorik e\u011fitim esnas\u0131nda kat\u0131l\u0131mc\u0131lar\u0131n tercihlerine g\u00f6re belirlenerek 2 ya da 3 ki\u015filik gruplar halinde Pazar 17:00 giri\u015f, Per\u015fembe 14:00 \u00e7\u0131k\u0131\u015f olacak \u015fekilde d\u00f6rt gece konaklamal\u0131 olarak, ilk \u00fc\u00e7 g\u00fcn 09:00-18:00 aras\u0131, d\u00f6rd\u00fcnc\u00fc g\u00fcn 08:00-12:00 aras\u0131 yap\u0131l\u0131r. Per\u015fembe 12:00\u2019da limana ba\u011flanma sonras\u0131, 14:00\u2019a kadar \u00f6l\u00e7me-de\u011ferlendirme ve \u00e7\u0131k\u0131\u015f haz\u0131rl\u0131klar\u0131 yap\u0131l\u0131r.<\/li>\n<\/ul>\n<div>\u00a0<\/div>\n<ul>\n<li>Kat\u0131l\u0131mc\u0131lar, kendileri i\u00e7in haz\u0131rlanm\u0131\u015f teorik ve pratik s\u0131navlardan sonra sertifika almaya hak kazanabilirler. Sertifika almak isteyen kat\u0131l\u0131mc\u0131lar\u0131n, e\u011fitim \u00f6ncesi TYF e\u011fitim sistemine kay\u0131tlar\u0131n\u0131 yapt\u0131rmalar\u0131 gerekmektedir.\u00a0<\/li>\n<\/ul>\n<div>\u00a0<\/div>\n<ul>\n<li>Pratik e\u011fitimlerimiz, 2 kamara ve 1 WC\/du\u015f olan 30 ft. teknelerimizde verilmektedir. 2 ki\u015filik pratik e\u011fitimlerde her kat\u0131l\u0131mc\u0131 kendi kamaras\u0131nda konaklamakta, 3 ki\u015filik pratik e\u011fitimlerde ise iki kat\u0131l\u0131mc\u0131 ayn\u0131 kamaray\u0131 payla\u015fmaktad\u0131r.\u00a0\u00a0<\/li>\n<\/ul>\n<div>\u00a0<\/div>\n<ul>\n<li>E\u011fitim \u00fccretine teknede konaklama, uyku seti, liman\/marina masraflar\u0131, akaryak\u0131t, 3. \u015fah\u0131s mali mesuliyet sigortas\u0131 ve g\u00fcvenlik ekipmanlar\u0131 dahil, KDV, yiyecek-i\u00e7ecek masraflar\u0131, yemek haz\u0131rlama ve servisi, tekne d\u0131\u015f\u0131ndaki t\u00fcm aktiviteler hari\u00e7tir. (Yiyecek-i\u00e7ecek malzemeleri ve yemek haz\u0131rlama i\u015fleri, kursiyerler taraf\u0131ndan ortakla\u015fa ve i\u015f b\u00f6l\u00fcm\u00fc ile ger\u00e7ekle\u015ftirilecektir. E\u011fitmen kat\u0131l\u0131mc\u0131lar\u0131n misafiridir)<\/li>\n<\/ul>\n<div>\u00a0<\/div>\n<ul>\n<li>E\u011fitim programlar\u0131na kat\u0131labilmek i\u00e7in y\u00fczme bilmek (yaz\u0131l\u0131 beyan) ve en az ilkokul mezunu olmak gerekmektedir.<\/li>\n<\/ul>\n<div>\u00a0<\/div>\n<div><em>(Sertifikas\u0131z g\u00fcn\u00fcbirlik e\u011fitimler i\u00e7in &#8220;SERT\u0130F\u0130KASIZ G\u00dcN\u00dcB\u0130RL\u0130K YELKENL\u0130 YAT\u00c7ILIKLA TANI\u015eMA E\u011e\u0130T\u0130M&#8221; men\u00fcm\u00fcze gidiniz.)<\/em><\/div>\n\n<div class=\"row\"  id=\"row-1307027306\">\n\n\n<\/div>\n\t<div id=\"gap-368916042\" class=\"gap-element clearfix\" style=\"display:block; height:auto;\">\n\t\t\n<style>\n#gap-368916042 {\n  padding-top: 30px;\n}\n<\/style>\n\t<\/div>\n\t\n\n\t<div id=\"gap-1627269197\" class=\"gap-element clearfix\" style=\"display:block; height:auto;\">\n\t\t\n<style>\n#gap-1627269197 {\n  padding-top: 30px;\n}\n<\/style>\n\t<\/div>\n\t\n\n\t<div id=\"text-2962470283\" class=\"text\">\n\t\t\n\n<p><strong>HANG\u0130 E\u011e\u0130T\u0130ME KATILMALIYIM<\/strong><\/p>\n\t\t\n<style>\n#text-2962470283 {\n  text-align: center;\n}\n<\/style>\n\t<\/div>\n\t\n<div class=\"row\"  id=\"row-423743365\">\n\n\n\t<div id=\"col-1224351501\" class=\"col medium-6 small-12 large-6\"  >\n\t\t\t\t<div class=\"col-inner\"  >\n\t\t\t\n\t\t\t\n\n<a href=\"https:\/\/crystalyachting.com.tr\/index.php\/hangi-egitime-katilmaliyim\/\" target=\"_self\" class=\"button primary\"  style=\"border-radius:99px;\">\n    <span>SERT\u0130F\u0130KALI E\u011e\u0130T\u0130MLER (36 SAAT\/6 G\u00dcN)<\/span>\n  <\/a>\n\n\n\n\t\t<\/div>\n\t\t\t\t\t<\/div>\n\n\t\n\n\t<div id=\"col-1631960653\" class=\"col medium-6 small-12 large-6\"  >\n\t\t\t\t<div class=\"col-inner\"  >\n\t\t\t\n\t\t\t\n\n<a href=\"https:\/\/crystalyachting.com.tr\/index.php\/sertifikasiz-gunu-birlik-yelkenli-yatcilikla-tanisalim-pratik-egitimi\/\" target=\"_self\" class=\"button secondary\"  style=\"border-radius:99px;\">\n    <span>SER\u0130T\u0130KASIZ E\u011e\u0130T\u0130MLER (G\u00dcN\u00dcB\u0130RL\u0130K)<\/span>\n  <\/a>\n\n\n\n\t\t<\/div>\n\t\t\t\t\t<\/div>\n\n\t\n\n<\/div>\n\n\t\t<\/div>\n\t\t\t\t\t<\/div>\n\n\t\n\n<\/div>\n\n","protected":false},"excerpt":{"rendered":"","protected":false},"author":1,"featured_media":0,"parent":0,"menu_order":0,"comment_status":"closed","ping_status":"closed","template":"","meta":{"footnotes":""},"class_list":["post-797","page","type-page","status-publish","hentry"],"_links":{"self":[{"href":"https:\/\/crystalyachting.com.tr\/index.php\/wp-json\/wp\/v2\/pages\/797","targetHints":{"allow":["GET"]}}],"collection":[{"href":"https:\/\/crystalyachting.com.tr\/index.php\/wp-json\/wp\/v2\/pages"}],"about":[{"href":"https:\/\/crystalyachting.com.tr\/index.php\/wp-json\/wp\/v2\/types\/page"}],"author":[{"embeddable":true,"href":"https:\/\/crystalyachting.com.tr\/index.php\/wp-json\/wp\/v2\/users\/1"}],"replies":[{"embeddable":true,"href":"https:\/\/crystalyachting.com.tr\/index.php\/wp-json\/wp\/v2\/comments?post=797"}],"version-history":[{"count":16,"href":"https:\/\/crystalyachting.com.tr\/index.php\/wp-json\/wp\/v2\/pages\/797\/revisions"}],"predecessor-version":[{"id":1242,"href":"https:\/\/crystalyachting.com.tr\/index.php\/wp-json\/wp\/v2\/pages\/797\/revisions\/1242"}],"wp:attachment":[{"href":"https:\/\/crystalyachting.com.tr\/index.php\/wp-json\/wp\/v2\/media?parent=797"}],"curies":[{"name":"wp","href":"https:\/\/api.w.org\/{rel}","templated":true}]}}