{"id":80,"date":"2023-02-12T17:49:02","date_gmt":"2023-02-12T14:49:02","guid":{"rendered":"http:\/\/arianna.com.tr\/?page_id=80"},"modified":"2023-04-25T12:12:17","modified_gmt":"2023-04-25T09:12:17","slug":"yat-2","status":"publish","type":"page","link":"https:\/\/crystalyachting.com.tr\/index.php\/yat-2\/","title":{"rendered":"Yat 2"},"content":{"rendered":"\n\n  \n    <div id=\"gallery-282508392\" class=\"row large-columns-4 medium-columns-3 small-columns-2 row-xsmall row-masonry\" data-packery-options='{\"itemSelector\": \".col\", \"gutter\": 0, \"presentageWidth\" : true}'>\n\n  <div class=\"gallery-col col\" >\n          <div class=\"col-inner\">\n            <a class=\"image-lightbox lightbox-gallery\" href=\"https:\/\/crystalyachting.com.tr\/wp-content\/uploads\/2023\/02\/WhatsApp-Image-2023-02-23-at-4.32.00-PM-2-1024x768.jpeg\" title=\"\">            <div class=\"box has-hover gallery-box box-overlay dark\">\n              <div class=\"box-image image-cover\" style=\"padding-top:75%;\">\n                <img decoding=\"async\" width=\"2048\" height=\"1536\" src=\"https:\/\/crystalyachting.com.tr\/wp-content\/uploads\/2023\/02\/WhatsApp-Image-2023-02-23-at-4.32.00-PM-2.jpeg\" class=\"attachment-original size-original\" alt=\"\" ids=\"126,129,124,130,121,120,123,125,438,439,440,128\" type=\"masonry\" col_spacing=\"xsmall\" image_height=\"75%\" image_size=\"original\" srcset=\"https:\/\/crystalyachting.com.tr\/wp-content\/uploads\/2023\/02\/WhatsApp-Image-2023-02-23-at-4.32.00-PM-2.jpeg 2048w, https:\/\/crystalyachting.com.tr\/wp-content\/uploads\/2023\/02\/WhatsApp-Image-2023-02-23-at-4.32.00-PM-2-300x225.jpeg 300w, https:\/\/crystalyachting.com.tr\/wp-content\/uploads\/2023\/02\/WhatsApp-Image-2023-02-23-at-4.32.00-PM-2-1024x768.jpeg 1024w, https:\/\/crystalyachting.com.tr\/wp-content\/uploads\/2023\/02\/WhatsApp-Image-2023-02-23-at-4.32.00-PM-2-768x576.jpeg 768w, https:\/\/crystalyachting.com.tr\/wp-content\/uploads\/2023\/02\/WhatsApp-Image-2023-02-23-at-4.32.00-PM-2-1536x1152.jpeg 1536w, https:\/\/crystalyachting.com.tr\/wp-content\/uploads\/2023\/02\/WhatsApp-Image-2023-02-23-at-4.32.00-PM-2-600x450.jpeg 600w\" sizes=\"(max-width: 2048px) 100vw, 2048px\" \/>                                  <div class=\"overlay fill\"\n                      style=\"background-color: rgba(0,0,0,.15)\">\n                  <\/div>\n                                                              <\/div>\n              <div class=\"box-text text-left\" >\n                 <p><\/p>\n              <\/div>\n            <\/div>\n            <\/a>          <\/div>\n         <\/div><div class=\"gallery-col col\" >\n          <div class=\"col-inner\">\n            <a class=\"image-lightbox lightbox-gallery\" href=\"https:\/\/crystalyachting.com.tr\/wp-content\/uploads\/2023\/02\/WhatsApp-Image-2023-02-23-at-4.32.01-PM-2-768x1024.jpeg\" title=\"\">            <div class=\"box has-hover gallery-box box-overlay dark\">\n              <div class=\"box-image image-cover\" style=\"padding-top:75%;\">\n                <img decoding=\"async\" width=\"1536\" height=\"2048\" src=\"https:\/\/crystalyachting.com.tr\/wp-content\/uploads\/2023\/02\/WhatsApp-Image-2023-02-23-at-4.32.01-PM-2.jpeg\" class=\"attachment-original size-original\" alt=\"\" ids=\"126,129,124,130,121,120,123,125,438,439,440,128\" type=\"masonry\" col_spacing=\"xsmall\" image_height=\"75%\" image_size=\"original\" srcset=\"https:\/\/crystalyachting.com.tr\/wp-content\/uploads\/2023\/02\/WhatsApp-Image-2023-02-23-at-4.32.01-PM-2.jpeg 1536w, https:\/\/crystalyachting.com.tr\/wp-content\/uploads\/2023\/02\/WhatsApp-Image-2023-02-23-at-4.32.01-PM-2-225x300.jpeg 225w, https:\/\/crystalyachting.com.tr\/wp-content\/uploads\/2023\/02\/WhatsApp-Image-2023-02-23-at-4.32.01-PM-2-768x1024.jpeg 768w, https:\/\/crystalyachting.com.tr\/wp-content\/uploads\/2023\/02\/WhatsApp-Image-2023-02-23-at-4.32.01-PM-2-1152x1536.jpeg 1152w, https:\/\/crystalyachting.com.tr\/wp-content\/uploads\/2023\/02\/WhatsApp-Image-2023-02-23-at-4.32.01-PM-2-600x800.jpeg 600w\" sizes=\"(max-width: 1536px) 100vw, 1536px\" \/>                                  <div class=\"overlay fill\"\n                      style=\"background-color: rgba(0,0,0,.15)\">\n                  <\/div>\n                                                              <\/div>\n              <div class=\"box-text text-left\" >\n                 <p><\/p>\n              <\/div>\n            <\/div>\n            <\/a>          <\/div>\n         <\/div><div class=\"gallery-col col\" >\n          <div class=\"col-inner\">\n            <a class=\"image-lightbox lightbox-gallery\" href=\"https:\/\/crystalyachting.com.tr\/wp-content\/uploads\/2023\/02\/WhatsApp-Image-2023-02-23-at-4.31.59-PM-768x1024.jpeg\" title=\"\">            <div class=\"box has-hover gallery-box box-overlay dark\">\n              <div class=\"box-image image-cover\" style=\"padding-top:75%;\">\n                <img decoding=\"async\" width=\"1536\" height=\"2048\" src=\"https:\/\/crystalyachting.com.tr\/wp-content\/uploads\/2023\/02\/WhatsApp-Image-2023-02-23-at-4.31.59-PM.jpeg\" class=\"attachment-original size-original\" alt=\"\" ids=\"126,129,124,130,121,120,123,125,438,439,440,128\" type=\"masonry\" col_spacing=\"xsmall\" image_height=\"75%\" image_size=\"original\" srcset=\"https:\/\/crystalyachting.com.tr\/wp-content\/uploads\/2023\/02\/WhatsApp-Image-2023-02-23-at-4.31.59-PM.jpeg 1536w, https:\/\/crystalyachting.com.tr\/wp-content\/uploads\/2023\/02\/WhatsApp-Image-2023-02-23-at-4.31.59-PM-225x300.jpeg 225w, https:\/\/crystalyachting.com.tr\/wp-content\/uploads\/2023\/02\/WhatsApp-Image-2023-02-23-at-4.31.59-PM-768x1024.jpeg 768w, https:\/\/crystalyachting.com.tr\/wp-content\/uploads\/2023\/02\/WhatsApp-Image-2023-02-23-at-4.31.59-PM-1152x1536.jpeg 1152w, https:\/\/crystalyachting.com.tr\/wp-content\/uploads\/2023\/02\/WhatsApp-Image-2023-02-23-at-4.31.59-PM-600x800.jpeg 600w\" sizes=\"(max-width: 1536px) 100vw, 1536px\" \/>                                  <div class=\"overlay fill\"\n                      style=\"background-color: rgba(0,0,0,.15)\">\n                  <\/div>\n                                                              <\/div>\n              <div class=\"box-text text-left\" >\n                 <p><\/p>\n              <\/div>\n            <\/div>\n            <\/a>          <\/div>\n         <\/div><div class=\"gallery-col col\" >\n          <div class=\"col-inner\">\n            <a class=\"image-lightbox lightbox-gallery\" href=\"https:\/\/crystalyachting.com.tr\/wp-content\/uploads\/2023\/02\/WhatsApp-Image-2023-02-23-at-4.32.01-PM-768x1024.jpeg\" title=\"\">            <div class=\"box has-hover gallery-box box-overlay dark\">\n              <div class=\"box-image image-cover\" style=\"padding-top:75%;\">\n                <img decoding=\"async\" width=\"1536\" height=\"2048\" src=\"https:\/\/crystalyachting.com.tr\/wp-content\/uploads\/2023\/02\/WhatsApp-Image-2023-02-23-at-4.32.01-PM.jpeg\" class=\"attachment-original size-original\" alt=\"\" ids=\"126,129,124,130,121,120,123,125,438,439,440,128\" type=\"masonry\" col_spacing=\"xsmall\" image_height=\"75%\" image_size=\"original\" srcset=\"https:\/\/crystalyachting.com.tr\/wp-content\/uploads\/2023\/02\/WhatsApp-Image-2023-02-23-at-4.32.01-PM.jpeg 1536w, https:\/\/crystalyachting.com.tr\/wp-content\/uploads\/2023\/02\/WhatsApp-Image-2023-02-23-at-4.32.01-PM-225x300.jpeg 225w, https:\/\/crystalyachting.com.tr\/wp-content\/uploads\/2023\/02\/WhatsApp-Image-2023-02-23-at-4.32.01-PM-768x1024.jpeg 768w, https:\/\/crystalyachting.com.tr\/wp-content\/uploads\/2023\/02\/WhatsApp-Image-2023-02-23-at-4.32.01-PM-1152x1536.jpeg 1152w, https:\/\/crystalyachting.com.tr\/wp-content\/uploads\/2023\/02\/WhatsApp-Image-2023-02-23-at-4.32.01-PM-600x800.jpeg 600w\" sizes=\"(max-width: 1536px) 100vw, 1536px\" \/>                                  <div class=\"overlay fill\"\n                      style=\"background-color: rgba(0,0,0,.15)\">\n                  <\/div>\n                                                              <\/div>\n              <div class=\"box-text text-left\" >\n                 <p><\/p>\n              <\/div>\n            <\/div>\n            <\/a>          <\/div>\n         <\/div><div class=\"gallery-col col\" >\n          <div class=\"col-inner\">\n            <a class=\"image-lightbox lightbox-gallery\" href=\"https:\/\/crystalyachting.com.tr\/wp-content\/uploads\/2023\/02\/WhatsApp-Image-2023-02-23-at-4.31.58-PM-2-1024x768.jpeg\" title=\"\">            <div class=\"box has-hover gallery-box box-overlay dark\">\n              <div class=\"box-image image-cover\" style=\"padding-top:75%;\">\n                <img decoding=\"async\" width=\"2048\" height=\"1536\" src=\"https:\/\/crystalyachting.com.tr\/wp-content\/uploads\/2023\/02\/WhatsApp-Image-2023-02-23-at-4.31.58-PM-2.jpeg\" class=\"attachment-original size-original\" alt=\"\" ids=\"126,129,124,130,121,120,123,125,438,439,440,128\" type=\"masonry\" col_spacing=\"xsmall\" image_height=\"75%\" image_size=\"original\" srcset=\"https:\/\/crystalyachting.com.tr\/wp-content\/uploads\/2023\/02\/WhatsApp-Image-2023-02-23-at-4.31.58-PM-2.jpeg 2048w, https:\/\/crystalyachting.com.tr\/wp-content\/uploads\/2023\/02\/WhatsApp-Image-2023-02-23-at-4.31.58-PM-2-300x225.jpeg 300w, https:\/\/crystalyachting.com.tr\/wp-content\/uploads\/2023\/02\/WhatsApp-Image-2023-02-23-at-4.31.58-PM-2-1024x768.jpeg 1024w, https:\/\/crystalyachting.com.tr\/wp-content\/uploads\/2023\/02\/WhatsApp-Image-2023-02-23-at-4.31.58-PM-2-768x576.jpeg 768w, https:\/\/crystalyachting.com.tr\/wp-content\/uploads\/2023\/02\/WhatsApp-Image-2023-02-23-at-4.31.58-PM-2-1536x1152.jpeg 1536w, https:\/\/crystalyachting.com.tr\/wp-content\/uploads\/2023\/02\/WhatsApp-Image-2023-02-23-at-4.31.58-PM-2-600x450.jpeg 600w\" sizes=\"(max-width: 2048px) 100vw, 2048px\" \/>                                  <div class=\"overlay fill\"\n                      style=\"background-color: rgba(0,0,0,.15)\">\n                  <\/div>\n                                                              <\/div>\n              <div class=\"box-text text-left\" >\n                 <p><\/p>\n              <\/div>\n            <\/div>\n            <\/a>          <\/div>\n         <\/div><div class=\"gallery-col col\" >\n          <div class=\"col-inner\">\n            <a class=\"image-lightbox lightbox-gallery\" href=\"https:\/\/crystalyachting.com.tr\/wp-content\/uploads\/2023\/02\/WhatsApp-Image-2023-02-23-at-4.31.58-PM-1-768x1024.jpeg\" title=\"\">            <div class=\"box has-hover gallery-box box-overlay dark\">\n              <div class=\"box-image image-cover\" style=\"padding-top:75%;\">\n                <img decoding=\"async\" width=\"1536\" height=\"2048\" src=\"https:\/\/crystalyachting.com.tr\/wp-content\/uploads\/2023\/02\/WhatsApp-Image-2023-02-23-at-4.31.58-PM-1.jpeg\" class=\"attachment-original size-original\" alt=\"\" ids=\"126,129,124,130,121,120,123,125,438,439,440,128\" type=\"masonry\" col_spacing=\"xsmall\" image_height=\"75%\" image_size=\"original\" srcset=\"https:\/\/crystalyachting.com.tr\/wp-content\/uploads\/2023\/02\/WhatsApp-Image-2023-02-23-at-4.31.58-PM-1.jpeg 1536w, https:\/\/crystalyachting.com.tr\/wp-content\/uploads\/2023\/02\/WhatsApp-Image-2023-02-23-at-4.31.58-PM-1-225x300.jpeg 225w, https:\/\/crystalyachting.com.tr\/wp-content\/uploads\/2023\/02\/WhatsApp-Image-2023-02-23-at-4.31.58-PM-1-768x1024.jpeg 768w, https:\/\/crystalyachting.com.tr\/wp-content\/uploads\/2023\/02\/WhatsApp-Image-2023-02-23-at-4.31.58-PM-1-1152x1536.jpeg 1152w, https:\/\/crystalyachting.com.tr\/wp-content\/uploads\/2023\/02\/WhatsApp-Image-2023-02-23-at-4.31.58-PM-1-600x800.jpeg 600w\" sizes=\"(max-width: 1536px) 100vw, 1536px\" \/>                                  <div class=\"overlay fill\"\n                      style=\"background-color: rgba(0,0,0,.15)\">\n                  <\/div>\n                                                              <\/div>\n              <div class=\"box-text text-left\" >\n                 <p><\/p>\n              <\/div>\n            <\/div>\n            <\/a>          <\/div>\n         <\/div><div class=\"gallery-col col\" >\n          <div class=\"col-inner\">\n            <a class=\"image-lightbox lightbox-gallery\" href=\"https:\/\/crystalyachting.com.tr\/wp-content\/uploads\/2023\/02\/WhatsApp-Image-2023-02-23-at-4.31.59-PM-1-768x1024.jpeg\" title=\"\">            <div class=\"box has-hover gallery-box box-overlay dark\">\n              <div class=\"box-image image-cover\" style=\"padding-top:75%;\">\n                <img decoding=\"async\" width=\"1536\" height=\"2048\" src=\"https:\/\/crystalyachting.com.tr\/wp-content\/uploads\/2023\/02\/WhatsApp-Image-2023-02-23-at-4.31.59-PM-1.jpeg\" class=\"attachment-original size-original\" alt=\"\" ids=\"126,129,124,130,121,120,123,125,438,439,440,128\" type=\"masonry\" col_spacing=\"xsmall\" image_height=\"75%\" image_size=\"original\" srcset=\"https:\/\/crystalyachting.com.tr\/wp-content\/uploads\/2023\/02\/WhatsApp-Image-2023-02-23-at-4.31.59-PM-1.jpeg 1536w, https:\/\/crystalyachting.com.tr\/wp-content\/uploads\/2023\/02\/WhatsApp-Image-2023-02-23-at-4.31.59-PM-1-225x300.jpeg 225w, https:\/\/crystalyachting.com.tr\/wp-content\/uploads\/2023\/02\/WhatsApp-Image-2023-02-23-at-4.31.59-PM-1-768x1024.jpeg 768w, https:\/\/crystalyachting.com.tr\/wp-content\/uploads\/2023\/02\/WhatsApp-Image-2023-02-23-at-4.31.59-PM-1-1152x1536.jpeg 1152w, https:\/\/crystalyachting.com.tr\/wp-content\/uploads\/2023\/02\/WhatsApp-Image-2023-02-23-at-4.31.59-PM-1-600x800.jpeg 600w\" sizes=\"(max-width: 1536px) 100vw, 1536px\" \/>                                  <div class=\"overlay fill\"\n                      style=\"background-color: rgba(0,0,0,.15)\">\n                  <\/div>\n                                                              <\/div>\n              <div class=\"box-text text-left\" >\n                 <p><\/p>\n              <\/div>\n            <\/div>\n            <\/a>          <\/div>\n         <\/div><div class=\"gallery-col col\" >\n          <div class=\"col-inner\">\n            <a class=\"image-lightbox lightbox-gallery\" href=\"https:\/\/crystalyachting.com.tr\/wp-content\/uploads\/2023\/02\/WhatsApp-Image-2023-02-23-at-4.32.00-PM-1-768x1024.jpeg\" title=\"\">            <div class=\"box has-hover gallery-box box-overlay dark\">\n              <div class=\"box-image image-cover\" style=\"padding-top:75%;\">\n                <img decoding=\"async\" width=\"1536\" height=\"2048\" src=\"https:\/\/crystalyachting.com.tr\/wp-content\/uploads\/2023\/02\/WhatsApp-Image-2023-02-23-at-4.32.00-PM-1.jpeg\" class=\"attachment-original size-original\" alt=\"\" ids=\"126,129,124,130,121,120,123,125,438,439,440,128\" type=\"masonry\" col_spacing=\"xsmall\" image_height=\"75%\" image_size=\"original\" srcset=\"https:\/\/crystalyachting.com.tr\/wp-content\/uploads\/2023\/02\/WhatsApp-Image-2023-02-23-at-4.32.00-PM-1.jpeg 1536w, https:\/\/crystalyachting.com.tr\/wp-content\/uploads\/2023\/02\/WhatsApp-Image-2023-02-23-at-4.32.00-PM-1-225x300.jpeg 225w, https:\/\/crystalyachting.com.tr\/wp-content\/uploads\/2023\/02\/WhatsApp-Image-2023-02-23-at-4.32.00-PM-1-768x1024.jpeg 768w, https:\/\/crystalyachting.com.tr\/wp-content\/uploads\/2023\/02\/WhatsApp-Image-2023-02-23-at-4.32.00-PM-1-1152x1536.jpeg 1152w, https:\/\/crystalyachting.com.tr\/wp-content\/uploads\/2023\/02\/WhatsApp-Image-2023-02-23-at-4.32.00-PM-1-600x800.jpeg 600w\" sizes=\"(max-width: 1536px) 100vw, 1536px\" \/>                                  <div class=\"overlay fill\"\n                      style=\"background-color: rgba(0,0,0,.15)\">\n                  <\/div>\n                                                              <\/div>\n              <div class=\"box-text text-left\" >\n                 <p><\/p>\n              <\/div>\n            <\/div>\n            <\/a>          <\/div>\n         <\/div><div class=\"gallery-col col\" >\n          <div class=\"col-inner\">\n            <a class=\"image-lightbox lightbox-gallery\" href=\"https:\/\/crystalyachting.com.tr\/wp-content\/uploads\/2023\/04\/WhatsApp-Image-2023-04-04-at-16.15.23-1.jpeg\" title=\"\">            <div class=\"box has-hover gallery-box box-overlay dark\">\n              <div class=\"box-image image-cover\" style=\"padding-top:75%;\">\n                <img decoding=\"async\" width=\"1024\" height=\"768\" src=\"https:\/\/crystalyachting.com.tr\/wp-content\/uploads\/2023\/04\/WhatsApp-Image-2023-04-04-at-16.15.23-1.jpeg\" class=\"attachment-original size-original\" alt=\"\" ids=\"126,129,124,130,121,120,123,125,438,439,440,128\" type=\"masonry\" col_spacing=\"xsmall\" image_height=\"75%\" image_size=\"original\" srcset=\"https:\/\/crystalyachting.com.tr\/wp-content\/uploads\/2023\/04\/WhatsApp-Image-2023-04-04-at-16.15.23-1.jpeg 1024w, https:\/\/crystalyachting.com.tr\/wp-content\/uploads\/2023\/04\/WhatsApp-Image-2023-04-04-at-16.15.23-1-300x225.jpeg 300w, https:\/\/crystalyachting.com.tr\/wp-content\/uploads\/2023\/04\/WhatsApp-Image-2023-04-04-at-16.15.23-1-768x576.jpeg 768w, https:\/\/crystalyachting.com.tr\/wp-content\/uploads\/2023\/04\/WhatsApp-Image-2023-04-04-at-16.15.23-1-600x450.jpeg 600w\" sizes=\"(max-width: 1024px) 100vw, 1024px\" \/>                                  <div class=\"overlay fill\"\n                      style=\"background-color: rgba(0,0,0,.15)\">\n                  <\/div>\n                                                              <\/div>\n              <div class=\"box-text text-left\" >\n                 <p><\/p>\n              <\/div>\n            <\/div>\n            <\/a>          <\/div>\n         <\/div><div class=\"gallery-col col\" >\n          <div class=\"col-inner\">\n            <a class=\"image-lightbox lightbox-gallery\" href=\"https:\/\/crystalyachting.com.tr\/wp-content\/uploads\/2023\/04\/WhatsApp-Image-2023-04-04-at-16.15.23.jpeg\" title=\"\">            <div class=\"box has-hover gallery-box box-overlay dark\">\n              <div class=\"box-image image-cover\" style=\"padding-top:75%;\">\n                <img decoding=\"async\" width=\"1024\" height=\"461\" src=\"https:\/\/crystalyachting.com.tr\/wp-content\/uploads\/2023\/04\/WhatsApp-Image-2023-04-04-at-16.15.23.jpeg\" class=\"attachment-original size-original\" alt=\"\" ids=\"126,129,124,130,121,120,123,125,438,439,440,128\" type=\"masonry\" col_spacing=\"xsmall\" image_height=\"75%\" image_size=\"original\" srcset=\"https:\/\/crystalyachting.com.tr\/wp-content\/uploads\/2023\/04\/WhatsApp-Image-2023-04-04-at-16.15.23.jpeg 1024w, https:\/\/crystalyachting.com.tr\/wp-content\/uploads\/2023\/04\/WhatsApp-Image-2023-04-04-at-16.15.23-300x135.jpeg 300w, https:\/\/crystalyachting.com.tr\/wp-content\/uploads\/2023\/04\/WhatsApp-Image-2023-04-04-at-16.15.23-768x346.jpeg 768w, https:\/\/crystalyachting.com.tr\/wp-content\/uploads\/2023\/04\/WhatsApp-Image-2023-04-04-at-16.15.23-600x270.jpeg 600w\" sizes=\"(max-width: 1024px) 100vw, 1024px\" \/>                                  <div class=\"overlay fill\"\n                      style=\"background-color: rgba(0,0,0,.15)\">\n                  <\/div>\n                                                              <\/div>\n              <div class=\"box-text text-left\" >\n                 <p><\/p>\n              <\/div>\n            <\/div>\n            <\/a>          <\/div>\n         <\/div><div class=\"gallery-col col\" >\n          <div class=\"col-inner\">\n            <a class=\"image-lightbox lightbox-gallery\" href=\"https:\/\/crystalyachting.com.tr\/wp-content\/uploads\/2023\/04\/WhatsApp-Image-2023-04-04-at-16.15.22.jpeg\" title=\"\">            <div class=\"box has-hover gallery-box box-overlay dark\">\n              <div class=\"box-image image-cover\" style=\"padding-top:75%;\">\n                <img decoding=\"async\" width=\"798\" height=\"1024\" src=\"https:\/\/crystalyachting.com.tr\/wp-content\/uploads\/2023\/04\/WhatsApp-Image-2023-04-04-at-16.15.22.jpeg\" class=\"attachment-original size-original\" alt=\"\" ids=\"126,129,124,130,121,120,123,125,438,439,440,128\" type=\"masonry\" col_spacing=\"xsmall\" image_height=\"75%\" image_size=\"original\" srcset=\"https:\/\/crystalyachting.com.tr\/wp-content\/uploads\/2023\/04\/WhatsApp-Image-2023-04-04-at-16.15.22.jpeg 798w, https:\/\/crystalyachting.com.tr\/wp-content\/uploads\/2023\/04\/WhatsApp-Image-2023-04-04-at-16.15.22-234x300.jpeg 234w, https:\/\/crystalyachting.com.tr\/wp-content\/uploads\/2023\/04\/WhatsApp-Image-2023-04-04-at-16.15.22-768x986.jpeg 768w, https:\/\/crystalyachting.com.tr\/wp-content\/uploads\/2023\/04\/WhatsApp-Image-2023-04-04-at-16.15.22-600x770.jpeg 600w\" sizes=\"(max-width: 798px) 100vw, 798px\" \/>                                  <div class=\"overlay fill\"\n                      style=\"background-color: rgba(0,0,0,.15)\">\n                  <\/div>\n                                                              <\/div>\n              <div class=\"box-text text-left\" >\n                 <p><\/p>\n              <\/div>\n            <\/div>\n            <\/a>          <\/div>\n         <\/div><div class=\"gallery-col col\" >\n          <div class=\"col-inner\">\n            <a class=\"image-lightbox lightbox-gallery\" href=\"https:\/\/crystalyachting.com.tr\/wp-content\/uploads\/2023\/02\/WhatsApp-Image-2023-02-23-at-4.32.01-PM-1-768x1024.jpeg\" title=\"\">            <div class=\"box has-hover gallery-box box-overlay dark\">\n              <div class=\"box-image image-cover\" style=\"padding-top:75%;\">\n                <img decoding=\"async\" width=\"1536\" height=\"2048\" src=\"https:\/\/crystalyachting.com.tr\/wp-content\/uploads\/2023\/02\/WhatsApp-Image-2023-02-23-at-4.32.01-PM-1.jpeg\" class=\"attachment-original size-original\" alt=\"\" ids=\"126,129,124,130,121,120,123,125,438,439,440,128\" type=\"masonry\" col_spacing=\"xsmall\" image_height=\"75%\" image_size=\"original\" srcset=\"https:\/\/crystalyachting.com.tr\/wp-content\/uploads\/2023\/02\/WhatsApp-Image-2023-02-23-at-4.32.01-PM-1.jpeg 1536w, https:\/\/crystalyachting.com.tr\/wp-content\/uploads\/2023\/02\/WhatsApp-Image-2023-02-23-at-4.32.01-PM-1-225x300.jpeg 225w, https:\/\/crystalyachting.com.tr\/wp-content\/uploads\/2023\/02\/WhatsApp-Image-2023-02-23-at-4.32.01-PM-1-768x1024.jpeg 768w, https:\/\/crystalyachting.com.tr\/wp-content\/uploads\/2023\/02\/WhatsApp-Image-2023-02-23-at-4.32.01-PM-1-1152x1536.jpeg 1152w, https:\/\/crystalyachting.com.tr\/wp-content\/uploads\/2023\/02\/WhatsApp-Image-2023-02-23-at-4.32.01-PM-1-600x800.jpeg 600w\" sizes=\"(max-width: 1536px) 100vw, 1536px\" \/>                                  <div class=\"overlay fill\"\n                      style=\"background-color: rgba(0,0,0,.15)\">\n                  <\/div>\n                                                              <\/div>\n              <div class=\"box-text text-left\" >\n                 <p><\/p>\n              <\/div>\n            <\/div>\n            <\/a>          <\/div>\n         <\/div><\/div>\n\n<div class=\"row\"  id=\"row-1045340013\">\n\n\n\t<div id=\"col-696210486\" class=\"col medium-6 small-12 large-6\"  >\n\t\t\t\t<div class=\"col-inner\"  >\n\t\t\t\n\t\t\t\n\n<p>\u00a0<\/p>\n<p><strong>Tekne \u0130smi :Crystal 1<\/strong><\/p>\n<p><strong>Boy:<\/strong> 21.55 metre<br \/><strong>En:<\/strong> 5.80 metre<br \/><strong>Kapasite:<\/strong> 30 ki\u015fi<br \/><strong>Yemekli Kapasite:<\/strong> 25 yemek<br \/><strong>Kokteyl:<\/strong> 30 ki\u015fi<\/p>\n<p>3 master kabin<\/p>\n\n\t\t<\/div>\n\t\t\t\t\t<\/div>\n\n\t\n\n<\/div>\n<div class=\"row\"  id=\"row-423699936\">\n\n\n\t<div id=\"col-1486904803\" class=\"col medium-5 small-12 large-5\"  >\n\t\t\t\t<div class=\"col-inner text-center\"  >\n\t\t\t\n\t\t\t\n\n\t<div id=\"text-2322404514\" class=\"text\">\n\t\t\n\n<p><strong>F\u0130YATLAR VE M\u00dcSA\u0130TL\u0130K \u0130\u00c7\u0130N B\u0130Z\u0130MLE \u0130LET\u0130\u015e\u0130ME GE\u00c7\u0130N\u0130Z.<\/strong><\/p>\n\n\t\t\n<style>\n#text-2322404514 {\n  text-align: center;\n}\n<\/style>\n\t<\/div>\n\t\n<a href=\"tel:+90%20533%20727%2006%2086\" target=\"_self\" class=\"button primary is-link\"  >\n  <i class=\"icon-phone\" ><\/i>  <span>+90 533 727 06 86<\/span>\n  <\/a>\n\n\n\n\t\t<\/div>\n\t\t\t\t\t<\/div>\n\n\t\n\n<\/div>\n\n","protected":false},"excerpt":{"rendered":"","protected":false},"author":1,"featured_media":0,"parent":0,"menu_order":0,"comment_status":"closed","ping_status":"closed","template":"","meta":{"footnotes":""},"class_list":["post-80","page","type-page","status-publish","hentry"],"_links":{"self":[{"href":"https:\/\/crystalyachting.com.tr\/index.php\/wp-json\/wp\/v2\/pages\/80","targetHints":{"allow":["GET"]}}],"collection":[{"href":"https:\/\/crystalyachting.com.tr\/index.php\/wp-json\/wp\/v2\/pages"}],"about":[{"href":"https:\/\/crystalyachting.com.tr\/index.php\/wp-json\/wp\/v2\/types\/page"}],"author":[{"embeddable":true,"href":"https:\/\/crystalyachting.com.tr\/index.php\/wp-json\/wp\/v2\/users\/1"}],"replies":[{"embeddable":true,"href":"https:\/\/crystalyachting.com.tr\/index.php\/wp-json\/wp\/v2\/comments?post=80"}],"version-history":[{"count":16,"href":"https:\/\/crystalyachting.com.tr\/index.php\/wp-json\/wp\/v2\/pages\/80\/revisions"}],"predecessor-version":[{"id":1195,"href":"https:\/\/crystalyachting.com.tr\/index.php\/wp-json\/wp\/v2\/pages\/80\/revisions\/1195"}],"wp:attachment":[{"href":"https:\/\/crystalyachting.com.tr\/index.php\/wp-json\/wp\/v2\/media?parent=80"}],"curies":[{"name":"wp","href":"https:\/\/api.w.org\/{rel}","templated":true}]}}