{"id":816,"date":"2023-04-05T18:05:22","date_gmt":"2023-04-05T15:05:22","guid":{"rendered":"https:\/\/crystalyachting.com.tr\/?page_id=816"},"modified":"2023-04-20T12:44:51","modified_gmt":"2023-04-20T09:44:51","slug":"hangi-egitime-katilmaliyim","status":"publish","type":"page","link":"https:\/\/crystalyachting.com.tr\/index.php\/hangi-egitime-katilmaliyim\/","title":{"rendered":"Hangi E\u011fitime Kat\u0131lmal\u0131y\u0131m"},"content":{"rendered":"\n<div class=\"row\"  id=\"row-84548278\">\n\n\n\t<div id=\"col-1703561902\" class=\"col small-12 large-12\"  >\n\t\t\t\t<div class=\"col-inner\"  >\n\t\t\t\n\t\t\t\n\n\t<div id=\"text-4012114421\" class=\"text hide-for-medium\">\n\t\t\n\n\n<table id=\"tablepress-1egitim\" class=\"tablepress tablepress-id-1egitim\">\n<thead>\n<tr class=\"row-1 odd\">\n\t<th class=\"column-1\"><strong>SEV\u0130YE<\/strong><\/th><th class=\"column-2\">TEMEL E\u011e\u0130T\u0130M(YY1)<\/th><th class=\"column-3\">GEL\u0130\u015e\u0130M E\u011e\u0130T\u0130M\u0130(YY2)<\/th><th class=\"column-4\">\u0130LER\u0130 SEV\u0130YE E\u011e\u0130T\u0130M(YY3)<\/th>\n<\/tr>\n<\/thead>\n<tbody class=\"row-hover\">\n<tr class=\"row-2 even\">\n\t<td class=\"column-1\"><strong>K\u0130MLER KATILIR<\/strong><\/td><td class=\"column-2\">Herhangi bir \u00f6n \u015fart bulunmamaktad\u0131r.<br \/>\nYelkenli yat\u00e7\u0131l\u0131\u011fa ba\u015flayacak olan veya\u00e7ok k\u0131s\u0131tl\u0131 bilgi sahibi olanm\u00fcstakbel denizciler<\/td><td class=\"column-3\">Yelklenli Yat\u00e7\u0131l\u0131k Temel e\u011fitimini tamamlam\u0131\u015f olan, ilk yard\u0131m e\u011fitimini tamamlam\u0131\u015f ve Amat\u00f6r Denizci Belgesi sahibi m\u00fcstakbel kaptanlar<\/td><td class=\"column-4\">Gezi Yat\u00e7\u0131l\u0131\u011f\u0131 E\u011fitimi kat\u0131l\u0131m ko\u015fullar\u0131na sahip olup yelkenli yat\u00e7\u0131l\u0131k seviyesini ileri d\u00fczeye ta\u015f\u0131mak isteyen kaptanlar.<\/td>\n<\/tr>\n<tr class=\"row-3 odd\">\n\t<td class=\"column-1\"><strong>\u0130\u00c7ER\u0130K \u00d6ZET\u0130<\/strong><\/td><td class=\"column-2\">Denizcilik terimleri,yelkenli yat\u0131m\u0131z\u0131 tan\u0131yal\u0131m<br \/>\nDenizcilik k\u00fclt\u00fcr\u00fc<br \/>\nDenizde g\u00fcvenlik,meteoroloji ve navigasyon<br \/>\nSeyre haz\u0131rl\u0131k,uygulamal\u0131 motor seyri beceri geli\u015fimi<br \/>\nBa\u011flar ve halatlar<\/td><td class=\"column-3\">Motor t\u00fcrleri,demirleme,yasalar,bak\u0131m\/onar\u0131m<br \/>\nTeknede g\u00fcvenlik ve ileti\u015fim<br \/>\nMeteoroloji,seyir ve k\u0131lavuz seyri<br \/>\nD\u00fcmen tutma,Demir atma,temel manevralar<br \/>\nYelkenli rota seyirleri,trimler,denize adam d\u00fc\u015fmesi<br \/>\nAcil durum seyirleri , gece seyirleri<br \/>\n<\/td><td class=\"column-4\">\u0130leri seyir-navigasyon<br \/>\nYelken yar\u0131\u015f\u00e7\u0131l\u0131\u011f\u0131,gelgit ve ak\u0131nt\u0131lar<br \/>\n\u0130leri motor ve yelken seyri becerileri<\/td>\n<\/tr>\n<tr class=\"row-4 even\">\n\t<td class=\"column-1\"><strong>KAZANILACAK BECER\u0130 VE YETK\u0130NL\u0130KLER<\/strong><\/td><td class=\"column-2\">Denizcilikle ilgili temel kavram,k\u00fclt\u00fcr ve terimleri,yelkenli yat\u0131n i\u015flevselli\u011fi ve yelkenle seyir prensiplerini ve denizde ya\u015fama grafi\u011fini kavram\u0131\u015f temel ar\u0131za ve bak\u0131m bilgilerine sahip olarak bir e\u011fitmen g\u00f6zetiminde yelkenli yat kullan\u0131m\u0131na becerilerine sahip bir denizci olacaks\u0131n\u0131z.<\/td><td class=\"column-3\">Temel bilgilere ilave olarak,denizcilik yasalar\u0131n\u0131 bilen,g\u00fcvenle temel ar\u0131za ve bak\u0131mlar\u0131 yapabilen,demirleme ve demir atma pratiklerine sahip ,seyir,denizde \u00e7at\u0131\u015fma ve hava okuma konular\u0131nda donan\u0131ml\u0131 olarak,yelkenli yat\u0131 belirli parkurlarda desteksiz kullanabilecek m\u00fcstakbel a\u00e7\u0131k deniz kaptan\u0131 olacaks\u0131n\u0131z.<\/td><td class=\"column-4\">Gezi yat\u00e7\u0131l\u0131\u011f\u0131 bilgilerini ileri seviyede yetkin ve refleks haline getirmi\u015f ve yelkenli yat yar\u0131\u015f\u00e7\u0131l\u0131\u011f\u0131 seviyesinde bilgili ve donan\u0131ml\u0131 bir kaptan olacaks\u0131n\u0131z.<\/td>\n<\/tr>\n<tr class=\"row-5 odd\">\n\t<td class=\"column-1\"><strong>S\u00dcRE<\/strong><\/td><td class=\"column-2\">6 saat*6 g\u00fcn= 36 ders saati<\/td><td class=\"column-3\">6 saat*6 g\u00fcn= 36 ders saati<\/td><td class=\"column-4\">6 saat*6 g\u00fcn= 36 ders saati<\/td>\n<\/tr>\n<tr class=\"row-6 even\">\n\t<td class=\"column-1\"><\/td><td class=\"column-2\"><img decoding=\"async\" src=\"https:\/\/crystalyachting.com.tr\/wp-content\/uploads\/2023\/04\/Adsiz-tasarim-2023-04-06T154911.160-300x200.png\" alt=\"\" width=\"300\" height=\"200\" class=\"alignnone size-medium wp-image-849\" srcset=\"https:\/\/crystalyachting.com.tr\/wp-content\/uploads\/2023\/04\/Adsiz-tasarim-2023-04-06T154911.160-300x200.png 300w, https:\/\/crystalyachting.com.tr\/wp-content\/uploads\/2023\/04\/Adsiz-tasarim-2023-04-06T154911.160.png 450w\" sizes=\"(max-width: 300px) 100vw, 300px\" \/><\/td><td class=\"column-3\"><img decoding=\"async\" src=\"https:\/\/crystalyachting.com.tr\/wp-content\/uploads\/2023\/04\/Adsiz-tasarim-2023-04-06T155034.947-300x200.png\" alt=\"\" width=\"300\" height=\"200\" class=\"alignnone size-medium wp-image-850\" srcset=\"https:\/\/crystalyachting.com.tr\/wp-content\/uploads\/2023\/04\/Adsiz-tasarim-2023-04-06T155034.947-300x200.png 300w, https:\/\/crystalyachting.com.tr\/wp-content\/uploads\/2023\/04\/Adsiz-tasarim-2023-04-06T155034.947.png 450w\" sizes=\"(max-width: 300px) 100vw, 300px\" \/><\/td><td class=\"column-4\"><img decoding=\"async\" src=\"https:\/\/crystalyachting.com.tr\/wp-content\/uploads\/2023\/04\/Adsiz-tasarim-2023-04-06T155133.855-300x200.png\" alt=\"\" width=\"300\" height=\"200\" class=\"alignnone size-medium wp-image-851\" srcset=\"https:\/\/crystalyachting.com.tr\/wp-content\/uploads\/2023\/04\/Adsiz-tasarim-2023-04-06T155133.855-300x200.png 300w, https:\/\/crystalyachting.com.tr\/wp-content\/uploads\/2023\/04\/Adsiz-tasarim-2023-04-06T155133.855.png 450w\" sizes=\"(max-width: 300px) 100vw, 300px\" \/><\/td>\n<\/tr>\n<\/tbody>\n<\/table>\n<!-- #tablepress-1egitim from cache -->\n\t\t\t<\/div>\n\t\n\t<div id=\"gap-470880004\" class=\"gap-element clearfix\" style=\"display:block; height:auto;\">\n\t\t\n<style>\n#gap-470880004 {\n  padding-top: 12px;\n}\n<\/style>\n\t<\/div>\n\t\n\n\t<div class=\"img has-hover show-for-small x md-x lg-x y md-y lg-y\" id=\"image_409658113\">\n\t\t\t\t\t\t\t\t<div class=\"img-inner dark\" >\n\t\t\t<img decoding=\"async\" width=\"845\" height=\"593\" src=\"https:\/\/crystalyachting.com.tr\/wp-content\/uploads\/2023\/04\/hangiegitim1-1.png\" class=\"attachment-original size-original\" alt=\"\" srcset=\"https:\/\/crystalyachting.com.tr\/wp-content\/uploads\/2023\/04\/hangiegitim1-1.png 845w, https:\/\/crystalyachting.com.tr\/wp-content\/uploads\/2023\/04\/hangiegitim1-1-300x211.png 300w, https:\/\/crystalyachting.com.tr\/wp-content\/uploads\/2023\/04\/hangiegitim1-1-768x539.png 768w, https:\/\/crystalyachting.com.tr\/wp-content\/uploads\/2023\/04\/hangiegitim1-1-600x421.png 600w\" sizes=\"(max-width: 845px) 100vw, 845px\" \/>\t\t\t\t\t\t\n\t\t\t\t\t<\/div>\n\t\t\t\t\t\t\t\t\n<style>\n#image_409658113 {\n  width: 100%;\n}\n<\/style>\n\t<\/div>\n\t\n\n\n\t\t<\/div>\n\t\t\t\t\t<\/div>\n\n\t\n\n<\/div>\n\t<div id=\"gap-796272387\" class=\"gap-element clearfix\" style=\"display:block; height:auto;\">\n\t\t\n<style>\n#gap-796272387 {\n  padding-top: 10px;\n}\n<\/style>\n\t<\/div>\n\t\n\n<div class=\"row\"  id=\"row-725639482\">\n\n\n\t<div id=\"col-2007827347\" class=\"col medium-4 small-12 large-4\"  >\n\t\t\t\t<div class=\"col-inner\"  >\n\t\t\t\n\t\t\t\n\n\n\t\t<\/div>\n\t\t\t\t\t<\/div>\n\n\t\n\n\t<div id=\"col-893190700\" class=\"col medium-5 small-12 large-5\"  >\n\t\t\t\t<div class=\"col-inner\"  >\n\t\t\t\n\t\t\t\n\n<a href=\"https:\/\/crystalyachting.com.tr\/index.php\/egitim-rezervasyon\/\" target=\"_self\" class=\"button primary is-large\"  style=\"border-radius:99px;\">\n    <span>E\u011e\u0130T\u0130M TAKV\u0130M\u0130 VE REZERVASYON<\/span>\n  <\/a>\n\n\n\n\t\t<\/div>\n\t\t\t\t\t<\/div>\n\n\t\n\n\t<div id=\"col-1832009068\" class=\"col medium-3 small-12 large-3\"  >\n\t\t\t\t<div class=\"col-inner\"  >\n\t\t\t\n\t\t\t\n\n\n\t\t<\/div>\n\t\t\t\t\t<\/div>\n\n\t\n\n<\/div>\n\n","protected":false},"excerpt":{"rendered":"","protected":false},"author":1,"featured_media":0,"parent":0,"menu_order":0,"comment_status":"closed","ping_status":"closed","template":"","meta":{"footnotes":""},"class_list":["post-816","page","type-page","status-publish","hentry"],"_links":{"self":[{"href":"https:\/\/crystalyachting.com.tr\/index.php\/wp-json\/wp\/v2\/pages\/816","targetHints":{"allow":["GET"]}}],"collection":[{"href":"https:\/\/crystalyachting.com.tr\/index.php\/wp-json\/wp\/v2\/pages"}],"about":[{"href":"https:\/\/crystalyachting.com.tr\/index.php\/wp-json\/wp\/v2\/types\/page"}],"author":[{"embeddable":true,"href":"https:\/\/crystalyachting.com.tr\/index.php\/wp-json\/wp\/v2\/users\/1"}],"replies":[{"embeddable":true,"href":"https:\/\/crystalyachting.com.tr\/index.php\/wp-json\/wp\/v2\/comments?post=816"}],"version-history":[{"count":23,"href":"https:\/\/crystalyachting.com.tr\/index.php\/wp-json\/wp\/v2\/pages\/816\/revisions"}],"predecessor-version":[{"id":1159,"href":"https:\/\/crystalyachting.com.tr\/index.php\/wp-json\/wp\/v2\/pages\/816\/revisions\/1159"}],"wp:attachment":[{"href":"https:\/\/crystalyachting.com.tr\/index.php\/wp-json\/wp\/v2\/media?parent=816"}],"curies":[{"name":"wp","href":"https:\/\/api.w.org\/{rel}","templated":true}]}}