{"id":938,"date":"2023-04-12T08:48:26","date_gmt":"2023-04-12T05:48:26","guid":{"rendered":"https:\/\/crystalyachting.com.tr\/?page_id=938"},"modified":"2023-04-12T09:42:04","modified_gmt":"2023-04-12T06:42:04","slug":"haftalik-turlar","status":"publish","type":"page","link":"https:\/\/crystalyachting.com.tr\/index.php\/haftalik-turlar\/","title":{"rendered":"Haftal\u0131k Turlar"},"content":{"rendered":"\n<div class=\"row\"  id=\"row-44414399\">\n\n\n\t<div id=\"col-395936971\" class=\"col small-12 large-12\"  >\n\t\t\t\t<div class=\"col-inner\"  >\n\t\t\t\n\t\t\t\n\n\t<div id=\"gap-2053879432\" class=\"gap-element clearfix\" style=\"display:block; height:auto;\">\n\t\t\n<style>\n#gap-2053879432 {\n  padding-top: 7px;\n}\n<\/style>\n\t<\/div>\n\t\n\n<p><img decoding=\"async\" class=\"wp-image-973 alignleft\" src=\"https:\/\/crystalyachting.com.tr\/wp-content\/uploads\/2023\/04\/Adsiz-tasarim-2023-04-12T093316.655-1024x1024.png\" alt=\"\" width=\"453\" height=\"453\" srcset=\"https:\/\/crystalyachting.com.tr\/wp-content\/uploads\/2023\/04\/Adsiz-tasarim-2023-04-12T093316.655-1024x1024.png 1024w, https:\/\/crystalyachting.com.tr\/wp-content\/uploads\/2023\/04\/Adsiz-tasarim-2023-04-12T093316.655-300x300.png 300w, https:\/\/crystalyachting.com.tr\/wp-content\/uploads\/2023\/04\/Adsiz-tasarim-2023-04-12T093316.655-150x150.png 150w, https:\/\/crystalyachting.com.tr\/wp-content\/uploads\/2023\/04\/Adsiz-tasarim-2023-04-12T093316.655-768x768.png 768w, https:\/\/crystalyachting.com.tr\/wp-content\/uploads\/2023\/04\/Adsiz-tasarim-2023-04-12T093316.655-600x600.png 600w, https:\/\/crystalyachting.com.tr\/wp-content\/uploads\/2023\/04\/Adsiz-tasarim-2023-04-12T093316.655-100x100.png 100w, https:\/\/crystalyachting.com.tr\/wp-content\/uploads\/2023\/04\/Adsiz-tasarim-2023-04-12T093316.655.png 1080w\" sizes=\"(max-width: 453px) 100vw, 453px\" \/>HAFTALIK TURLAR<\/p>\n<p>Misafirlerine Ege ve Akdeniz sahillerinde y\u0131llard\u0131r keyifle sunulan teknede konaklamal\u0131 charter tatil konsepti \u015fimdi Kristal Yat\u00e7\u0131l\u0131k ile Marmara\u2019da!.<\/p>\n<p>6 g\u00fcn 6 gece \u0130stanbul ve Marmara Denizi sahilleri, k\u0131y\u0131 \u015fehirleri\/kasabalar\u0131nda muhte\u015fem bir deniz, gezi ve k\u00fclt\u00fcr tatili..<\/p>\n<p>\u00a0<\/p>\n<p>Bu yeni konseptimizde tatilinizi size \u00f6zel, beklentilerinizi dolduracak nitelik ve i\u00e7erikte planlayabilmemiz i\u00e7in bizimle ileti\u015fime ge\u00e7in, en k\u0131sa s\u00fcrede sizi arayal\u0131m..<\/p>\n<div class=\"row\"  id=\"row-191584065\">\n\n\n\t<div id=\"col-1280102580\" class=\"col medium-6 small-12 large-6\"  >\n\t\t\t\t<div class=\"col-inner\"  >\n\t\t\t\n\t\t\t\n\n\n\t\t<\/div>\n\t\t\t\t\t<\/div>\n\n\t\n\n\t<div id=\"col-799128962\" class=\"col medium-6 small-12 large-6\"  >\n\t\t\t\t<div class=\"col-inner\"  >\n\t\t\t\n\t\t\t\n\n<a href=\"https:\/\/crystalyachting.com.tr\/index.php\/tekneler\/\" target=\"_self\" class=\"button primary\"  >\n    <span>TEKNELER<\/span>\n  <\/a>\n\n\n<a href=\"https:\/\/crystalyachting.com.tr\/index.php\/iletisim\/\" target=\"_self\" class=\"button primary\"  >\n    <span>\u0130LET\u0130\u015e\u0130M FORMU<\/span>\n  <\/a>\n\n\n\n\t\t<\/div>\n\t\t\t\t\t<\/div>\n\n\t\n\n<\/div>\n<\/li>\n<\/ol>\n<div class=\"row\"  id=\"row-1408835626\">\n\n\n<\/div>\n\n\t\t<\/div>\n\t\t\t\t\t<\/div>\n\n\t\n\n<\/div>\n\n","protected":false},"excerpt":{"rendered":"","protected":false},"author":1,"featured_media":0,"parent":0,"menu_order":0,"comment_status":"closed","ping_status":"closed","template":"","meta":{"footnotes":""},"class_list":["post-938","page","type-page","status-publish","hentry"],"_links":{"self":[{"href":"https:\/\/crystalyachting.com.tr\/index.php\/wp-json\/wp\/v2\/pages\/938","targetHints":{"allow":["GET"]}}],"collection":[{"href":"https:\/\/crystalyachting.com.tr\/index.php\/wp-json\/wp\/v2\/pages"}],"about":[{"href":"https:\/\/crystalyachting.com.tr\/index.php\/wp-json\/wp\/v2\/types\/page"}],"author":[{"embeddable":true,"href":"https:\/\/crystalyachting.com.tr\/index.php\/wp-json\/wp\/v2\/users\/1"}],"replies":[{"embeddable":true,"href":"https:\/\/crystalyachting.com.tr\/index.php\/wp-json\/wp\/v2\/comments?post=938"}],"version-history":[{"count":9,"href":"https:\/\/crystalyachting.com.tr\/index.php\/wp-json\/wp\/v2\/pages\/938\/revisions"}],"predecessor-version":[{"id":979,"href":"https:\/\/crystalyachting.com.tr\/index.php\/wp-json\/wp\/v2\/pages\/938\/revisions\/979"}],"wp:attachment":[{"href":"https:\/\/crystalyachting.com.tr\/index.php\/wp-json\/wp\/v2\/media?parent=938"}],"curies":[{"name":"wp","href":"https:\/\/api.w.org\/{rel}","templated":true}]}}